{"id":924,"date":"2020-01-04T00:25:55","date_gmt":"2020-01-03T23:25:55","guid":{"rendered":"http:\/\/monarcshop.fr\/?post_type=product&#038;p=924"},"modified":"2021-04-10T12:05:00","modified_gmt":"2021-04-10T11:05:00","slug":"sweatshirt-5","status":"publish","type":"product","link":"https:\/\/monarcshop.fr\/en\/boutique\/sweatshirt\/sweatshirt-5\/","title":{"rendered":"Sweatshirt BeeBears Power"},"content":{"rendered":"<p>For the love of bee & bears<\/p>\n<p>\u00a0<\/p>\n<p>80% peign\u00e9 \/ 20% polyester. PST : Perfect Sweat Technologie. Excellente stabilit\u00e9 au lavage gr\u00e2ce \u00e0 l\u2019utilisation d\u2019un fil <span title=\"\" data-toggle=\"tooltip\" data-placement=\"right\" data-original-title=\"Fibres chimiques synth\u00e9tiques. Les fibres de polyester pr\u00e9sentent une haute r\u00e9sistance et sont \u00e9galement r\u00e9sistantes au r\u00e9tr\u00e9cissement et \u00e0 l'allongement. Les tissus s\u00e8chent rapidement et pr\u00e9sentent une tendance \u00e0 l'autod\u00e9froissabilit\u00e9 et \u00e0 la r\u00e9tention du pli. Le polyester est utilis\u00e9 seul ou dans les m\u00e9langes.\">polyester <\/span>entre les 2 faces du molleton. Face externe 100% <span title=\"\" data-toggle=\"tooltip\" data-placement=\"right\" data-original-title=\"Fibres r\u00e9colt\u00e9es au sein des gousses de cotonnier. Elles mesurent entre 5 et 10 cm de long et peuvent \u00eatre fil\u00e9es en fils, lesquels sont ensuite tiss\u00e9s dans des tissus en coton.\">coton<\/span> peign\u00e9 pour une meilleure tenue. Manches droites. Bord c\u00f4te avec \u00e9lasthanne. R\u00e9sistant et une tr\u00e8s bonne tenue dans le temps.<\/p>","protected":false},"excerpt":{"rendered":"<p>For the love of bee &#038; bears \u00a0 80% peign\u00e9 \/ 20% polyester. PST : Perfect Sweat Technologie. Excellente stabilit\u00e9 au lavage gr\u00e2ce \u00e0 l\u2019utilisation d\u2019un fil polyester entre les&hellip;<\/p>","protected":false},"featured_media":927,"comment_status":"open","ping_status":"closed","template":"","meta":[],"product_brand":[],"product_cat":[79],"product_tag":[],"class_list":{"0":"post-924","1":"product","2":"type-product","3":"status-publish","4":"has-post-thumbnail","6":"product_cat-sweatshirt","7":"product_shipping_class-_sweatshirt","8":"pa_couleur-t-shirt-gris","9":"pa_couleur-t-shirt-noir","11":"first","12":"instock","13":"purchasable","14":"product-type-variable"},"yoast_head":"<!-- This site is optimized with the Yoast SEO plugin v27.5 - https:\/\/yoast.com\/product\/yoast-seo-wordpress\/ -->\n<title>Sweatshirt BeeBears Power - Monarc\u00ae<\/title>\n<meta name=\"robots\" content=\"index, follow, max-snippet:-1, max-image-preview:large, max-video-preview:-1\" \/>\n<link rel=\"canonical\" href=\"https:\/\/monarcshop.fr\/en\/boutique\/sweatshirt\/sweatshirt-5\/\" \/>\n<meta property=\"og:locale\" content=\"en_GB\" \/>\n<meta property=\"og:type\" content=\"article\" \/>\n<meta property=\"og:title\" content=\"Sweatshirt BeeBears Power - Monarc\u00ae\" \/>\n<meta property=\"og:description\" content=\"For the love of bee &amp; bears \u00a0 80% peign\u00e9 \/ 20% polyester. PST : Perfect Sweat Technologie. Excellente stabilit\u00e9 au lavage gr\u00e2ce \u00e0 l\u2019utilisation d\u2019un fil polyester entre les&hellip;\" \/>\n<meta property=\"og:url\" content=\"https:\/\/monarcshop.fr\/en\/boutique\/sweatshirt\/sweatshirt-5\/\" \/>\n<meta property=\"og:site_name\" content=\"Monarc\u00ae\" \/>\n<meta property=\"article:modified_time\" content=\"2021-04-10T11:05:00+00:00\" \/>\n<meta property=\"og:image\" content=\"https:\/\/monarcshop.fr\/wp-content\/uploads\/2020\/01\/DevantT02.png\" \/>\n\t<meta property=\"og:image:width\" content=\"1200\" \/>\n\t<meta property=\"og:image:height\" content=\"1200\" \/>\n\t<meta property=\"og:image:type\" content=\"image\/png\" \/>\n<meta name=\"twitter:label1\" content=\"Estimated reading time\" \/>\n\t<meta name=\"twitter:data1\" content=\"1 minute\" \/>\n<script type=\"application\/ld+json\" class=\"yoast-schema-graph\">{\"@context\":\"https:\\\/\\\/schema.org\",\"@graph\":[{\"@type\":\"WebPage\",\"@id\":\"https:\\\/\\\/monarcshop.fr\\\/boutique\\\/sweatshirt\\\/sweatshirt-5\\\/\",\"url\":\"https:\\\/\\\/monarcshop.fr\\\/boutique\\\/sweatshirt\\\/sweatshirt-5\\\/\",\"name\":\"Sweatshirt BeeBears Power - Monarc\u00ae\",\"isPartOf\":{\"@id\":\"https:\\\/\\\/monarcshop.fr\\\/#website\"},\"primaryImageOfPage\":{\"@id\":\"https:\\\/\\\/monarcshop.fr\\\/boutique\\\/sweatshirt\\\/sweatshirt-5\\\/#primaryimage\"},\"image\":{\"@id\":\"https:\\\/\\\/monarcshop.fr\\\/boutique\\\/sweatshirt\\\/sweatshirt-5\\\/#primaryimage\"},\"thumbnailUrl\":\"https:\\\/\\\/monarcshop.fr\\\/wp-content\\\/uploads\\\/2020\\\/01\\\/DevantT02.png\",\"datePublished\":\"2020-01-03T23:25:55+00:00\",\"dateModified\":\"2021-04-10T11:05:00+00:00\",\"breadcrumb\":{\"@id\":\"https:\\\/\\\/monarcshop.fr\\\/boutique\\\/sweatshirt\\\/sweatshirt-5\\\/#breadcrumb\"},\"inLanguage\":\"en-GB\",\"potentialAction\":[{\"@type\":\"ReadAction\",\"target\":[\"https:\\\/\\\/monarcshop.fr\\\/boutique\\\/sweatshirt\\\/sweatshirt-5\\\/\"]}]},{\"@type\":\"ImageObject\",\"inLanguage\":\"en-GB\",\"@id\":\"https:\\\/\\\/monarcshop.fr\\\/boutique\\\/sweatshirt\\\/sweatshirt-5\\\/#primaryimage\",\"url\":\"https:\\\/\\\/monarcshop.fr\\\/wp-content\\\/uploads\\\/2020\\\/01\\\/DevantT02.png\",\"contentUrl\":\"https:\\\/\\\/monarcshop.fr\\\/wp-content\\\/uploads\\\/2020\\\/01\\\/DevantT02.png\",\"width\":1200,\"height\":1200},{\"@type\":\"BreadcrumbList\",\"@id\":\"https:\\\/\\\/monarcshop.fr\\\/boutique\\\/sweatshirt\\\/sweatshirt-5\\\/#breadcrumb\",\"itemListElement\":[{\"@type\":\"ListItem\",\"position\":1,\"name\":\"Accueil\",\"item\":\"https:\\\/\\\/monarcshop.fr\\\/\"},{\"@type\":\"ListItem\",\"position\":2,\"name\":\"Boutique\",\"item\":\"https:\\\/\\\/monarcshop.fr\\\/boutique\\\/\"},{\"@type\":\"ListItem\",\"position\":3,\"name\":\"Sweatshirt BeeBears Power\"}]},{\"@type\":\"WebSite\",\"@id\":\"https:\\\/\\\/monarcshop.fr\\\/#website\",\"url\":\"https:\\\/\\\/monarcshop.fr\\\/\",\"name\":\"Monarc\u00ae\",\"description\":\"Feel the power\",\"publisher\":{\"@id\":\"https:\\\/\\\/monarcshop.fr\\\/#organization\"},\"potentialAction\":[{\"@type\":\"SearchAction\",\"target\":{\"@type\":\"EntryPoint\",\"urlTemplate\":\"https:\\\/\\\/monarcshop.fr\\\/?s={search_term_string}\"},\"query-input\":{\"@type\":\"PropertyValueSpecification\",\"valueRequired\":true,\"valueName\":\"search_term_string\"}}],\"inLanguage\":\"en-GB\"},{\"@type\":\"Organization\",\"@id\":\"https:\\\/\\\/monarcshop.fr\\\/#organization\",\"name\":\"Monarc\",\"url\":\"https:\\\/\\\/monarcshop.fr\\\/\",\"logo\":{\"@type\":\"ImageObject\",\"inLanguage\":\"en-GB\",\"@id\":\"https:\\\/\\\/monarcshop.fr\\\/#\\\/schema\\\/logo\\\/image\\\/\",\"url\":\"https:\\\/\\\/monarcshop.fr\\\/wp-content\\\/uploads\\\/2020\\\/02\\\/cropped-LogoR.png\",\"contentUrl\":\"https:\\\/\\\/monarcshop.fr\\\/wp-content\\\/uploads\\\/2020\\\/02\\\/cropped-LogoR.png\",\"width\":512,\"height\":512,\"caption\":\"Monarc\"},\"image\":{\"@id\":\"https:\\\/\\\/monarcshop.fr\\\/#\\\/schema\\\/logo\\\/image\\\/\"},\"sameAs\":[\"https:\\\/\\\/www.instagram.com\\\/monarc_shop\\\/?hl=fr\",\"https:\\\/\\\/www.youtube.com\\\/watch?v=bh_8GNdUosU&amp;amp;amp;feature=emb_title&amp;amp;amp;ab_channel=MrGoodLife\"]}]}<\/script>\n<!-- \/ Yoast SEO plugin. -->","yoast_head_json":{"title":"Sweatshirt BeeBears Power - Monarc\u00ae","robots":{"index":"index","follow":"follow","max-snippet":"max-snippet:-1","max-image-preview":"max-image-preview:large","max-video-preview":"max-video-preview:-1"},"canonical":"https:\/\/monarcshop.fr\/en\/boutique\/sweatshirt\/sweatshirt-5\/","og_locale":"en_GB","og_type":"article","og_title":"Sweatshirt BeeBears Power - Monarc\u00ae","og_description":"For the love of bee & bears \u00a0 80% peign\u00e9 \/ 20% polyester. PST : Perfect Sweat Technologie. Excellente stabilit\u00e9 au lavage gr\u00e2ce \u00e0 l\u2019utilisation d\u2019un fil polyester entre les&hellip;","og_url":"https:\/\/monarcshop.fr\/en\/boutique\/sweatshirt\/sweatshirt-5\/","og_site_name":"Monarc\u00ae","article_modified_time":"2021-04-10T11:05:00+00:00","og_image":[{"width":1200,"height":1200,"url":"https:\/\/monarcshop.fr\/wp-content\/uploads\/2020\/01\/DevantT02.png","type":"image\/png"}],"twitter_misc":{"Estimated reading time":"1 minute"},"schema":{"@context":"https:\/\/schema.org","@graph":[{"@type":"WebPage","@id":"https:\/\/monarcshop.fr\/boutique\/sweatshirt\/sweatshirt-5\/","url":"https:\/\/monarcshop.fr\/boutique\/sweatshirt\/sweatshirt-5\/","name":"Sweatshirt BeeBears Power - Monarc\u00ae","isPartOf":{"@id":"https:\/\/monarcshop.fr\/#website"},"primaryImageOfPage":{"@id":"https:\/\/monarcshop.fr\/boutique\/sweatshirt\/sweatshirt-5\/#primaryimage"},"image":{"@id":"https:\/\/monarcshop.fr\/boutique\/sweatshirt\/sweatshirt-5\/#primaryimage"},"thumbnailUrl":"https:\/\/monarcshop.fr\/wp-content\/uploads\/2020\/01\/DevantT02.png","datePublished":"2020-01-03T23:25:55+00:00","dateModified":"2021-04-10T11:05:00+00:00","breadcrumb":{"@id":"https:\/\/monarcshop.fr\/boutique\/sweatshirt\/sweatshirt-5\/#breadcrumb"},"inLanguage":"en-GB","potentialAction":[{"@type":"ReadAction","target":["https:\/\/monarcshop.fr\/boutique\/sweatshirt\/sweatshirt-5\/"]}]},{"@type":"ImageObject","inLanguage":"en-GB","@id":"https:\/\/monarcshop.fr\/boutique\/sweatshirt\/sweatshirt-5\/#primaryimage","url":"https:\/\/monarcshop.fr\/wp-content\/uploads\/2020\/01\/DevantT02.png","contentUrl":"https:\/\/monarcshop.fr\/wp-content\/uploads\/2020\/01\/DevantT02.png","width":1200,"height":1200},{"@type":"BreadcrumbList","@id":"https:\/\/monarcshop.fr\/boutique\/sweatshirt\/sweatshirt-5\/#breadcrumb","itemListElement":[{"@type":"ListItem","position":1,"name":"Accueil","item":"https:\/\/monarcshop.fr\/"},{"@type":"ListItem","position":2,"name":"Boutique","item":"https:\/\/monarcshop.fr\/boutique\/"},{"@type":"ListItem","position":3,"name":"Sweatshirt BeeBears Power"}]},{"@type":"WebSite","@id":"https:\/\/monarcshop.fr\/#website","url":"https:\/\/monarcshop.fr\/","name":"Monarc\u00ae","description":"Feel the power","publisher":{"@id":"https:\/\/monarcshop.fr\/#organization"},"potentialAction":[{"@type":"SearchAction","target":{"@type":"EntryPoint","urlTemplate":"https:\/\/monarcshop.fr\/?s={search_term_string}"},"query-input":{"@type":"PropertyValueSpecification","valueRequired":true,"valueName":"search_term_string"}}],"inLanguage":"en-GB"},{"@type":"Organization","@id":"https:\/\/monarcshop.fr\/#organization","name":"Monarc","url":"https:\/\/monarcshop.fr\/","logo":{"@type":"ImageObject","inLanguage":"en-GB","@id":"https:\/\/monarcshop.fr\/#\/schema\/logo\/image\/","url":"https:\/\/monarcshop.fr\/wp-content\/uploads\/2020\/02\/cropped-LogoR.png","contentUrl":"https:\/\/monarcshop.fr\/wp-content\/uploads\/2020\/02\/cropped-LogoR.png","width":512,"height":512,"caption":"Monarc"},"image":{"@id":"https:\/\/monarcshop.fr\/#\/schema\/logo\/image\/"},"sameAs":["https:\/\/www.instagram.com\/monarc_shop\/?hl=fr","https:\/\/www.youtube.com\/watch?v=bh_8GNdUosU&amp;amp;amp;feature=emb_title&amp;amp;amp;ab_channel=MrGoodLife"]}]}},"_links":{"self":[{"href":"https:\/\/monarcshop.fr\/en\/wp-json\/wp\/v2\/product\/924","targetHints":{"allow":["GET"]}}],"collection":[{"href":"https:\/\/monarcshop.fr\/en\/wp-json\/wp\/v2\/product"}],"about":[{"href":"https:\/\/monarcshop.fr\/en\/wp-json\/wp\/v2\/types\/product"}],"replies":[{"embeddable":true,"href":"https:\/\/monarcshop.fr\/en\/wp-json\/wp\/v2\/comments?post=924"}],"wp:featuredmedia":[{"embeddable":true,"href":"https:\/\/monarcshop.fr\/en\/wp-json\/wp\/v2\/media\/927"}],"wp:attachment":[{"href":"https:\/\/monarcshop.fr\/en\/wp-json\/wp\/v2\/media?parent=924"}],"wp:term":[{"taxonomy":"product_brand","embeddable":true,"href":"https:\/\/monarcshop.fr\/en\/wp-json\/wp\/v2\/product_brand?post=924"},{"taxonomy":"product_cat","embeddable":true,"href":"https:\/\/monarcshop.fr\/en\/wp-json\/wp\/v2\/product_cat?post=924"},{"taxonomy":"product_tag","embeddable":true,"href":"https:\/\/monarcshop.fr\/en\/wp-json\/wp\/v2\/product_tag?post=924"}],"curies":[{"name":"wp","href":"https:\/\/api.w.org\/{rel}","templated":true}]}}