{"id":7343,"date":"2021-08-08T18:53:21","date_gmt":"2021-08-08T17:53:21","guid":{"rendered":"https:\/\/monarcshop.fr\/?post_type=product&#038;p=7343"},"modified":"2023-01-12T20:00:26","modified_gmt":"2023-01-12T19:00:26","slug":"afos-main","status":"publish","type":"product","link":"https:\/\/monarcshop.fr\/en\/boutique\/t-shirt\/afos-main\/","title":{"rendered":"Medusa \u00ab\u00a0Reine Berbere\u00a0\u00bb"},"content":{"rendered":"<div class=\"kvgmc6g5 cxmmr5t8 oygrvhab hcukyx3x c1et5uql ii04i59q\">\n<div dir=\"auto\">M\u00e9dusa la reine berb\u00e8re, au-del\u00e0 du mythe 4 :<\/div>\n<\/div>\n<div class=\"o9v6fnle cxmmr5t8 oygrvhab hcukyx3x c1et5uql ii04i59q\">\n<div dir=\"auto\">\u00ab Ce qui a donn\u00e9 lieu de croire, ajoute-t-il, que Pers\u00e9e avait \u00e9t\u00e9 aid\u00e9 par Ath\u00e9na, c\u2019est que tout ce canton (Tunisie Sud) est consacr\u00e9 \u00e0 cette d\u00e9esse, et que les peuples qui l\u2019habitent sont sous sa protection. \u00bb<\/div>\n<\/div>\n<div class=\"o9v6fnle cxmmr5t8 oygrvhab hcukyx3x c1et5uql ii04i59q\">\n<div dir=\"auto\">D\u2019apr\u00e8s l\u2019historien Pausanias ont apprend que les Berb\u00e8res de Tunisie \u00e9tait des adorateurs d\u2019Ath\u00e9na, qu\u2019elle repr\u00e9sentait le culte principal \u00e9tant native de ce pays. Mais aussi que M\u00e9dusa aurait \u00e9t\u00e9 diabolis\u00e9 pour avoir touch\u00e9 \u00e0 ce peuple berb\u00e8re berceau de la civilisation grecque et m\u00e9diterran\u00e9enne.<\/div>\n<\/div>\n<p>Designed by Monarcshop t-shirt 100% coton.<\/p>\n<p>\u00a0<\/p>\n<h6 style=\"text-align: left;\"><\/h6>","protected":false},"excerpt":{"rendered":"<p><img loading=\"lazy\" decoding=\"async\" class=\"v-lazy-loaded alignnone\" title=\"OCS 100 Certification - Contains 100% organically grown cotton. Certified by Control Union\u00a0- CU1030092 - The Cotton Group\" src=\"https:\/\/www.bc-collection.eu\/sites\/default\/files\/styles\/thumbnail\/public\/2018-10\/OCS%20100%20logo.jpg?itok=xjdXKqFI\" alt=\"OCS 100 Certification - Contains 100% organically grown cotton. Certified by Control Union&amp;nbsp;- CU1030092 - The Cotton Group\" width=\"69\" height=\"69\" data-src=\"https:\/\/www.bc-collection.eu\/sites\/default\/files\/styles\/thumbnail\/public\/2018-10\/OCS%20100%20logo.jpg?itok=xjdXKqFI\" data-err=\"\/themes\/bc\/assets\/images\/no-thumbnail_product.jpg\" \/><\/p>","protected":false},"featured_media":7396,"comment_status":"open","ping_status":"closed","template":"","meta":[],"product_brand":[],"product_cat":[78],"product_tag":[],"class_list":{"0":"post-7343","1":"product","2":"type-product","3":"status-publish","4":"has-post-thumbnail","6":"product_cat-t-shirt","7":"product_shipping_class-_tshirt","8":"pa_couleur-tshirt-blanc","10":"first","11":"instock","12":"purchasable","13":"product-type-variable"},"yoast_head":"<!-- This site is optimized with the Yoast SEO plugin v27.5 - https:\/\/yoast.com\/product\/yoast-seo-wordpress\/ -->\n<title>Medusa &quot;Reine Berbere&quot; - Monarc\u00ae<\/title>\n<meta name=\"robots\" content=\"index, follow, max-snippet:-1, max-image-preview:large, max-video-preview:-1\" \/>\n<link rel=\"canonical\" href=\"https:\/\/monarcshop.fr\/en\/boutique\/t-shirt\/afos-main\/\" \/>\n<meta property=\"og:locale\" content=\"en_GB\" \/>\n<meta property=\"og:type\" content=\"article\" \/>\n<meta property=\"og:title\" content=\"Medusa &quot;Reine Berbere&quot; - Monarc\u00ae\" \/>\n<meta property=\"og:url\" content=\"https:\/\/monarcshop.fr\/en\/boutique\/t-shirt\/afos-main\/\" \/>\n<meta property=\"og:site_name\" content=\"Monarc\u00ae\" \/>\n<meta property=\"article:modified_time\" content=\"2023-01-12T19:00:26+00:00\" \/>\n<meta property=\"og:image\" content=\"https:\/\/monarcshop.fr\/wp-content\/uploads\/2021\/08\/MedusaGB.jpg\" \/>\n\t<meta property=\"og:image:width\" content=\"1200\" \/>\n\t<meta property=\"og:image:height\" content=\"1245\" \/>\n\t<meta property=\"og:image:type\" content=\"image\/jpeg\" \/>\n<meta name=\"twitter:label1\" content=\"Estimated reading time\" \/>\n\t<meta name=\"twitter:data1\" content=\"2 minutes\" \/>\n<script type=\"application\/ld+json\" class=\"yoast-schema-graph\">{\"@context\":\"https:\\\/\\\/schema.org\",\"@graph\":[{\"@type\":\"WebPage\",\"@id\":\"https:\\\/\\\/monarcshop.fr\\\/boutique\\\/t-shirt\\\/afos-main\\\/\",\"url\":\"https:\\\/\\\/monarcshop.fr\\\/boutique\\\/t-shirt\\\/afos-main\\\/\",\"name\":\"Medusa \\\"Reine Berbere\\\" - Monarc\u00ae\",\"isPartOf\":{\"@id\":\"https:\\\/\\\/monarcshop.fr\\\/#website\"},\"primaryImageOfPage\":{\"@id\":\"https:\\\/\\\/monarcshop.fr\\\/boutique\\\/t-shirt\\\/afos-main\\\/#primaryimage\"},\"image\":{\"@id\":\"https:\\\/\\\/monarcshop.fr\\\/boutique\\\/t-shirt\\\/afos-main\\\/#primaryimage\"},\"thumbnailUrl\":\"https:\\\/\\\/monarcshop.fr\\\/wp-content\\\/uploads\\\/2021\\\/08\\\/MedusaGB.jpg\",\"datePublished\":\"2021-08-08T17:53:21+00:00\",\"dateModified\":\"2023-01-12T19:00:26+00:00\",\"breadcrumb\":{\"@id\":\"https:\\\/\\\/monarcshop.fr\\\/boutique\\\/t-shirt\\\/afos-main\\\/#breadcrumb\"},\"inLanguage\":\"en-GB\",\"potentialAction\":[{\"@type\":\"ReadAction\",\"target\":[\"https:\\\/\\\/monarcshop.fr\\\/boutique\\\/t-shirt\\\/afos-main\\\/\"]}]},{\"@type\":\"ImageObject\",\"inLanguage\":\"en-GB\",\"@id\":\"https:\\\/\\\/monarcshop.fr\\\/boutique\\\/t-shirt\\\/afos-main\\\/#primaryimage\",\"url\":\"https:\\\/\\\/monarcshop.fr\\\/wp-content\\\/uploads\\\/2021\\\/08\\\/MedusaGB.jpg\",\"contentUrl\":\"https:\\\/\\\/monarcshop.fr\\\/wp-content\\\/uploads\\\/2021\\\/08\\\/MedusaGB.jpg\",\"width\":1200,\"height\":1245},{\"@type\":\"BreadcrumbList\",\"@id\":\"https:\\\/\\\/monarcshop.fr\\\/boutique\\\/t-shirt\\\/afos-main\\\/#breadcrumb\",\"itemListElement\":[{\"@type\":\"ListItem\",\"position\":1,\"name\":\"Accueil\",\"item\":\"https:\\\/\\\/monarcshop.fr\\\/\"},{\"@type\":\"ListItem\",\"position\":2,\"name\":\"Boutique\",\"item\":\"https:\\\/\\\/monarcshop.fr\\\/boutique\\\/\"},{\"@type\":\"ListItem\",\"position\":3,\"name\":\"Medusa &#8220;Reine Berbere&#8221;\"}]},{\"@type\":\"WebSite\",\"@id\":\"https:\\\/\\\/monarcshop.fr\\\/#website\",\"url\":\"https:\\\/\\\/monarcshop.fr\\\/\",\"name\":\"Monarc\u00ae\",\"description\":\"Feel the power\",\"publisher\":{\"@id\":\"https:\\\/\\\/monarcshop.fr\\\/#organization\"},\"potentialAction\":[{\"@type\":\"SearchAction\",\"target\":{\"@type\":\"EntryPoint\",\"urlTemplate\":\"https:\\\/\\\/monarcshop.fr\\\/?s={search_term_string}\"},\"query-input\":{\"@type\":\"PropertyValueSpecification\",\"valueRequired\":true,\"valueName\":\"search_term_string\"}}],\"inLanguage\":\"en-GB\"},{\"@type\":\"Organization\",\"@id\":\"https:\\\/\\\/monarcshop.fr\\\/#organization\",\"name\":\"Monarc\",\"url\":\"https:\\\/\\\/monarcshop.fr\\\/\",\"logo\":{\"@type\":\"ImageObject\",\"inLanguage\":\"en-GB\",\"@id\":\"https:\\\/\\\/monarcshop.fr\\\/#\\\/schema\\\/logo\\\/image\\\/\",\"url\":\"https:\\\/\\\/monarcshop.fr\\\/wp-content\\\/uploads\\\/2020\\\/02\\\/cropped-LogoR.png\",\"contentUrl\":\"https:\\\/\\\/monarcshop.fr\\\/wp-content\\\/uploads\\\/2020\\\/02\\\/cropped-LogoR.png\",\"width\":512,\"height\":512,\"caption\":\"Monarc\"},\"image\":{\"@id\":\"https:\\\/\\\/monarcshop.fr\\\/#\\\/schema\\\/logo\\\/image\\\/\"},\"sameAs\":[\"https:\\\/\\\/www.instagram.com\\\/monarc_shop\\\/?hl=fr\",\"https:\\\/\\\/www.youtube.com\\\/watch?v=bh_8GNdUosU&amp;amp;amp;feature=emb_title&amp;amp;amp;ab_channel=MrGoodLife\"]}]}<\/script>\n<!-- \/ Yoast SEO plugin. -->","yoast_head_json":{"title":"Medusa \"Reine Berbere\" - Monarc\u00ae","robots":{"index":"index","follow":"follow","max-snippet":"max-snippet:-1","max-image-preview":"max-image-preview:large","max-video-preview":"max-video-preview:-1"},"canonical":"https:\/\/monarcshop.fr\/en\/boutique\/t-shirt\/afos-main\/","og_locale":"en_GB","og_type":"article","og_title":"Medusa \"Reine Berbere\" - Monarc\u00ae","og_url":"https:\/\/monarcshop.fr\/en\/boutique\/t-shirt\/afos-main\/","og_site_name":"Monarc\u00ae","article_modified_time":"2023-01-12T19:00:26+00:00","og_image":[{"width":1200,"height":1245,"url":"https:\/\/monarcshop.fr\/wp-content\/uploads\/2021\/08\/MedusaGB.jpg","type":"image\/jpeg"}],"twitter_misc":{"Estimated reading time":"2 minutes"},"schema":{"@context":"https:\/\/schema.org","@graph":[{"@type":"WebPage","@id":"https:\/\/monarcshop.fr\/boutique\/t-shirt\/afos-main\/","url":"https:\/\/monarcshop.fr\/boutique\/t-shirt\/afos-main\/","name":"Medusa \"Reine Berbere\" - Monarc\u00ae","isPartOf":{"@id":"https:\/\/monarcshop.fr\/#website"},"primaryImageOfPage":{"@id":"https:\/\/monarcshop.fr\/boutique\/t-shirt\/afos-main\/#primaryimage"},"image":{"@id":"https:\/\/monarcshop.fr\/boutique\/t-shirt\/afos-main\/#primaryimage"},"thumbnailUrl":"https:\/\/monarcshop.fr\/wp-content\/uploads\/2021\/08\/MedusaGB.jpg","datePublished":"2021-08-08T17:53:21+00:00","dateModified":"2023-01-12T19:00:26+00:00","breadcrumb":{"@id":"https:\/\/monarcshop.fr\/boutique\/t-shirt\/afos-main\/#breadcrumb"},"inLanguage":"en-GB","potentialAction":[{"@type":"ReadAction","target":["https:\/\/monarcshop.fr\/boutique\/t-shirt\/afos-main\/"]}]},{"@type":"ImageObject","inLanguage":"en-GB","@id":"https:\/\/monarcshop.fr\/boutique\/t-shirt\/afos-main\/#primaryimage","url":"https:\/\/monarcshop.fr\/wp-content\/uploads\/2021\/08\/MedusaGB.jpg","contentUrl":"https:\/\/monarcshop.fr\/wp-content\/uploads\/2021\/08\/MedusaGB.jpg","width":1200,"height":1245},{"@type":"BreadcrumbList","@id":"https:\/\/monarcshop.fr\/boutique\/t-shirt\/afos-main\/#breadcrumb","itemListElement":[{"@type":"ListItem","position":1,"name":"Accueil","item":"https:\/\/monarcshop.fr\/"},{"@type":"ListItem","position":2,"name":"Boutique","item":"https:\/\/monarcshop.fr\/boutique\/"},{"@type":"ListItem","position":3,"name":"Medusa &#8220;Reine Berbere&#8221;"}]},{"@type":"WebSite","@id":"https:\/\/monarcshop.fr\/#website","url":"https:\/\/monarcshop.fr\/","name":"Monarc\u00ae","description":"Feel the power","publisher":{"@id":"https:\/\/monarcshop.fr\/#organization"},"potentialAction":[{"@type":"SearchAction","target":{"@type":"EntryPoint","urlTemplate":"https:\/\/monarcshop.fr\/?s={search_term_string}"},"query-input":{"@type":"PropertyValueSpecification","valueRequired":true,"valueName":"search_term_string"}}],"inLanguage":"en-GB"},{"@type":"Organization","@id":"https:\/\/monarcshop.fr\/#organization","name":"Monarc","url":"https:\/\/monarcshop.fr\/","logo":{"@type":"ImageObject","inLanguage":"en-GB","@id":"https:\/\/monarcshop.fr\/#\/schema\/logo\/image\/","url":"https:\/\/monarcshop.fr\/wp-content\/uploads\/2020\/02\/cropped-LogoR.png","contentUrl":"https:\/\/monarcshop.fr\/wp-content\/uploads\/2020\/02\/cropped-LogoR.png","width":512,"height":512,"caption":"Monarc"},"image":{"@id":"https:\/\/monarcshop.fr\/#\/schema\/logo\/image\/"},"sameAs":["https:\/\/www.instagram.com\/monarc_shop\/?hl=fr","https:\/\/www.youtube.com\/watch?v=bh_8GNdUosU&amp;amp;amp;feature=emb_title&amp;amp;amp;ab_channel=MrGoodLife"]}]}},"_links":{"self":[{"href":"https:\/\/monarcshop.fr\/en\/wp-json\/wp\/v2\/product\/7343","targetHints":{"allow":["GET"]}}],"collection":[{"href":"https:\/\/monarcshop.fr\/en\/wp-json\/wp\/v2\/product"}],"about":[{"href":"https:\/\/monarcshop.fr\/en\/wp-json\/wp\/v2\/types\/product"}],"replies":[{"embeddable":true,"href":"https:\/\/monarcshop.fr\/en\/wp-json\/wp\/v2\/comments?post=7343"}],"wp:featuredmedia":[{"embeddable":true,"href":"https:\/\/monarcshop.fr\/en\/wp-json\/wp\/v2\/media\/7396"}],"wp:attachment":[{"href":"https:\/\/monarcshop.fr\/en\/wp-json\/wp\/v2\/media?parent=7343"}],"wp:term":[{"taxonomy":"product_brand","embeddable":true,"href":"https:\/\/monarcshop.fr\/en\/wp-json\/wp\/v2\/product_brand?post=7343"},{"taxonomy":"product_cat","embeddable":true,"href":"https:\/\/monarcshop.fr\/en\/wp-json\/wp\/v2\/product_cat?post=7343"},{"taxonomy":"product_tag","embeddable":true,"href":"https:\/\/monarcshop.fr\/en\/wp-json\/wp\/v2\/product_tag?post=7343"}],"curies":[{"name":"wp","href":"https:\/\/api.w.org\/{rel}","templated":true}]}}