{"id":7216,"date":"2021-05-10T00:00:25","date_gmt":"2021-05-09T23:00:25","guid":{"rendered":"https:\/\/monarcshop.fr\/?post_type=product&#038;p=7216"},"modified":"2022-10-30T20:59:57","modified_gmt":"2022-10-30T19:59:57","slug":"fatma-hand","status":"publish","type":"product","link":"https:\/\/monarcshop.fr\/en\/boutique\/t-shirt\/fatma-hand\/","title":{"rendered":"Fatma Hand"},"content":{"rendered":"<h6>Fatma Hand Called Khmissa \u00ab\u00a0TAFUST \u2d5c\u2d30\u2d3c\u2d53\u2d59\u2d5c<i>\u00a0\u00bb <\/i>from North Africa protection from \u00ab\u00a0evil eyes\u00a0\u00bb by Monarc Graphic<br \/>\nTalisman et bijou par les habitants d\u2019Afrique du Nord et du Moyen-Orient pour se prot\u00e9ger contre le mauvais \u0153il. Ce symbole est souvent associ\u00e9 \u00e0 la d\u00e9esse Tanit, d\u00e9esse punique. By Monarc\u00ae Graphic.<\/h6>\n<h6><\/h6>\n<p>\u00a0<\/p>\n<p>\u00a0<\/p>\n<p style=\"text-align: center;\">","protected":false},"excerpt":{"rendered":"<p>Fatma Hand Called Khmissa \u00ab\u00a0TAFUST \u2d5c\u2d30\u2d3c\u2d53\u2d59\u2d5c\u00a0\u00bb from North Africa protection from \u00ab\u00a0evil eyes\u00a0\u00bb by Monarc Graphic Talisman et bijou par les habitants d\u2019Afrique du Nord et du Moyen-Orient pour se&hellip;<\/p>","protected":false},"featured_media":7241,"comment_status":"open","ping_status":"closed","template":"","meta":[],"product_brand":[],"product_cat":[78],"product_tag":[],"class_list":{"0":"post-7216","1":"product","2":"type-product","3":"status-publish","4":"has-post-thumbnail","6":"product_cat-t-shirt","7":"product_shipping_class-_tshirt","8":"pa_couleur-tshirt-blanc","9":"pa_couleur-tshirt-jaune","10":"pa_couleur-tshirt-noir","12":"first","13":"instock","14":"purchasable","15":"product-type-variable"},"yoast_head":"<!-- This site is optimized with the Yoast SEO plugin v27.5 - https:\/\/yoast.com\/product\/yoast-seo-wordpress\/ -->\n<title>Fatma Hand - Monarc\u00ae<\/title>\n<meta name=\"robots\" content=\"index, follow, max-snippet:-1, max-image-preview:large, max-video-preview:-1\" \/>\n<link rel=\"canonical\" href=\"https:\/\/monarcshop.fr\/en\/boutique\/t-shirt\/fatma-hand\/\" \/>\n<meta property=\"og:locale\" content=\"en_GB\" \/>\n<meta property=\"og:type\" content=\"article\" \/>\n<meta property=\"og:title\" content=\"Fatma Hand - Monarc\u00ae\" \/>\n<meta property=\"og:description\" content=\"Fatma Hand Called Khmissa \u00ab\u00a0TAFUST \u2d5c\u2d30\u2d3c\u2d53\u2d59\u2d5c\u00a0\u00bb from North Africa protection from \u00ab\u00a0evil eyes\u00a0\u00bb by Monarc Graphic Talisman et bijou par les habitants d\u2019Afrique du Nord et du Moyen-Orient pour se&hellip;\" \/>\n<meta property=\"og:url\" content=\"https:\/\/monarcshop.fr\/en\/boutique\/t-shirt\/fatma-hand\/\" \/>\n<meta property=\"og:site_name\" content=\"Monarc\u00ae\" \/>\n<meta property=\"article:modified_time\" content=\"2022-10-30T19:59:57+00:00\" \/>\n<meta property=\"og:image\" content=\"https:\/\/monarcshop.fr\/wp-content\/uploads\/2021\/05\/Afos_Fatma_W.jpg\" \/>\n\t<meta property=\"og:image:width\" content=\"1200\" \/>\n\t<meta property=\"og:image:height\" content=\"1245\" \/>\n\t<meta property=\"og:image:type\" content=\"image\/jpeg\" \/>\n<meta name=\"twitter:label1\" content=\"Estimated reading time\" \/>\n\t<meta name=\"twitter:data1\" content=\"1 minute\" \/>\n<script type=\"application\/ld+json\" class=\"yoast-schema-graph\">{\"@context\":\"https:\\\/\\\/schema.org\",\"@graph\":[{\"@type\":\"WebPage\",\"@id\":\"https:\\\/\\\/monarcshop.fr\\\/boutique\\\/t-shirt\\\/fatma-hand\\\/\",\"url\":\"https:\\\/\\\/monarcshop.fr\\\/boutique\\\/t-shirt\\\/fatma-hand\\\/\",\"name\":\"Fatma Hand - Monarc\u00ae\",\"isPartOf\":{\"@id\":\"https:\\\/\\\/monarcshop.fr\\\/#website\"},\"primaryImageOfPage\":{\"@id\":\"https:\\\/\\\/monarcshop.fr\\\/boutique\\\/t-shirt\\\/fatma-hand\\\/#primaryimage\"},\"image\":{\"@id\":\"https:\\\/\\\/monarcshop.fr\\\/boutique\\\/t-shirt\\\/fatma-hand\\\/#primaryimage\"},\"thumbnailUrl\":\"https:\\\/\\\/monarcshop.fr\\\/wp-content\\\/uploads\\\/2021\\\/05\\\/Afos_Fatma_W.jpg\",\"datePublished\":\"2021-05-09T23:00:25+00:00\",\"dateModified\":\"2022-10-30T19:59:57+00:00\",\"breadcrumb\":{\"@id\":\"https:\\\/\\\/monarcshop.fr\\\/boutique\\\/t-shirt\\\/fatma-hand\\\/#breadcrumb\"},\"inLanguage\":\"en-GB\",\"potentialAction\":[{\"@type\":\"ReadAction\",\"target\":[\"https:\\\/\\\/monarcshop.fr\\\/boutique\\\/t-shirt\\\/fatma-hand\\\/\"]}]},{\"@type\":\"ImageObject\",\"inLanguage\":\"en-GB\",\"@id\":\"https:\\\/\\\/monarcshop.fr\\\/boutique\\\/t-shirt\\\/fatma-hand\\\/#primaryimage\",\"url\":\"https:\\\/\\\/monarcshop.fr\\\/wp-content\\\/uploads\\\/2021\\\/05\\\/Afos_Fatma_W.jpg\",\"contentUrl\":\"https:\\\/\\\/monarcshop.fr\\\/wp-content\\\/uploads\\\/2021\\\/05\\\/Afos_Fatma_W.jpg\",\"width\":1200,\"height\":1245},{\"@type\":\"BreadcrumbList\",\"@id\":\"https:\\\/\\\/monarcshop.fr\\\/boutique\\\/t-shirt\\\/fatma-hand\\\/#breadcrumb\",\"itemListElement\":[{\"@type\":\"ListItem\",\"position\":1,\"name\":\"Accueil\",\"item\":\"https:\\\/\\\/monarcshop.fr\\\/\"},{\"@type\":\"ListItem\",\"position\":2,\"name\":\"Boutique\",\"item\":\"https:\\\/\\\/monarcshop.fr\\\/boutique\\\/\"},{\"@type\":\"ListItem\",\"position\":3,\"name\":\"Fatma Hand\"}]},{\"@type\":\"WebSite\",\"@id\":\"https:\\\/\\\/monarcshop.fr\\\/#website\",\"url\":\"https:\\\/\\\/monarcshop.fr\\\/\",\"name\":\"Monarc\u00ae\",\"description\":\"Feel the power\",\"publisher\":{\"@id\":\"https:\\\/\\\/monarcshop.fr\\\/#organization\"},\"potentialAction\":[{\"@type\":\"SearchAction\",\"target\":{\"@type\":\"EntryPoint\",\"urlTemplate\":\"https:\\\/\\\/monarcshop.fr\\\/?s={search_term_string}\"},\"query-input\":{\"@type\":\"PropertyValueSpecification\",\"valueRequired\":true,\"valueName\":\"search_term_string\"}}],\"inLanguage\":\"en-GB\"},{\"@type\":\"Organization\",\"@id\":\"https:\\\/\\\/monarcshop.fr\\\/#organization\",\"name\":\"Monarc\",\"url\":\"https:\\\/\\\/monarcshop.fr\\\/\",\"logo\":{\"@type\":\"ImageObject\",\"inLanguage\":\"en-GB\",\"@id\":\"https:\\\/\\\/monarcshop.fr\\\/#\\\/schema\\\/logo\\\/image\\\/\",\"url\":\"https:\\\/\\\/monarcshop.fr\\\/wp-content\\\/uploads\\\/2020\\\/02\\\/cropped-LogoR.png\",\"contentUrl\":\"https:\\\/\\\/monarcshop.fr\\\/wp-content\\\/uploads\\\/2020\\\/02\\\/cropped-LogoR.png\",\"width\":512,\"height\":512,\"caption\":\"Monarc\"},\"image\":{\"@id\":\"https:\\\/\\\/monarcshop.fr\\\/#\\\/schema\\\/logo\\\/image\\\/\"},\"sameAs\":[\"https:\\\/\\\/www.instagram.com\\\/monarc_shop\\\/?hl=fr\",\"https:\\\/\\\/www.youtube.com\\\/watch?v=bh_8GNdUosU&amp;amp;amp;feature=emb_title&amp;amp;amp;ab_channel=MrGoodLife\"]}]}<\/script>\n<!-- \/ Yoast SEO plugin. -->","yoast_head_json":{"title":"Fatma Hand - Monarc\u00ae","robots":{"index":"index","follow":"follow","max-snippet":"max-snippet:-1","max-image-preview":"max-image-preview:large","max-video-preview":"max-video-preview:-1"},"canonical":"https:\/\/monarcshop.fr\/en\/boutique\/t-shirt\/fatma-hand\/","og_locale":"en_GB","og_type":"article","og_title":"Fatma Hand - Monarc\u00ae","og_description":"Fatma Hand Called Khmissa \u00ab\u00a0TAFUST \u2d5c\u2d30\u2d3c\u2d53\u2d59\u2d5c\u00a0\u00bb from North Africa protection from \u00ab\u00a0evil eyes\u00a0\u00bb by Monarc Graphic Talisman et bijou par les habitants d\u2019Afrique du Nord et du Moyen-Orient pour se&hellip;","og_url":"https:\/\/monarcshop.fr\/en\/boutique\/t-shirt\/fatma-hand\/","og_site_name":"Monarc\u00ae","article_modified_time":"2022-10-30T19:59:57+00:00","og_image":[{"width":1200,"height":1245,"url":"https:\/\/monarcshop.fr\/wp-content\/uploads\/2021\/05\/Afos_Fatma_W.jpg","type":"image\/jpeg"}],"twitter_misc":{"Estimated reading time":"1 minute"},"schema":{"@context":"https:\/\/schema.org","@graph":[{"@type":"WebPage","@id":"https:\/\/monarcshop.fr\/boutique\/t-shirt\/fatma-hand\/","url":"https:\/\/monarcshop.fr\/boutique\/t-shirt\/fatma-hand\/","name":"Fatma Hand - Monarc\u00ae","isPartOf":{"@id":"https:\/\/monarcshop.fr\/#website"},"primaryImageOfPage":{"@id":"https:\/\/monarcshop.fr\/boutique\/t-shirt\/fatma-hand\/#primaryimage"},"image":{"@id":"https:\/\/monarcshop.fr\/boutique\/t-shirt\/fatma-hand\/#primaryimage"},"thumbnailUrl":"https:\/\/monarcshop.fr\/wp-content\/uploads\/2021\/05\/Afos_Fatma_W.jpg","datePublished":"2021-05-09T23:00:25+00:00","dateModified":"2022-10-30T19:59:57+00:00","breadcrumb":{"@id":"https:\/\/monarcshop.fr\/boutique\/t-shirt\/fatma-hand\/#breadcrumb"},"inLanguage":"en-GB","potentialAction":[{"@type":"ReadAction","target":["https:\/\/monarcshop.fr\/boutique\/t-shirt\/fatma-hand\/"]}]},{"@type":"ImageObject","inLanguage":"en-GB","@id":"https:\/\/monarcshop.fr\/boutique\/t-shirt\/fatma-hand\/#primaryimage","url":"https:\/\/monarcshop.fr\/wp-content\/uploads\/2021\/05\/Afos_Fatma_W.jpg","contentUrl":"https:\/\/monarcshop.fr\/wp-content\/uploads\/2021\/05\/Afos_Fatma_W.jpg","width":1200,"height":1245},{"@type":"BreadcrumbList","@id":"https:\/\/monarcshop.fr\/boutique\/t-shirt\/fatma-hand\/#breadcrumb","itemListElement":[{"@type":"ListItem","position":1,"name":"Accueil","item":"https:\/\/monarcshop.fr\/"},{"@type":"ListItem","position":2,"name":"Boutique","item":"https:\/\/monarcshop.fr\/boutique\/"},{"@type":"ListItem","position":3,"name":"Fatma Hand"}]},{"@type":"WebSite","@id":"https:\/\/monarcshop.fr\/#website","url":"https:\/\/monarcshop.fr\/","name":"Monarc\u00ae","description":"Feel the power","publisher":{"@id":"https:\/\/monarcshop.fr\/#organization"},"potentialAction":[{"@type":"SearchAction","target":{"@type":"EntryPoint","urlTemplate":"https:\/\/monarcshop.fr\/?s={search_term_string}"},"query-input":{"@type":"PropertyValueSpecification","valueRequired":true,"valueName":"search_term_string"}}],"inLanguage":"en-GB"},{"@type":"Organization","@id":"https:\/\/monarcshop.fr\/#organization","name":"Monarc","url":"https:\/\/monarcshop.fr\/","logo":{"@type":"ImageObject","inLanguage":"en-GB","@id":"https:\/\/monarcshop.fr\/#\/schema\/logo\/image\/","url":"https:\/\/monarcshop.fr\/wp-content\/uploads\/2020\/02\/cropped-LogoR.png","contentUrl":"https:\/\/monarcshop.fr\/wp-content\/uploads\/2020\/02\/cropped-LogoR.png","width":512,"height":512,"caption":"Monarc"},"image":{"@id":"https:\/\/monarcshop.fr\/#\/schema\/logo\/image\/"},"sameAs":["https:\/\/www.instagram.com\/monarc_shop\/?hl=fr","https:\/\/www.youtube.com\/watch?v=bh_8GNdUosU&amp;amp;amp;feature=emb_title&amp;amp;amp;ab_channel=MrGoodLife"]}]}},"_links":{"self":[{"href":"https:\/\/monarcshop.fr\/en\/wp-json\/wp\/v2\/product\/7216","targetHints":{"allow":["GET"]}}],"collection":[{"href":"https:\/\/monarcshop.fr\/en\/wp-json\/wp\/v2\/product"}],"about":[{"href":"https:\/\/monarcshop.fr\/en\/wp-json\/wp\/v2\/types\/product"}],"replies":[{"embeddable":true,"href":"https:\/\/monarcshop.fr\/en\/wp-json\/wp\/v2\/comments?post=7216"}],"wp:featuredmedia":[{"embeddable":true,"href":"https:\/\/monarcshop.fr\/en\/wp-json\/wp\/v2\/media\/7241"}],"wp:attachment":[{"href":"https:\/\/monarcshop.fr\/en\/wp-json\/wp\/v2\/media?parent=7216"}],"wp:term":[{"taxonomy":"product_brand","embeddable":true,"href":"https:\/\/monarcshop.fr\/en\/wp-json\/wp\/v2\/product_brand?post=7216"},{"taxonomy":"product_cat","embeddable":true,"href":"https:\/\/monarcshop.fr\/en\/wp-json\/wp\/v2\/product_cat?post=7216"},{"taxonomy":"product_tag","embeddable":true,"href":"https:\/\/monarcshop.fr\/en\/wp-json\/wp\/v2\/product_tag?post=7216"}],"curies":[{"name":"wp","href":"https:\/\/api.w.org\/{rel}","templated":true}]}}