{"id":7055,"date":"2021-04-15T22:42:38","date_gmt":"2021-04-15T21:42:38","guid":{"rendered":"https:\/\/monarcshop.fr\/?post_type=product&#038;p=7055"},"modified":"2021-04-17T22:37:07","modified_gmt":"2021-04-17T21:37:07","slug":"sweatshirt-travel-the-world","status":"publish","type":"product","link":"https:\/\/monarcshop.fr\/en\/boutique\/sweatshirt\/sweatshirt-travel-the-world\/","title":{"rendered":"SweatShirt Travel the World"},"content":{"rendered":"<h6>\u00ab\u00a0Travel the world and never look back\u00a0\u00bb By Monarc\u00ae Graphic.<br \/>\nWanderlust : a very strong and irresistible impulse or desire to <b>travel the world<\/b>.\u00a0\u00bb<br \/>\nIt\u2019s not about just seeing beautiful places. It\u2019s about seeing the beauty in every place.\u00a0\u00bb<br \/>\nWe <b>travel<\/b> not to escape life, but for life not to escape us!<\/h6>\n<p>\u00a0<\/p>","protected":false},"excerpt":{"rendered":"<h6>Tissu tr\u00e8s confortable et doux, manches droites, 80 <span title=\"\" data-toggle=\"tooltip\" data-placement=\"right\" data-original-title=\"Fibres r\u00e9colt\u00e9es au sein des gousses de cotonnier. Elles mesurent entre 5 et 10 cm de long et peuvent \u00eatre fil\u00e9es en fils, lesquels sont ensuite tiss\u00e9s dans des tissus en coton.\">coton<\/span> peign\u00e9 \u00e0 fil de cha\u00eene continu et 20 polyester.<br \/>\nBonne tenue et aspect confortable tr\u00e8s resistant. Une surpiq\u00fbre double aiguille, sur tous les \u00e9l\u00e9ments, \u00e9paules, emmanchures et ceinture.<\/h6>","protected":false},"featured_media":7097,"comment_status":"open","ping_status":"closed","template":"","meta":[],"product_brand":[],"product_cat":[79],"product_tag":[],"class_list":{"0":"post-7055","1":"product","2":"type-product","3":"status-publish","4":"has-post-thumbnail","6":"product_cat-sweatshirt","7":"product_shipping_class-_sweatshirt","8":"pa_couleur-t-shirt-blanc","9":"pa_couleur-t-shirt-violet","11":"first","12":"instock","13":"purchasable","14":"product-type-variable"},"yoast_head":"<!-- This site is optimized with the Yoast SEO plugin v27.5 - https:\/\/yoast.com\/product\/yoast-seo-wordpress\/ -->\n<title>SweatShirt Travel the World - Monarc\u00ae<\/title>\n<meta name=\"robots\" content=\"index, follow, max-snippet:-1, max-image-preview:large, max-video-preview:-1\" \/>\n<link rel=\"canonical\" href=\"https:\/\/monarcshop.fr\/en\/boutique\/sweatshirt\/sweatshirt-travel-the-world\/\" \/>\n<meta property=\"og:locale\" content=\"en_GB\" \/>\n<meta property=\"og:type\" content=\"article\" \/>\n<meta property=\"og:title\" content=\"SweatShirt Travel the World - Monarc\u00ae\" \/>\n<meta property=\"og:description\" content=\"Tissu tr\u00e8s confortable et doux, manches droites, 80 coton peign\u00e9 \u00e0 fil de cha\u00eene continu et 20 polyester. Bonne tenue et aspect confortable tr\u00e8s resistant. Une surpiq\u00fbre double aiguille, sur tous les \u00e9l\u00e9ments, \u00e9paules, emmanchures et ceinture.\" \/>\n<meta property=\"og:url\" content=\"https:\/\/monarcshop.fr\/en\/boutique\/sweatshirt\/sweatshirt-travel-the-world\/\" \/>\n<meta property=\"og:site_name\" content=\"Monarc\u00ae\" \/>\n<meta property=\"article:modified_time\" content=\"2021-04-17T21:37:07+00:00\" \/>\n<meta property=\"og:image\" content=\"https:\/\/monarcshop.fr\/wp-content\/uploads\/2021\/04\/Sweatshirt_TravelWBl.jpg\" \/>\n\t<meta property=\"og:image:width\" content=\"1200\" \/>\n\t<meta property=\"og:image:height\" content=\"1245\" \/>\n\t<meta property=\"og:image:type\" content=\"image\/jpeg\" \/>\n<meta name=\"twitter:label1\" content=\"Estimated reading time\" \/>\n\t<meta name=\"twitter:data1\" content=\"1 minute\" \/>\n<script type=\"application\/ld+json\" class=\"yoast-schema-graph\">{\"@context\":\"https:\\\/\\\/schema.org\",\"@graph\":[{\"@type\":\"WebPage\",\"@id\":\"https:\\\/\\\/monarcshop.fr\\\/boutique\\\/sweatshirt\\\/sweatshirt-travel-the-world\\\/\",\"url\":\"https:\\\/\\\/monarcshop.fr\\\/boutique\\\/sweatshirt\\\/sweatshirt-travel-the-world\\\/\",\"name\":\"SweatShirt Travel the World - Monarc\u00ae\",\"isPartOf\":{\"@id\":\"https:\\\/\\\/monarcshop.fr\\\/#website\"},\"primaryImageOfPage\":{\"@id\":\"https:\\\/\\\/monarcshop.fr\\\/boutique\\\/sweatshirt\\\/sweatshirt-travel-the-world\\\/#primaryimage\"},\"image\":{\"@id\":\"https:\\\/\\\/monarcshop.fr\\\/boutique\\\/sweatshirt\\\/sweatshirt-travel-the-world\\\/#primaryimage\"},\"thumbnailUrl\":\"https:\\\/\\\/monarcshop.fr\\\/wp-content\\\/uploads\\\/2021\\\/04\\\/Sweatshirt_TravelWBl.jpg\",\"datePublished\":\"2021-04-15T21:42:38+00:00\",\"dateModified\":\"2021-04-17T21:37:07+00:00\",\"breadcrumb\":{\"@id\":\"https:\\\/\\\/monarcshop.fr\\\/boutique\\\/sweatshirt\\\/sweatshirt-travel-the-world\\\/#breadcrumb\"},\"inLanguage\":\"en-GB\",\"potentialAction\":[{\"@type\":\"ReadAction\",\"target\":[\"https:\\\/\\\/monarcshop.fr\\\/boutique\\\/sweatshirt\\\/sweatshirt-travel-the-world\\\/\"]}]},{\"@type\":\"ImageObject\",\"inLanguage\":\"en-GB\",\"@id\":\"https:\\\/\\\/monarcshop.fr\\\/boutique\\\/sweatshirt\\\/sweatshirt-travel-the-world\\\/#primaryimage\",\"url\":\"https:\\\/\\\/monarcshop.fr\\\/wp-content\\\/uploads\\\/2021\\\/04\\\/Sweatshirt_TravelWBl.jpg\",\"contentUrl\":\"https:\\\/\\\/monarcshop.fr\\\/wp-content\\\/uploads\\\/2021\\\/04\\\/Sweatshirt_TravelWBl.jpg\",\"width\":1200,\"height\":1245},{\"@type\":\"BreadcrumbList\",\"@id\":\"https:\\\/\\\/monarcshop.fr\\\/boutique\\\/sweatshirt\\\/sweatshirt-travel-the-world\\\/#breadcrumb\",\"itemListElement\":[{\"@type\":\"ListItem\",\"position\":1,\"name\":\"Accueil\",\"item\":\"https:\\\/\\\/monarcshop.fr\\\/\"},{\"@type\":\"ListItem\",\"position\":2,\"name\":\"Boutique\",\"item\":\"https:\\\/\\\/monarcshop.fr\\\/boutique\\\/\"},{\"@type\":\"ListItem\",\"position\":3,\"name\":\"SweatShirt Travel the World\"}]},{\"@type\":\"WebSite\",\"@id\":\"https:\\\/\\\/monarcshop.fr\\\/#website\",\"url\":\"https:\\\/\\\/monarcshop.fr\\\/\",\"name\":\"Monarc\u00ae\",\"description\":\"Feel the power\",\"publisher\":{\"@id\":\"https:\\\/\\\/monarcshop.fr\\\/#organization\"},\"potentialAction\":[{\"@type\":\"SearchAction\",\"target\":{\"@type\":\"EntryPoint\",\"urlTemplate\":\"https:\\\/\\\/monarcshop.fr\\\/?s={search_term_string}\"},\"query-input\":{\"@type\":\"PropertyValueSpecification\",\"valueRequired\":true,\"valueName\":\"search_term_string\"}}],\"inLanguage\":\"en-GB\"},{\"@type\":\"Organization\",\"@id\":\"https:\\\/\\\/monarcshop.fr\\\/#organization\",\"name\":\"Monarc\",\"url\":\"https:\\\/\\\/monarcshop.fr\\\/\",\"logo\":{\"@type\":\"ImageObject\",\"inLanguage\":\"en-GB\",\"@id\":\"https:\\\/\\\/monarcshop.fr\\\/#\\\/schema\\\/logo\\\/image\\\/\",\"url\":\"https:\\\/\\\/monarcshop.fr\\\/wp-content\\\/uploads\\\/2020\\\/02\\\/cropped-LogoR.png\",\"contentUrl\":\"https:\\\/\\\/monarcshop.fr\\\/wp-content\\\/uploads\\\/2020\\\/02\\\/cropped-LogoR.png\",\"width\":512,\"height\":512,\"caption\":\"Monarc\"},\"image\":{\"@id\":\"https:\\\/\\\/monarcshop.fr\\\/#\\\/schema\\\/logo\\\/image\\\/\"},\"sameAs\":[\"https:\\\/\\\/www.instagram.com\\\/monarc_shop\\\/?hl=fr\",\"https:\\\/\\\/www.youtube.com\\\/watch?v=bh_8GNdUosU&amp;amp;amp;feature=emb_title&amp;amp;amp;ab_channel=MrGoodLife\"]}]}<\/script>\n<!-- \/ Yoast SEO plugin. -->","yoast_head_json":{"title":"SweatShirt Travel the World - Monarc\u00ae","robots":{"index":"index","follow":"follow","max-snippet":"max-snippet:-1","max-image-preview":"max-image-preview:large","max-video-preview":"max-video-preview:-1"},"canonical":"https:\/\/monarcshop.fr\/en\/boutique\/sweatshirt\/sweatshirt-travel-the-world\/","og_locale":"en_GB","og_type":"article","og_title":"SweatShirt Travel the World - Monarc\u00ae","og_description":"Tissu tr\u00e8s confortable et doux, manches droites, 80 coton peign\u00e9 \u00e0 fil de cha\u00eene continu et 20 polyester. Bonne tenue et aspect confortable tr\u00e8s resistant. Une surpiq\u00fbre double aiguille, sur tous les \u00e9l\u00e9ments, \u00e9paules, emmanchures et ceinture.","og_url":"https:\/\/monarcshop.fr\/en\/boutique\/sweatshirt\/sweatshirt-travel-the-world\/","og_site_name":"Monarc\u00ae","article_modified_time":"2021-04-17T21:37:07+00:00","og_image":[{"width":1200,"height":1245,"url":"https:\/\/monarcshop.fr\/wp-content\/uploads\/2021\/04\/Sweatshirt_TravelWBl.jpg","type":"image\/jpeg"}],"twitter_misc":{"Estimated reading time":"1 minute"},"schema":{"@context":"https:\/\/schema.org","@graph":[{"@type":"WebPage","@id":"https:\/\/monarcshop.fr\/boutique\/sweatshirt\/sweatshirt-travel-the-world\/","url":"https:\/\/monarcshop.fr\/boutique\/sweatshirt\/sweatshirt-travel-the-world\/","name":"SweatShirt Travel the World - Monarc\u00ae","isPartOf":{"@id":"https:\/\/monarcshop.fr\/#website"},"primaryImageOfPage":{"@id":"https:\/\/monarcshop.fr\/boutique\/sweatshirt\/sweatshirt-travel-the-world\/#primaryimage"},"image":{"@id":"https:\/\/monarcshop.fr\/boutique\/sweatshirt\/sweatshirt-travel-the-world\/#primaryimage"},"thumbnailUrl":"https:\/\/monarcshop.fr\/wp-content\/uploads\/2021\/04\/Sweatshirt_TravelWBl.jpg","datePublished":"2021-04-15T21:42:38+00:00","dateModified":"2021-04-17T21:37:07+00:00","breadcrumb":{"@id":"https:\/\/monarcshop.fr\/boutique\/sweatshirt\/sweatshirt-travel-the-world\/#breadcrumb"},"inLanguage":"en-GB","potentialAction":[{"@type":"ReadAction","target":["https:\/\/monarcshop.fr\/boutique\/sweatshirt\/sweatshirt-travel-the-world\/"]}]},{"@type":"ImageObject","inLanguage":"en-GB","@id":"https:\/\/monarcshop.fr\/boutique\/sweatshirt\/sweatshirt-travel-the-world\/#primaryimage","url":"https:\/\/monarcshop.fr\/wp-content\/uploads\/2021\/04\/Sweatshirt_TravelWBl.jpg","contentUrl":"https:\/\/monarcshop.fr\/wp-content\/uploads\/2021\/04\/Sweatshirt_TravelWBl.jpg","width":1200,"height":1245},{"@type":"BreadcrumbList","@id":"https:\/\/monarcshop.fr\/boutique\/sweatshirt\/sweatshirt-travel-the-world\/#breadcrumb","itemListElement":[{"@type":"ListItem","position":1,"name":"Accueil","item":"https:\/\/monarcshop.fr\/"},{"@type":"ListItem","position":2,"name":"Boutique","item":"https:\/\/monarcshop.fr\/boutique\/"},{"@type":"ListItem","position":3,"name":"SweatShirt Travel the World"}]},{"@type":"WebSite","@id":"https:\/\/monarcshop.fr\/#website","url":"https:\/\/monarcshop.fr\/","name":"Monarc\u00ae","description":"Feel the power","publisher":{"@id":"https:\/\/monarcshop.fr\/#organization"},"potentialAction":[{"@type":"SearchAction","target":{"@type":"EntryPoint","urlTemplate":"https:\/\/monarcshop.fr\/?s={search_term_string}"},"query-input":{"@type":"PropertyValueSpecification","valueRequired":true,"valueName":"search_term_string"}}],"inLanguage":"en-GB"},{"@type":"Organization","@id":"https:\/\/monarcshop.fr\/#organization","name":"Monarc","url":"https:\/\/monarcshop.fr\/","logo":{"@type":"ImageObject","inLanguage":"en-GB","@id":"https:\/\/monarcshop.fr\/#\/schema\/logo\/image\/","url":"https:\/\/monarcshop.fr\/wp-content\/uploads\/2020\/02\/cropped-LogoR.png","contentUrl":"https:\/\/monarcshop.fr\/wp-content\/uploads\/2020\/02\/cropped-LogoR.png","width":512,"height":512,"caption":"Monarc"},"image":{"@id":"https:\/\/monarcshop.fr\/#\/schema\/logo\/image\/"},"sameAs":["https:\/\/www.instagram.com\/monarc_shop\/?hl=fr","https:\/\/www.youtube.com\/watch?v=bh_8GNdUosU&amp;amp;amp;feature=emb_title&amp;amp;amp;ab_channel=MrGoodLife"]}]}},"_links":{"self":[{"href":"https:\/\/monarcshop.fr\/en\/wp-json\/wp\/v2\/product\/7055","targetHints":{"allow":["GET"]}}],"collection":[{"href":"https:\/\/monarcshop.fr\/en\/wp-json\/wp\/v2\/product"}],"about":[{"href":"https:\/\/monarcshop.fr\/en\/wp-json\/wp\/v2\/types\/product"}],"replies":[{"embeddable":true,"href":"https:\/\/monarcshop.fr\/en\/wp-json\/wp\/v2\/comments?post=7055"}],"wp:featuredmedia":[{"embeddable":true,"href":"https:\/\/monarcshop.fr\/en\/wp-json\/wp\/v2\/media\/7097"}],"wp:attachment":[{"href":"https:\/\/monarcshop.fr\/en\/wp-json\/wp\/v2\/media?parent=7055"}],"wp:term":[{"taxonomy":"product_brand","embeddable":true,"href":"https:\/\/monarcshop.fr\/en\/wp-json\/wp\/v2\/product_brand?post=7055"},{"taxonomy":"product_cat","embeddable":true,"href":"https:\/\/monarcshop.fr\/en\/wp-json\/wp\/v2\/product_cat?post=7055"},{"taxonomy":"product_tag","embeddable":true,"href":"https:\/\/monarcshop.fr\/en\/wp-json\/wp\/v2\/product_tag?post=7055"}],"curies":[{"name":"wp","href":"https:\/\/api.w.org\/{rel}","templated":true}]}}