{"id":6055,"date":"2021-01-27T21:41:14","date_gmt":"2021-01-27T20:41:14","guid":{"rendered":"https:\/\/monarcshop.fr\/?post_type=product&#038;p=6055"},"modified":"2021-04-10T12:11:50","modified_gmt":"2021-04-10T11:11:50","slug":"hoodie-tanit-n-fatma","status":"publish","type":"product","link":"https:\/\/monarcshop.fr\/en\/boutique\/sweatshirtcapuche\/hoodie-tanit-n-fatma\/","title":{"rendered":"Hoodie Tanit-N-Fatma"},"content":{"rendered":"<p>Fatma Hand Called Khmissa \u00ab\u00a0TAFUST \u2d5c\u2d30\u2d3c\u2d53\u2d59\u2d5c<i>\u00a0\u00bb <\/i>from North Africa protection from \u00ab\u00a0evil eyes\u00a0\u00bb by Monarc Graphic<br \/>\nTalisman et bijou par les habitants d\u2019Afrique du Nord et du Moyen-Orient pour se prot\u00e9ger contre le mauvais \u0153il. Ce symbole est souvent associ\u00e9 \u00e0 la d\u00e9esse Tanit, d\u00e9esse punique.<\/p>\n<p>\u00a0<\/p>\n<p>Hoodie Consistance: 60% coton peign\u00e9 pr\u00e9-r\u00e9tr\u00e9ci fil\u00e9 \u00e0 l\u2019anneau, 40% polyester, offre une texture agr\u00e9able et un int\u00e9rieur en molleton gratt\u00e9 afin de garantir un maximum de confort. Son maintien et sa r\u00e9sistance sont am\u00e9lior\u00e9s gr\u00e2ce \u00e0 un grammage \u00e9pais, des doubles coutures et une <span title=\"\" data-toggle=\"tooltip\" data-placement=\"right\" data-original-title=\"Bande protectrice de ruban cousu sur la couture entre la coquille et le col pour une sensation plus confortable une fois le v\u00eatement port\u00e9. \">bande de propret\u00e9<\/span> au niveau du cou, Moderne et d\u00e9contract\u00e9, mod\u00e8le avec capuche doubl\u00e9e dispose d\u2019une ample poche kangourou, maintenir vos mains au chaud.<\/p>\n<p>\u00a0<\/p>\n<p>\u00a0<\/p>","protected":false},"excerpt":{"rendered":"<p>Fatma Hand Called Khmissa \u00ab\u00a0TAFUST \u2d5c\u2d30\u2d3c\u2d53\u2d59\u2d5c\u00a0\u00bb from North Africa protection from \u00ab\u00a0evil eyes\u00a0\u00bb by Monarc Graphic Talisman et bijou par les habitants d\u2019Afrique du Nord et du Moyen-Orient pour se&hellip;<\/p>","protected":false},"featured_media":6109,"comment_status":"open","ping_status":"closed","template":"","meta":[],"product_brand":[],"product_cat":[156],"product_tag":[],"class_list":{"0":"post-6055","1":"product","2":"type-product","3":"status-publish","4":"has-post-thumbnail","6":"product_cat-sweatshirtcapuche","7":"product_shipping_class-_sweatcapuche","8":"pa_couleur-t-shirt-blanc","9":"pa_couleur-t-shirt-noir","11":"first","12":"instock","13":"purchasable","14":"product-type-variable"},"yoast_head":"<!-- This site is optimized with the Yoast SEO plugin v27.5 - https:\/\/yoast.com\/product\/yoast-seo-wordpress\/ -->\n<title>Hoodie Tanit-N-Fatma - Monarc\u00ae<\/title>\n<meta name=\"robots\" content=\"index, follow, max-snippet:-1, max-image-preview:large, max-video-preview:-1\" \/>\n<link rel=\"canonical\" href=\"https:\/\/monarcshop.fr\/en\/boutique\/sweatshirtcapuche\/hoodie-tanit-n-fatma\/\" \/>\n<meta property=\"og:locale\" content=\"en_GB\" \/>\n<meta property=\"og:type\" content=\"article\" \/>\n<meta property=\"og:title\" content=\"Hoodie Tanit-N-Fatma - Monarc\u00ae\" \/>\n<meta property=\"og:description\" content=\"Fatma Hand Called Khmissa \u00ab\u00a0TAFUST \u2d5c\u2d30\u2d3c\u2d53\u2d59\u2d5c\u00a0\u00bb from North Africa protection from \u00ab\u00a0evil eyes\u00a0\u00bb by Monarc Graphic Talisman et bijou par les habitants d\u2019Afrique du Nord et du Moyen-Orient pour se&hellip;\" \/>\n<meta property=\"og:url\" content=\"https:\/\/monarcshop.fr\/en\/boutique\/sweatshirtcapuche\/hoodie-tanit-n-fatma\/\" \/>\n<meta property=\"og:site_name\" content=\"Monarc\u00ae\" \/>\n<meta property=\"article:modified_time\" content=\"2021-04-10T11:11:50+00:00\" \/>\n<meta property=\"og:image\" content=\"https:\/\/monarcshop.fr\/wp-content\/uploads\/2021\/01\/MainFatmaW.png\" \/>\n\t<meta property=\"og:image:width\" content=\"574\" \/>\n\t<meta property=\"og:image:height\" content=\"723\" \/>\n\t<meta property=\"og:image:type\" content=\"image\/png\" \/>\n<meta name=\"twitter:label1\" content=\"Estimated reading time\" \/>\n\t<meta name=\"twitter:data1\" content=\"1 minute\" \/>\n<script type=\"application\/ld+json\" class=\"yoast-schema-graph\">{\"@context\":\"https:\\\/\\\/schema.org\",\"@graph\":[{\"@type\":\"WebPage\",\"@id\":\"https:\\\/\\\/monarcshop.fr\\\/en\\\/boutique\\\/sweatshirtcapuche\\\/hoodie-tanit-n-fatma\\\/\",\"url\":\"https:\\\/\\\/monarcshop.fr\\\/en\\\/boutique\\\/sweatshirtcapuche\\\/hoodie-tanit-n-fatma\\\/\",\"name\":\"Hoodie Tanit-N-Fatma - Monarc\u00ae\",\"isPartOf\":{\"@id\":\"https:\\\/\\\/monarcshop.fr\\\/#website\"},\"primaryImageOfPage\":{\"@id\":\"https:\\\/\\\/monarcshop.fr\\\/en\\\/boutique\\\/sweatshirtcapuche\\\/hoodie-tanit-n-fatma\\\/#primaryimage\"},\"image\":{\"@id\":\"https:\\\/\\\/monarcshop.fr\\\/en\\\/boutique\\\/sweatshirtcapuche\\\/hoodie-tanit-n-fatma\\\/#primaryimage\"},\"thumbnailUrl\":\"https:\\\/\\\/monarcshop.fr\\\/wp-content\\\/uploads\\\/2021\\\/01\\\/MainFatmaW.png\",\"datePublished\":\"2021-01-27T20:41:14+00:00\",\"dateModified\":\"2021-04-10T11:11:50+00:00\",\"breadcrumb\":{\"@id\":\"https:\\\/\\\/monarcshop.fr\\\/en\\\/boutique\\\/sweatshirtcapuche\\\/hoodie-tanit-n-fatma\\\/#breadcrumb\"},\"inLanguage\":\"en-GB\",\"potentialAction\":[{\"@type\":\"ReadAction\",\"target\":[\"https:\\\/\\\/monarcshop.fr\\\/en\\\/boutique\\\/sweatshirtcapuche\\\/hoodie-tanit-n-fatma\\\/\"]}]},{\"@type\":\"ImageObject\",\"inLanguage\":\"en-GB\",\"@id\":\"https:\\\/\\\/monarcshop.fr\\\/en\\\/boutique\\\/sweatshirtcapuche\\\/hoodie-tanit-n-fatma\\\/#primaryimage\",\"url\":\"https:\\\/\\\/monarcshop.fr\\\/wp-content\\\/uploads\\\/2021\\\/01\\\/MainFatmaW.png\",\"contentUrl\":\"https:\\\/\\\/monarcshop.fr\\\/wp-content\\\/uploads\\\/2021\\\/01\\\/MainFatmaW.png\",\"width\":574,\"height\":723},{\"@type\":\"BreadcrumbList\",\"@id\":\"https:\\\/\\\/monarcshop.fr\\\/en\\\/boutique\\\/sweatshirtcapuche\\\/hoodie-tanit-n-fatma\\\/#breadcrumb\",\"itemListElement\":[{\"@type\":\"ListItem\",\"position\":1,\"name\":\"Accueil\",\"item\":\"https:\\\/\\\/monarcshop.fr\\\/\"},{\"@type\":\"ListItem\",\"position\":2,\"name\":\"Boutique\",\"item\":\"https:\\\/\\\/monarcshop.fr\\\/boutique\\\/\"},{\"@type\":\"ListItem\",\"position\":3,\"name\":\"Hoodie Tanit-N-Fatma\"}]},{\"@type\":\"WebSite\",\"@id\":\"https:\\\/\\\/monarcshop.fr\\\/#website\",\"url\":\"https:\\\/\\\/monarcshop.fr\\\/\",\"name\":\"Monarc\u00ae\",\"description\":\"Feel the power\",\"publisher\":{\"@id\":\"https:\\\/\\\/monarcshop.fr\\\/#organization\"},\"potentialAction\":[{\"@type\":\"SearchAction\",\"target\":{\"@type\":\"EntryPoint\",\"urlTemplate\":\"https:\\\/\\\/monarcshop.fr\\\/?s={search_term_string}\"},\"query-input\":{\"@type\":\"PropertyValueSpecification\",\"valueRequired\":true,\"valueName\":\"search_term_string\"}}],\"inLanguage\":\"en-GB\"},{\"@type\":\"Organization\",\"@id\":\"https:\\\/\\\/monarcshop.fr\\\/#organization\",\"name\":\"Monarc\",\"url\":\"https:\\\/\\\/monarcshop.fr\\\/\",\"logo\":{\"@type\":\"ImageObject\",\"inLanguage\":\"en-GB\",\"@id\":\"https:\\\/\\\/monarcshop.fr\\\/#\\\/schema\\\/logo\\\/image\\\/\",\"url\":\"https:\\\/\\\/monarcshop.fr\\\/wp-content\\\/uploads\\\/2020\\\/02\\\/cropped-LogoR.png\",\"contentUrl\":\"https:\\\/\\\/monarcshop.fr\\\/wp-content\\\/uploads\\\/2020\\\/02\\\/cropped-LogoR.png\",\"width\":512,\"height\":512,\"caption\":\"Monarc\"},\"image\":{\"@id\":\"https:\\\/\\\/monarcshop.fr\\\/#\\\/schema\\\/logo\\\/image\\\/\"},\"sameAs\":[\"https:\\\/\\\/www.instagram.com\\\/monarc_shop\\\/?hl=fr\",\"https:\\\/\\\/www.youtube.com\\\/watch?v=bh_8GNdUosU&amp;amp;amp;feature=emb_title&amp;amp;amp;ab_channel=MrGoodLife\"]}]}<\/script>\n<!-- \/ Yoast SEO plugin. -->","yoast_head_json":{"title":"Hoodie Tanit-N-Fatma - Monarc\u00ae","robots":{"index":"index","follow":"follow","max-snippet":"max-snippet:-1","max-image-preview":"max-image-preview:large","max-video-preview":"max-video-preview:-1"},"canonical":"https:\/\/monarcshop.fr\/en\/boutique\/sweatshirtcapuche\/hoodie-tanit-n-fatma\/","og_locale":"en_GB","og_type":"article","og_title":"Hoodie Tanit-N-Fatma - Monarc\u00ae","og_description":"Fatma Hand Called Khmissa \u00ab\u00a0TAFUST \u2d5c\u2d30\u2d3c\u2d53\u2d59\u2d5c\u00a0\u00bb from North Africa protection from \u00ab\u00a0evil eyes\u00a0\u00bb by Monarc Graphic Talisman et bijou par les habitants d\u2019Afrique du Nord et du Moyen-Orient pour se&hellip;","og_url":"https:\/\/monarcshop.fr\/en\/boutique\/sweatshirtcapuche\/hoodie-tanit-n-fatma\/","og_site_name":"Monarc\u00ae","article_modified_time":"2021-04-10T11:11:50+00:00","og_image":[{"width":574,"height":723,"url":"https:\/\/monarcshop.fr\/wp-content\/uploads\/2021\/01\/MainFatmaW.png","type":"image\/png"}],"twitter_misc":{"Estimated reading time":"1 minute"},"schema":{"@context":"https:\/\/schema.org","@graph":[{"@type":"WebPage","@id":"https:\/\/monarcshop.fr\/en\/boutique\/sweatshirtcapuche\/hoodie-tanit-n-fatma\/","url":"https:\/\/monarcshop.fr\/en\/boutique\/sweatshirtcapuche\/hoodie-tanit-n-fatma\/","name":"Hoodie Tanit-N-Fatma - Monarc\u00ae","isPartOf":{"@id":"https:\/\/monarcshop.fr\/#website"},"primaryImageOfPage":{"@id":"https:\/\/monarcshop.fr\/en\/boutique\/sweatshirtcapuche\/hoodie-tanit-n-fatma\/#primaryimage"},"image":{"@id":"https:\/\/monarcshop.fr\/en\/boutique\/sweatshirtcapuche\/hoodie-tanit-n-fatma\/#primaryimage"},"thumbnailUrl":"https:\/\/monarcshop.fr\/wp-content\/uploads\/2021\/01\/MainFatmaW.png","datePublished":"2021-01-27T20:41:14+00:00","dateModified":"2021-04-10T11:11:50+00:00","breadcrumb":{"@id":"https:\/\/monarcshop.fr\/en\/boutique\/sweatshirtcapuche\/hoodie-tanit-n-fatma\/#breadcrumb"},"inLanguage":"en-GB","potentialAction":[{"@type":"ReadAction","target":["https:\/\/monarcshop.fr\/en\/boutique\/sweatshirtcapuche\/hoodie-tanit-n-fatma\/"]}]},{"@type":"ImageObject","inLanguage":"en-GB","@id":"https:\/\/monarcshop.fr\/en\/boutique\/sweatshirtcapuche\/hoodie-tanit-n-fatma\/#primaryimage","url":"https:\/\/monarcshop.fr\/wp-content\/uploads\/2021\/01\/MainFatmaW.png","contentUrl":"https:\/\/monarcshop.fr\/wp-content\/uploads\/2021\/01\/MainFatmaW.png","width":574,"height":723},{"@type":"BreadcrumbList","@id":"https:\/\/monarcshop.fr\/en\/boutique\/sweatshirtcapuche\/hoodie-tanit-n-fatma\/#breadcrumb","itemListElement":[{"@type":"ListItem","position":1,"name":"Accueil","item":"https:\/\/monarcshop.fr\/"},{"@type":"ListItem","position":2,"name":"Boutique","item":"https:\/\/monarcshop.fr\/boutique\/"},{"@type":"ListItem","position":3,"name":"Hoodie Tanit-N-Fatma"}]},{"@type":"WebSite","@id":"https:\/\/monarcshop.fr\/#website","url":"https:\/\/monarcshop.fr\/","name":"Monarc\u00ae","description":"Feel the power","publisher":{"@id":"https:\/\/monarcshop.fr\/#organization"},"potentialAction":[{"@type":"SearchAction","target":{"@type":"EntryPoint","urlTemplate":"https:\/\/monarcshop.fr\/?s={search_term_string}"},"query-input":{"@type":"PropertyValueSpecification","valueRequired":true,"valueName":"search_term_string"}}],"inLanguage":"en-GB"},{"@type":"Organization","@id":"https:\/\/monarcshop.fr\/#organization","name":"Monarc","url":"https:\/\/monarcshop.fr\/","logo":{"@type":"ImageObject","inLanguage":"en-GB","@id":"https:\/\/monarcshop.fr\/#\/schema\/logo\/image\/","url":"https:\/\/monarcshop.fr\/wp-content\/uploads\/2020\/02\/cropped-LogoR.png","contentUrl":"https:\/\/monarcshop.fr\/wp-content\/uploads\/2020\/02\/cropped-LogoR.png","width":512,"height":512,"caption":"Monarc"},"image":{"@id":"https:\/\/monarcshop.fr\/#\/schema\/logo\/image\/"},"sameAs":["https:\/\/www.instagram.com\/monarc_shop\/?hl=fr","https:\/\/www.youtube.com\/watch?v=bh_8GNdUosU&amp;amp;amp;feature=emb_title&amp;amp;amp;ab_channel=MrGoodLife"]}]}},"_links":{"self":[{"href":"https:\/\/monarcshop.fr\/en\/wp-json\/wp\/v2\/product\/6055","targetHints":{"allow":["GET"]}}],"collection":[{"href":"https:\/\/monarcshop.fr\/en\/wp-json\/wp\/v2\/product"}],"about":[{"href":"https:\/\/monarcshop.fr\/en\/wp-json\/wp\/v2\/types\/product"}],"replies":[{"embeddable":true,"href":"https:\/\/monarcshop.fr\/en\/wp-json\/wp\/v2\/comments?post=6055"}],"wp:featuredmedia":[{"embeddable":true,"href":"https:\/\/monarcshop.fr\/en\/wp-json\/wp\/v2\/media\/6109"}],"wp:attachment":[{"href":"https:\/\/monarcshop.fr\/en\/wp-json\/wp\/v2\/media?parent=6055"}],"wp:term":[{"taxonomy":"product_brand","embeddable":true,"href":"https:\/\/monarcshop.fr\/en\/wp-json\/wp\/v2\/product_brand?post=6055"},{"taxonomy":"product_cat","embeddable":true,"href":"https:\/\/monarcshop.fr\/en\/wp-json\/wp\/v2\/product_cat?post=6055"},{"taxonomy":"product_tag","embeddable":true,"href":"https:\/\/monarcshop.fr\/en\/wp-json\/wp\/v2\/product_tag?post=6055"}],"curies":[{"name":"wp","href":"https:\/\/api.w.org\/{rel}","templated":true}]}}