{"id":5794,"date":"2021-01-10T11:33:42","date_gmt":"2021-01-10T10:33:42","guid":{"rendered":"https:\/\/monarcshop.fr\/?post_type=product&#038;p=5794"},"modified":"2021-04-10T12:09:22","modified_gmt":"2021-04-10T11:09:22","slug":"tableau-zed","status":"publish","type":"product","link":"https:\/\/monarcshop.fr\/en\/boutique\/bazar\/tableau-zed\/","title":{"rendered":"Toile Zed Dor\u00e9 Bleu"},"content":{"rendered":"<p>Designed By Monarc \u00ab\u00a0Zed\u00a0\u00bb Paillet\u00e9s Dor\u00e9 Bleu royal symbole de libert\u00e9 amazigh PIECE UNIQUE<\/p>\n<p>\u00a0<\/p>\n<ul>\n<li>Largeur: 24 cm<\/li>\n<li>Profondeur: 1.5 cm<\/li>\n<li>\n<div class=\"range-revamp-product-dimensions__list-container\">Hauteur: 30 cm<\/div>\n<\/li>\n<\/ul>","protected":false},"excerpt":{"rendered":"<p>Designed By Monarc \u00ab\u00a0Zed\u00a0\u00bb Paillet\u00e9s Dor\u00e9 Bleu royal symbole de libert\u00e9 amazigh PIECE UNIQUE \u00a0 Largeur: 24 cm Profondeur: 1.5 cm Hauteur: 30 cm<\/p>","protected":false},"featured_media":5798,"comment_status":"open","ping_status":"closed","template":"","meta":[],"product_brand":[],"product_cat":[108],"product_tag":[],"class_list":{"0":"post-5794","1":"product","2":"type-product","3":"status-publish","4":"has-post-thumbnail","6":"product_cat-bazar","7":"product_shipping_class-_bazar","9":"first","10":"instock","11":"purchasable","12":"product-type-simple"},"yoast_head":"<!-- This site is optimized with the Yoast SEO plugin v27.5 - https:\/\/yoast.com\/product\/yoast-seo-wordpress\/ -->\n<title>Toile Zed Dor\u00e9 Bleu - Monarc\u00ae<\/title>\n<meta name=\"robots\" content=\"index, follow, max-snippet:-1, max-image-preview:large, max-video-preview:-1\" \/>\n<link rel=\"canonical\" href=\"https:\/\/monarcshop.fr\/en\/boutique\/bazar\/tableau-zed\/\" \/>\n<meta property=\"og:locale\" content=\"en_GB\" \/>\n<meta property=\"og:type\" content=\"article\" \/>\n<meta property=\"og:title\" content=\"Toile Zed Dor\u00e9 Bleu - Monarc\u00ae\" \/>\n<meta property=\"og:description\" content=\"Designed By Monarc \u00ab\u00a0Zed\u00a0\u00bb Paillet\u00e9s Dor\u00e9 Bleu royal symbole de libert\u00e9 amazigh PIECE UNIQUE \u00a0 Largeur: 24 cm Profondeur: 1.5 cm Hauteur: 30 cm\" \/>\n<meta property=\"og:url\" content=\"https:\/\/monarcshop.fr\/en\/boutique\/bazar\/tableau-zed\/\" \/>\n<meta property=\"og:site_name\" content=\"Monarc\u00ae\" \/>\n<meta property=\"article:modified_time\" content=\"2021-04-10T11:09:22+00:00\" \/>\n<meta property=\"og:image\" content=\"https:\/\/monarcshop.fr\/wp-content\/uploads\/2021\/01\/ToileZed1.png\" \/>\n\t<meta property=\"og:image:width\" content=\"900\" \/>\n\t<meta property=\"og:image:height\" content=\"1200\" \/>\n\t<meta property=\"og:image:type\" content=\"image\/png\" \/>\n<script type=\"application\/ld+json\" class=\"yoast-schema-graph\">{\"@context\":\"https:\\\/\\\/schema.org\",\"@graph\":[{\"@type\":\"WebPage\",\"@id\":\"https:\\\/\\\/monarcshop.fr\\\/boutique\\\/bazar\\\/tableau-zed\\\/\",\"url\":\"https:\\\/\\\/monarcshop.fr\\\/boutique\\\/bazar\\\/tableau-zed\\\/\",\"name\":\"Toile Zed Dor\u00e9 Bleu - Monarc\u00ae\",\"isPartOf\":{\"@id\":\"https:\\\/\\\/monarcshop.fr\\\/#website\"},\"primaryImageOfPage\":{\"@id\":\"https:\\\/\\\/monarcshop.fr\\\/boutique\\\/bazar\\\/tableau-zed\\\/#primaryimage\"},\"image\":{\"@id\":\"https:\\\/\\\/monarcshop.fr\\\/boutique\\\/bazar\\\/tableau-zed\\\/#primaryimage\"},\"thumbnailUrl\":\"https:\\\/\\\/monarcshop.fr\\\/wp-content\\\/uploads\\\/2021\\\/01\\\/ToileZed1.png\",\"datePublished\":\"2021-01-10T10:33:42+00:00\",\"dateModified\":\"2021-04-10T11:09:22+00:00\",\"breadcrumb\":{\"@id\":\"https:\\\/\\\/monarcshop.fr\\\/boutique\\\/bazar\\\/tableau-zed\\\/#breadcrumb\"},\"inLanguage\":\"en-GB\",\"potentialAction\":[{\"@type\":\"ReadAction\",\"target\":[\"https:\\\/\\\/monarcshop.fr\\\/boutique\\\/bazar\\\/tableau-zed\\\/\"]}]},{\"@type\":\"ImageObject\",\"inLanguage\":\"en-GB\",\"@id\":\"https:\\\/\\\/monarcshop.fr\\\/boutique\\\/bazar\\\/tableau-zed\\\/#primaryimage\",\"url\":\"https:\\\/\\\/monarcshop.fr\\\/wp-content\\\/uploads\\\/2021\\\/01\\\/ToileZed1.png\",\"contentUrl\":\"https:\\\/\\\/monarcshop.fr\\\/wp-content\\\/uploads\\\/2021\\\/01\\\/ToileZed1.png\",\"width\":900,\"height\":1200},{\"@type\":\"BreadcrumbList\",\"@id\":\"https:\\\/\\\/monarcshop.fr\\\/boutique\\\/bazar\\\/tableau-zed\\\/#breadcrumb\",\"itemListElement\":[{\"@type\":\"ListItem\",\"position\":1,\"name\":\"Accueil\",\"item\":\"https:\\\/\\\/monarcshop.fr\\\/\"},{\"@type\":\"ListItem\",\"position\":2,\"name\":\"Boutique\",\"item\":\"https:\\\/\\\/monarcshop.fr\\\/boutique\\\/\"},{\"@type\":\"ListItem\",\"position\":3,\"name\":\"Toile Zed Dor\u00e9 Bleu\"}]},{\"@type\":\"WebSite\",\"@id\":\"https:\\\/\\\/monarcshop.fr\\\/#website\",\"url\":\"https:\\\/\\\/monarcshop.fr\\\/\",\"name\":\"Monarc\u00ae\",\"description\":\"Feel the power\",\"publisher\":{\"@id\":\"https:\\\/\\\/monarcshop.fr\\\/#organization\"},\"potentialAction\":[{\"@type\":\"SearchAction\",\"target\":{\"@type\":\"EntryPoint\",\"urlTemplate\":\"https:\\\/\\\/monarcshop.fr\\\/?s={search_term_string}\"},\"query-input\":{\"@type\":\"PropertyValueSpecification\",\"valueRequired\":true,\"valueName\":\"search_term_string\"}}],\"inLanguage\":\"en-GB\"},{\"@type\":\"Organization\",\"@id\":\"https:\\\/\\\/monarcshop.fr\\\/#organization\",\"name\":\"Monarc\",\"url\":\"https:\\\/\\\/monarcshop.fr\\\/\",\"logo\":{\"@type\":\"ImageObject\",\"inLanguage\":\"en-GB\",\"@id\":\"https:\\\/\\\/monarcshop.fr\\\/#\\\/schema\\\/logo\\\/image\\\/\",\"url\":\"https:\\\/\\\/monarcshop.fr\\\/wp-content\\\/uploads\\\/2020\\\/02\\\/cropped-LogoR.png\",\"contentUrl\":\"https:\\\/\\\/monarcshop.fr\\\/wp-content\\\/uploads\\\/2020\\\/02\\\/cropped-LogoR.png\",\"width\":512,\"height\":512,\"caption\":\"Monarc\"},\"image\":{\"@id\":\"https:\\\/\\\/monarcshop.fr\\\/#\\\/schema\\\/logo\\\/image\\\/\"},\"sameAs\":[\"https:\\\/\\\/www.instagram.com\\\/monarc_shop\\\/?hl=fr\",\"https:\\\/\\\/www.youtube.com\\\/watch?v=bh_8GNdUosU&amp;amp;amp;feature=emb_title&amp;amp;amp;ab_channel=MrGoodLife\"]}]}<\/script>\n<!-- \/ Yoast SEO plugin. -->","yoast_head_json":{"title":"Toile Zed Dor\u00e9 Bleu - Monarc\u00ae","robots":{"index":"index","follow":"follow","max-snippet":"max-snippet:-1","max-image-preview":"max-image-preview:large","max-video-preview":"max-video-preview:-1"},"canonical":"https:\/\/monarcshop.fr\/en\/boutique\/bazar\/tableau-zed\/","og_locale":"en_GB","og_type":"article","og_title":"Toile Zed Dor\u00e9 Bleu - Monarc\u00ae","og_description":"Designed By Monarc \u00ab\u00a0Zed\u00a0\u00bb Paillet\u00e9s Dor\u00e9 Bleu royal symbole de libert\u00e9 amazigh PIECE UNIQUE \u00a0 Largeur: 24 cm Profondeur: 1.5 cm Hauteur: 30 cm","og_url":"https:\/\/monarcshop.fr\/en\/boutique\/bazar\/tableau-zed\/","og_site_name":"Monarc\u00ae","article_modified_time":"2021-04-10T11:09:22+00:00","og_image":[{"width":900,"height":1200,"url":"https:\/\/monarcshop.fr\/wp-content\/uploads\/2021\/01\/ToileZed1.png","type":"image\/png"}],"schema":{"@context":"https:\/\/schema.org","@graph":[{"@type":"WebPage","@id":"https:\/\/monarcshop.fr\/boutique\/bazar\/tableau-zed\/","url":"https:\/\/monarcshop.fr\/boutique\/bazar\/tableau-zed\/","name":"Toile Zed Dor\u00e9 Bleu - Monarc\u00ae","isPartOf":{"@id":"https:\/\/monarcshop.fr\/#website"},"primaryImageOfPage":{"@id":"https:\/\/monarcshop.fr\/boutique\/bazar\/tableau-zed\/#primaryimage"},"image":{"@id":"https:\/\/monarcshop.fr\/boutique\/bazar\/tableau-zed\/#primaryimage"},"thumbnailUrl":"https:\/\/monarcshop.fr\/wp-content\/uploads\/2021\/01\/ToileZed1.png","datePublished":"2021-01-10T10:33:42+00:00","dateModified":"2021-04-10T11:09:22+00:00","breadcrumb":{"@id":"https:\/\/monarcshop.fr\/boutique\/bazar\/tableau-zed\/#breadcrumb"},"inLanguage":"en-GB","potentialAction":[{"@type":"ReadAction","target":["https:\/\/monarcshop.fr\/boutique\/bazar\/tableau-zed\/"]}]},{"@type":"ImageObject","inLanguage":"en-GB","@id":"https:\/\/monarcshop.fr\/boutique\/bazar\/tableau-zed\/#primaryimage","url":"https:\/\/monarcshop.fr\/wp-content\/uploads\/2021\/01\/ToileZed1.png","contentUrl":"https:\/\/monarcshop.fr\/wp-content\/uploads\/2021\/01\/ToileZed1.png","width":900,"height":1200},{"@type":"BreadcrumbList","@id":"https:\/\/monarcshop.fr\/boutique\/bazar\/tableau-zed\/#breadcrumb","itemListElement":[{"@type":"ListItem","position":1,"name":"Accueil","item":"https:\/\/monarcshop.fr\/"},{"@type":"ListItem","position":2,"name":"Boutique","item":"https:\/\/monarcshop.fr\/boutique\/"},{"@type":"ListItem","position":3,"name":"Toile Zed Dor\u00e9 Bleu"}]},{"@type":"WebSite","@id":"https:\/\/monarcshop.fr\/#website","url":"https:\/\/monarcshop.fr\/","name":"Monarc\u00ae","description":"Feel the power","publisher":{"@id":"https:\/\/monarcshop.fr\/#organization"},"potentialAction":[{"@type":"SearchAction","target":{"@type":"EntryPoint","urlTemplate":"https:\/\/monarcshop.fr\/?s={search_term_string}"},"query-input":{"@type":"PropertyValueSpecification","valueRequired":true,"valueName":"search_term_string"}}],"inLanguage":"en-GB"},{"@type":"Organization","@id":"https:\/\/monarcshop.fr\/#organization","name":"Monarc","url":"https:\/\/monarcshop.fr\/","logo":{"@type":"ImageObject","inLanguage":"en-GB","@id":"https:\/\/monarcshop.fr\/#\/schema\/logo\/image\/","url":"https:\/\/monarcshop.fr\/wp-content\/uploads\/2020\/02\/cropped-LogoR.png","contentUrl":"https:\/\/monarcshop.fr\/wp-content\/uploads\/2020\/02\/cropped-LogoR.png","width":512,"height":512,"caption":"Monarc"},"image":{"@id":"https:\/\/monarcshop.fr\/#\/schema\/logo\/image\/"},"sameAs":["https:\/\/www.instagram.com\/monarc_shop\/?hl=fr","https:\/\/www.youtube.com\/watch?v=bh_8GNdUosU&amp;amp;amp;feature=emb_title&amp;amp;amp;ab_channel=MrGoodLife"]}]}},"_links":{"self":[{"href":"https:\/\/monarcshop.fr\/en\/wp-json\/wp\/v2\/product\/5794","targetHints":{"allow":["GET"]}}],"collection":[{"href":"https:\/\/monarcshop.fr\/en\/wp-json\/wp\/v2\/product"}],"about":[{"href":"https:\/\/monarcshop.fr\/en\/wp-json\/wp\/v2\/types\/product"}],"replies":[{"embeddable":true,"href":"https:\/\/monarcshop.fr\/en\/wp-json\/wp\/v2\/comments?post=5794"}],"wp:featuredmedia":[{"embeddable":true,"href":"https:\/\/monarcshop.fr\/en\/wp-json\/wp\/v2\/media\/5798"}],"wp:attachment":[{"href":"https:\/\/monarcshop.fr\/en\/wp-json\/wp\/v2\/media?parent=5794"}],"wp:term":[{"taxonomy":"product_brand","embeddable":true,"href":"https:\/\/monarcshop.fr\/en\/wp-json\/wp\/v2\/product_brand?post=5794"},{"taxonomy":"product_cat","embeddable":true,"href":"https:\/\/monarcshop.fr\/en\/wp-json\/wp\/v2\/product_cat?post=5794"},{"taxonomy":"product_tag","embeddable":true,"href":"https:\/\/monarcshop.fr\/en\/wp-json\/wp\/v2\/product_tag?post=5794"}],"curies":[{"name":"wp","href":"https:\/\/api.w.org\/{rel}","templated":true}]}}