{"id":5755,"date":"2020-12-20T12:06:37","date_gmt":"2020-12-20T11:06:37","guid":{"rendered":"https:\/\/monarcshop.fr\/?post_type=product&#038;p=5755"},"modified":"2021-04-10T12:09:30","modified_gmt":"2021-04-10T11:09:30","slug":"sac","status":"publish","type":"product","link":"https:\/\/monarcshop.fr\/en\/boutique\/bazar\/sac\/","title":{"rendered":"Tote bag FatmaHand"},"content":{"rendered":"<p>Designed By Monarc Main fatma (protecting from The Evil Eye)<\/p>\n<ul>\n<li>Tote bag <span title=\"\" data-toggle=\"tooltip\" data-placement=\"right\" data-original-title=\"Fibres r\u00e9colt\u00e9es au sein des gousses de cotonnier. Elles mesurent entre 5 et 10 cm de long et peuvent \u00eatre fil\u00e9es en fils, lesquels sont ensuite tiss\u00e9s dans des tissus en coton.\">coton<\/span> <em>Promo<\/em><\/li>\n<li>Composition: 100% <span title=\"\" data-toggle=\"tooltip\" data-placement=\"right\" data-original-title=\"Fibres r\u00e9colt\u00e9es au sein des gousses de cotonnier. Elles mesurent entre 5 et 10 cm de long et peuvent \u00eatre fil\u00e9es en fils, lesquels sont ensuite tiss\u00e9s dans des tissus en coton.\">coton<\/span><\/li>\n<li>Anses: 67cm<\/li>\n<li>Grammage: 140g\/m\u00b2<\/li>\n<li>Taille: 38x42cm<\/li>\n<li>Volume: 10 litres<\/li>\n<li>Port \u00e0 la main ou \u00e0 l\u2019\u00e9paule<\/li>\n<\/ul>","protected":false},"excerpt":{"rendered":"<p>Designed By Monarc Main fatma (protecting from The Evil Eye) Tote bag coton Promo Composition: 100% coton Anses: 67cm Grammage: 140g\/m\u00b2 Taille: 38x42cm Volume: 10 litres Port \u00e0 la main&hellip;<\/p>","protected":false},"featured_media":5773,"comment_status":"open","ping_status":"closed","template":"","meta":[],"product_brand":[],"product_cat":[108],"product_tag":[],"class_list":{"0":"post-5755","1":"product","2":"type-product","3":"status-publish","4":"has-post-thumbnail","6":"product_cat-bazar","7":"product_shipping_class-_bazar","8":"pa_couleur-t-shirt-blanc","9":"pa_couleur-t-shirt-noir","11":"first","12":"instock","13":"purchasable","14":"product-type-variable"},"yoast_head":"<!-- This site is optimized with the Yoast SEO plugin v27.5 - https:\/\/yoast.com\/product\/yoast-seo-wordpress\/ -->\n<title>Tote bag FatmaHand - Monarc\u00ae<\/title>\n<meta name=\"robots\" content=\"index, follow, max-snippet:-1, max-image-preview:large, max-video-preview:-1\" \/>\n<link rel=\"canonical\" href=\"https:\/\/monarcshop.fr\/en\/boutique\/bazar\/sac\/\" \/>\n<meta property=\"og:locale\" content=\"en_GB\" \/>\n<meta property=\"og:type\" content=\"article\" \/>\n<meta property=\"og:title\" content=\"Tote bag FatmaHand - Monarc\u00ae\" \/>\n<meta property=\"og:description\" content=\"Designed By Monarc Main fatma (protecting from The Evil Eye) Tote bag coton Promo Composition: 100% coton Anses: 67cm Grammage: 140g\/m\u00b2 Taille: 38x42cm Volume: 10 litres Port \u00e0 la main&hellip;\" \/>\n<meta property=\"og:url\" content=\"https:\/\/monarcshop.fr\/en\/boutique\/bazar\/sac\/\" \/>\n<meta property=\"og:site_name\" content=\"Monarc\u00ae\" \/>\n<meta property=\"article:modified_time\" content=\"2021-04-10T11:09:30+00:00\" \/>\n<meta property=\"og:image\" content=\"https:\/\/monarcshop.fr\/wp-content\/uploads\/2020\/12\/BagNoir.png\" \/>\n\t<meta property=\"og:image:width\" content=\"1200\" \/>\n\t<meta property=\"og:image:height\" content=\"1245\" \/>\n\t<meta property=\"og:image:type\" content=\"image\/png\" \/>\n<script type=\"application\/ld+json\" class=\"yoast-schema-graph\">{\"@context\":\"https:\\\/\\\/schema.org\",\"@graph\":[{\"@type\":\"WebPage\",\"@id\":\"https:\\\/\\\/monarcshop.fr\\\/en\\\/boutique\\\/bazar\\\/sac\\\/\",\"url\":\"https:\\\/\\\/monarcshop.fr\\\/en\\\/boutique\\\/bazar\\\/sac\\\/\",\"name\":\"Tote bag FatmaHand - Monarc\u00ae\",\"isPartOf\":{\"@id\":\"https:\\\/\\\/monarcshop.fr\\\/#website\"},\"primaryImageOfPage\":{\"@id\":\"https:\\\/\\\/monarcshop.fr\\\/en\\\/boutique\\\/bazar\\\/sac\\\/#primaryimage\"},\"image\":{\"@id\":\"https:\\\/\\\/monarcshop.fr\\\/en\\\/boutique\\\/bazar\\\/sac\\\/#primaryimage\"},\"thumbnailUrl\":\"https:\\\/\\\/monarcshop.fr\\\/wp-content\\\/uploads\\\/2020\\\/12\\\/BagNoir.png\",\"datePublished\":\"2020-12-20T11:06:37+00:00\",\"dateModified\":\"2021-04-10T11:09:30+00:00\",\"breadcrumb\":{\"@id\":\"https:\\\/\\\/monarcshop.fr\\\/en\\\/boutique\\\/bazar\\\/sac\\\/#breadcrumb\"},\"inLanguage\":\"en-GB\",\"potentialAction\":[{\"@type\":\"ReadAction\",\"target\":[\"https:\\\/\\\/monarcshop.fr\\\/en\\\/boutique\\\/bazar\\\/sac\\\/\"]}]},{\"@type\":\"ImageObject\",\"inLanguage\":\"en-GB\",\"@id\":\"https:\\\/\\\/monarcshop.fr\\\/en\\\/boutique\\\/bazar\\\/sac\\\/#primaryimage\",\"url\":\"https:\\\/\\\/monarcshop.fr\\\/wp-content\\\/uploads\\\/2020\\\/12\\\/BagNoir.png\",\"contentUrl\":\"https:\\\/\\\/monarcshop.fr\\\/wp-content\\\/uploads\\\/2020\\\/12\\\/BagNoir.png\",\"width\":1200,\"height\":1245},{\"@type\":\"BreadcrumbList\",\"@id\":\"https:\\\/\\\/monarcshop.fr\\\/en\\\/boutique\\\/bazar\\\/sac\\\/#breadcrumb\",\"itemListElement\":[{\"@type\":\"ListItem\",\"position\":1,\"name\":\"Accueil\",\"item\":\"https:\\\/\\\/monarcshop.fr\\\/\"},{\"@type\":\"ListItem\",\"position\":2,\"name\":\"Boutique\",\"item\":\"https:\\\/\\\/monarcshop.fr\\\/boutique\\\/\"},{\"@type\":\"ListItem\",\"position\":3,\"name\":\"Tote bag FatmaHand\"}]},{\"@type\":\"WebSite\",\"@id\":\"https:\\\/\\\/monarcshop.fr\\\/#website\",\"url\":\"https:\\\/\\\/monarcshop.fr\\\/\",\"name\":\"Monarc\u00ae\",\"description\":\"Feel the power\",\"publisher\":{\"@id\":\"https:\\\/\\\/monarcshop.fr\\\/#organization\"},\"potentialAction\":[{\"@type\":\"SearchAction\",\"target\":{\"@type\":\"EntryPoint\",\"urlTemplate\":\"https:\\\/\\\/monarcshop.fr\\\/?s={search_term_string}\"},\"query-input\":{\"@type\":\"PropertyValueSpecification\",\"valueRequired\":true,\"valueName\":\"search_term_string\"}}],\"inLanguage\":\"en-GB\"},{\"@type\":\"Organization\",\"@id\":\"https:\\\/\\\/monarcshop.fr\\\/#organization\",\"name\":\"Monarc\",\"url\":\"https:\\\/\\\/monarcshop.fr\\\/\",\"logo\":{\"@type\":\"ImageObject\",\"inLanguage\":\"en-GB\",\"@id\":\"https:\\\/\\\/monarcshop.fr\\\/#\\\/schema\\\/logo\\\/image\\\/\",\"url\":\"https:\\\/\\\/monarcshop.fr\\\/wp-content\\\/uploads\\\/2020\\\/02\\\/cropped-LogoR.png\",\"contentUrl\":\"https:\\\/\\\/monarcshop.fr\\\/wp-content\\\/uploads\\\/2020\\\/02\\\/cropped-LogoR.png\",\"width\":512,\"height\":512,\"caption\":\"Monarc\"},\"image\":{\"@id\":\"https:\\\/\\\/monarcshop.fr\\\/#\\\/schema\\\/logo\\\/image\\\/\"},\"sameAs\":[\"https:\\\/\\\/www.instagram.com\\\/monarc_shop\\\/?hl=fr\",\"https:\\\/\\\/www.youtube.com\\\/watch?v=bh_8GNdUosU&amp;amp;amp;feature=emb_title&amp;amp;amp;ab_channel=MrGoodLife\"]}]}<\/script>\n<!-- \/ Yoast SEO plugin. -->","yoast_head_json":{"title":"Tote bag FatmaHand - Monarc\u00ae","robots":{"index":"index","follow":"follow","max-snippet":"max-snippet:-1","max-image-preview":"max-image-preview:large","max-video-preview":"max-video-preview:-1"},"canonical":"https:\/\/monarcshop.fr\/en\/boutique\/bazar\/sac\/","og_locale":"en_GB","og_type":"article","og_title":"Tote bag FatmaHand - Monarc\u00ae","og_description":"Designed By Monarc Main fatma (protecting from The Evil Eye) Tote bag coton Promo Composition: 100% coton Anses: 67cm Grammage: 140g\/m\u00b2 Taille: 38x42cm Volume: 10 litres Port \u00e0 la main&hellip;","og_url":"https:\/\/monarcshop.fr\/en\/boutique\/bazar\/sac\/","og_site_name":"Monarc\u00ae","article_modified_time":"2021-04-10T11:09:30+00:00","og_image":[{"width":1200,"height":1245,"url":"https:\/\/monarcshop.fr\/wp-content\/uploads\/2020\/12\/BagNoir.png","type":"image\/png"}],"schema":{"@context":"https:\/\/schema.org","@graph":[{"@type":"WebPage","@id":"https:\/\/monarcshop.fr\/en\/boutique\/bazar\/sac\/","url":"https:\/\/monarcshop.fr\/en\/boutique\/bazar\/sac\/","name":"Tote bag FatmaHand - Monarc\u00ae","isPartOf":{"@id":"https:\/\/monarcshop.fr\/#website"},"primaryImageOfPage":{"@id":"https:\/\/monarcshop.fr\/en\/boutique\/bazar\/sac\/#primaryimage"},"image":{"@id":"https:\/\/monarcshop.fr\/en\/boutique\/bazar\/sac\/#primaryimage"},"thumbnailUrl":"https:\/\/monarcshop.fr\/wp-content\/uploads\/2020\/12\/BagNoir.png","datePublished":"2020-12-20T11:06:37+00:00","dateModified":"2021-04-10T11:09:30+00:00","breadcrumb":{"@id":"https:\/\/monarcshop.fr\/en\/boutique\/bazar\/sac\/#breadcrumb"},"inLanguage":"en-GB","potentialAction":[{"@type":"ReadAction","target":["https:\/\/monarcshop.fr\/en\/boutique\/bazar\/sac\/"]}]},{"@type":"ImageObject","inLanguage":"en-GB","@id":"https:\/\/monarcshop.fr\/en\/boutique\/bazar\/sac\/#primaryimage","url":"https:\/\/monarcshop.fr\/wp-content\/uploads\/2020\/12\/BagNoir.png","contentUrl":"https:\/\/monarcshop.fr\/wp-content\/uploads\/2020\/12\/BagNoir.png","width":1200,"height":1245},{"@type":"BreadcrumbList","@id":"https:\/\/monarcshop.fr\/en\/boutique\/bazar\/sac\/#breadcrumb","itemListElement":[{"@type":"ListItem","position":1,"name":"Accueil","item":"https:\/\/monarcshop.fr\/"},{"@type":"ListItem","position":2,"name":"Boutique","item":"https:\/\/monarcshop.fr\/boutique\/"},{"@type":"ListItem","position":3,"name":"Tote bag FatmaHand"}]},{"@type":"WebSite","@id":"https:\/\/monarcshop.fr\/#website","url":"https:\/\/monarcshop.fr\/","name":"Monarc\u00ae","description":"Feel the power","publisher":{"@id":"https:\/\/monarcshop.fr\/#organization"},"potentialAction":[{"@type":"SearchAction","target":{"@type":"EntryPoint","urlTemplate":"https:\/\/monarcshop.fr\/?s={search_term_string}"},"query-input":{"@type":"PropertyValueSpecification","valueRequired":true,"valueName":"search_term_string"}}],"inLanguage":"en-GB"},{"@type":"Organization","@id":"https:\/\/monarcshop.fr\/#organization","name":"Monarc","url":"https:\/\/monarcshop.fr\/","logo":{"@type":"ImageObject","inLanguage":"en-GB","@id":"https:\/\/monarcshop.fr\/#\/schema\/logo\/image\/","url":"https:\/\/monarcshop.fr\/wp-content\/uploads\/2020\/02\/cropped-LogoR.png","contentUrl":"https:\/\/monarcshop.fr\/wp-content\/uploads\/2020\/02\/cropped-LogoR.png","width":512,"height":512,"caption":"Monarc"},"image":{"@id":"https:\/\/monarcshop.fr\/#\/schema\/logo\/image\/"},"sameAs":["https:\/\/www.instagram.com\/monarc_shop\/?hl=fr","https:\/\/www.youtube.com\/watch?v=bh_8GNdUosU&amp;amp;amp;feature=emb_title&amp;amp;amp;ab_channel=MrGoodLife"]}]}},"_links":{"self":[{"href":"https:\/\/monarcshop.fr\/en\/wp-json\/wp\/v2\/product\/5755","targetHints":{"allow":["GET"]}}],"collection":[{"href":"https:\/\/monarcshop.fr\/en\/wp-json\/wp\/v2\/product"}],"about":[{"href":"https:\/\/monarcshop.fr\/en\/wp-json\/wp\/v2\/types\/product"}],"replies":[{"embeddable":true,"href":"https:\/\/monarcshop.fr\/en\/wp-json\/wp\/v2\/comments?post=5755"}],"wp:featuredmedia":[{"embeddable":true,"href":"https:\/\/monarcshop.fr\/en\/wp-json\/wp\/v2\/media\/5773"}],"wp:attachment":[{"href":"https:\/\/monarcshop.fr\/en\/wp-json\/wp\/v2\/media?parent=5755"}],"wp:term":[{"taxonomy":"product_brand","embeddable":true,"href":"https:\/\/monarcshop.fr\/en\/wp-json\/wp\/v2\/product_brand?post=5755"},{"taxonomy":"product_cat","embeddable":true,"href":"https:\/\/monarcshop.fr\/en\/wp-json\/wp\/v2\/product_cat?post=5755"},{"taxonomy":"product_tag","embeddable":true,"href":"https:\/\/monarcshop.fr\/en\/wp-json\/wp\/v2\/product_tag?post=5755"}],"curies":[{"name":"wp","href":"https:\/\/api.w.org\/{rel}","templated":true}]}}