{"id":5485,"date":"2020-08-16T18:16:16","date_gmt":"2020-08-16T17:16:16","guid":{"rendered":"https:\/\/monarcshop.fr\/?post_type=product&#038;p=5485"},"modified":"2022-10-30T21:08:08","modified_gmt":"2022-10-30T20:08:08","slug":"t-shirt-design%e2%b5%a3-copie","status":"publish","type":"product","link":"https:\/\/monarcshop.fr\/en\/boutique\/t-shirt\/t-shirt-design%e2%b5%a3-copie\/","title":{"rendered":"Zed Design"},"content":{"rendered":"<p>Premi\u00e8re lettre de l\u2019alphabet berb\u00e8res. Zed \u00ab\u00a0\u2d63\u00a0\u00bb Designed by Monarcshop ce t-shirt au toucher extr\u00eamement doux, coupe tendance qui s\u2019ajuste \u00e0 la perfection, pr\u00e9sente un col rond, des manches courtes et des coutures lat\u00e9rales. Son coton organique peign\u00e9 \u00e0 fil de cha\u00eene continu (ring-spun).<\/p>\n<h6 style=\"text-align: left;\"><\/h6>","protected":false},"excerpt":{"rendered":"<p>Premi\u00e8re lettre de l\u2019alphabet berb\u00e8res. Zed \u00ab\u00a0\u2d63\u00a0\u00bb Designed by Monarcshop ce t-shirt au toucher extr\u00eamement doux, coupe tendance qui s\u2019ajuste \u00e0 la perfection, pr\u00e9sente un col rond, des manches courtes&hellip;<\/p>","protected":false},"featured_media":7188,"comment_status":"open","ping_status":"closed","template":"","meta":[],"product_brand":[],"product_cat":[78],"product_tag":[],"class_list":{"0":"post-5485","1":"product","2":"type-product","3":"status-publish","4":"has-post-thumbnail","6":"product_cat-t-shirt","7":"product_shipping_class-_tshirt","8":"pa_couleur-tshirt-blanc","9":"pa_couleur-tshirt-noir","11":"first","12":"instock","13":"purchasable","14":"product-type-variable"},"yoast_head":"<!-- This site is optimized with the Yoast SEO plugin v27.5 - https:\/\/yoast.com\/product\/yoast-seo-wordpress\/ -->\n<title>Zed Design - Monarc\u00ae<\/title>\n<meta name=\"robots\" content=\"index, follow, max-snippet:-1, max-image-preview:large, max-video-preview:-1\" \/>\n<link rel=\"canonical\" href=\"https:\/\/monarcshop.fr\/en\/boutique\/t-shirt\/t-shirt-design\u2d63-copie\/\" \/>\n<meta property=\"og:locale\" content=\"en_GB\" \/>\n<meta property=\"og:type\" content=\"article\" \/>\n<meta property=\"og:title\" content=\"Zed Design - Monarc\u00ae\" \/>\n<meta property=\"og:description\" content=\"Premi\u00e8re lettre de l\u2019alphabet berb\u00e8res. Zed \u00ab\u00a0\u2d63\u00a0\u00bb Designed by Monarcshop ce t-shirt au toucher extr\u00eamement doux, coupe tendance qui s\u2019ajuste \u00e0 la perfection, pr\u00e9sente un col rond, des manches courtes&hellip;\" \/>\n<meta property=\"og:url\" content=\"https:\/\/monarcshop.fr\/en\/boutique\/t-shirt\/t-shirt-design\u2d63-copie\/\" \/>\n<meta property=\"og:site_name\" content=\"Monarc\u00ae\" \/>\n<meta property=\"article:modified_time\" content=\"2022-10-30T20:08:08+00:00\" \/>\n<meta property=\"og:image\" content=\"https:\/\/monarcshop.fr\/wp-content\/uploads\/2020\/08\/Symbol_W.jpg\" \/>\n\t<meta property=\"og:image:width\" content=\"1200\" \/>\n\t<meta property=\"og:image:height\" content=\"1245\" \/>\n\t<meta property=\"og:image:type\" content=\"image\/jpeg\" \/>\n<meta name=\"twitter:label1\" content=\"Estimated reading time\" \/>\n\t<meta name=\"twitter:data1\" content=\"1 minute\" \/>\n<script type=\"application\/ld+json\" class=\"yoast-schema-graph\">{\"@context\":\"https:\\\/\\\/schema.org\",\"@graph\":[{\"@type\":\"WebPage\",\"@id\":\"https:\\\/\\\/monarcshop.fr\\\/boutique\\\/t-shirt\\\/t-shirt-design%e2%b5%a3-copie\\\/\",\"url\":\"https:\\\/\\\/monarcshop.fr\\\/boutique\\\/t-shirt\\\/t-shirt-design%e2%b5%a3-copie\\\/\",\"name\":\"Zed Design - Monarc\u00ae\",\"isPartOf\":{\"@id\":\"https:\\\/\\\/monarcshop.fr\\\/#website\"},\"primaryImageOfPage\":{\"@id\":\"https:\\\/\\\/monarcshop.fr\\\/boutique\\\/t-shirt\\\/t-shirt-design%e2%b5%a3-copie\\\/#primaryimage\"},\"image\":{\"@id\":\"https:\\\/\\\/monarcshop.fr\\\/boutique\\\/t-shirt\\\/t-shirt-design%e2%b5%a3-copie\\\/#primaryimage\"},\"thumbnailUrl\":\"https:\\\/\\\/monarcshop.fr\\\/wp-content\\\/uploads\\\/2020\\\/08\\\/Symbol_W.jpg\",\"datePublished\":\"2020-08-16T17:16:16+00:00\",\"dateModified\":\"2022-10-30T20:08:08+00:00\",\"breadcrumb\":{\"@id\":\"https:\\\/\\\/monarcshop.fr\\\/boutique\\\/t-shirt\\\/t-shirt-design%e2%b5%a3-copie\\\/#breadcrumb\"},\"inLanguage\":\"en-GB\",\"potentialAction\":[{\"@type\":\"ReadAction\",\"target\":[\"https:\\\/\\\/monarcshop.fr\\\/boutique\\\/t-shirt\\\/t-shirt-design%e2%b5%a3-copie\\\/\"]}]},{\"@type\":\"ImageObject\",\"inLanguage\":\"en-GB\",\"@id\":\"https:\\\/\\\/monarcshop.fr\\\/boutique\\\/t-shirt\\\/t-shirt-design%e2%b5%a3-copie\\\/#primaryimage\",\"url\":\"https:\\\/\\\/monarcshop.fr\\\/wp-content\\\/uploads\\\/2020\\\/08\\\/Symbol_W.jpg\",\"contentUrl\":\"https:\\\/\\\/monarcshop.fr\\\/wp-content\\\/uploads\\\/2020\\\/08\\\/Symbol_W.jpg\",\"width\":1200,\"height\":1245},{\"@type\":\"BreadcrumbList\",\"@id\":\"https:\\\/\\\/monarcshop.fr\\\/boutique\\\/t-shirt\\\/t-shirt-design%e2%b5%a3-copie\\\/#breadcrumb\",\"itemListElement\":[{\"@type\":\"ListItem\",\"position\":1,\"name\":\"Accueil\",\"item\":\"https:\\\/\\\/monarcshop.fr\\\/\"},{\"@type\":\"ListItem\",\"position\":2,\"name\":\"Boutique\",\"item\":\"https:\\\/\\\/monarcshop.fr\\\/boutique\\\/\"},{\"@type\":\"ListItem\",\"position\":3,\"name\":\"Zed Design\"}]},{\"@type\":\"WebSite\",\"@id\":\"https:\\\/\\\/monarcshop.fr\\\/#website\",\"url\":\"https:\\\/\\\/monarcshop.fr\\\/\",\"name\":\"Monarc\u00ae\",\"description\":\"Feel the power\",\"publisher\":{\"@id\":\"https:\\\/\\\/monarcshop.fr\\\/#organization\"},\"potentialAction\":[{\"@type\":\"SearchAction\",\"target\":{\"@type\":\"EntryPoint\",\"urlTemplate\":\"https:\\\/\\\/monarcshop.fr\\\/?s={search_term_string}\"},\"query-input\":{\"@type\":\"PropertyValueSpecification\",\"valueRequired\":true,\"valueName\":\"search_term_string\"}}],\"inLanguage\":\"en-GB\"},{\"@type\":\"Organization\",\"@id\":\"https:\\\/\\\/monarcshop.fr\\\/#organization\",\"name\":\"Monarc\",\"url\":\"https:\\\/\\\/monarcshop.fr\\\/\",\"logo\":{\"@type\":\"ImageObject\",\"inLanguage\":\"en-GB\",\"@id\":\"https:\\\/\\\/monarcshop.fr\\\/#\\\/schema\\\/logo\\\/image\\\/\",\"url\":\"https:\\\/\\\/monarcshop.fr\\\/wp-content\\\/uploads\\\/2020\\\/02\\\/cropped-LogoR.png\",\"contentUrl\":\"https:\\\/\\\/monarcshop.fr\\\/wp-content\\\/uploads\\\/2020\\\/02\\\/cropped-LogoR.png\",\"width\":512,\"height\":512,\"caption\":\"Monarc\"},\"image\":{\"@id\":\"https:\\\/\\\/monarcshop.fr\\\/#\\\/schema\\\/logo\\\/image\\\/\"},\"sameAs\":[\"https:\\\/\\\/www.instagram.com\\\/monarc_shop\\\/?hl=fr\",\"https:\\\/\\\/www.youtube.com\\\/watch?v=bh_8GNdUosU&amp;amp;amp;feature=emb_title&amp;amp;amp;ab_channel=MrGoodLife\"]}]}<\/script>\n<!-- \/ Yoast SEO plugin. -->","yoast_head_json":{"title":"Zed Design - Monarc\u00ae","robots":{"index":"index","follow":"follow","max-snippet":"max-snippet:-1","max-image-preview":"max-image-preview:large","max-video-preview":"max-video-preview:-1"},"canonical":"https:\/\/monarcshop.fr\/en\/boutique\/t-shirt\/t-shirt-design\u2d63-copie\/","og_locale":"en_GB","og_type":"article","og_title":"Zed Design - Monarc\u00ae","og_description":"Premi\u00e8re lettre de l\u2019alphabet berb\u00e8res. Zed \u00ab\u00a0\u2d63\u00a0\u00bb Designed by Monarcshop ce t-shirt au toucher extr\u00eamement doux, coupe tendance qui s\u2019ajuste \u00e0 la perfection, pr\u00e9sente un col rond, des manches courtes&hellip;","og_url":"https:\/\/monarcshop.fr\/en\/boutique\/t-shirt\/t-shirt-design\u2d63-copie\/","og_site_name":"Monarc\u00ae","article_modified_time":"2022-10-30T20:08:08+00:00","og_image":[{"width":1200,"height":1245,"url":"https:\/\/monarcshop.fr\/wp-content\/uploads\/2020\/08\/Symbol_W.jpg","type":"image\/jpeg"}],"twitter_misc":{"Estimated reading time":"1 minute"},"schema":{"@context":"https:\/\/schema.org","@graph":[{"@type":"WebPage","@id":"https:\/\/monarcshop.fr\/boutique\/t-shirt\/t-shirt-design%e2%b5%a3-copie\/","url":"https:\/\/monarcshop.fr\/boutique\/t-shirt\/t-shirt-design%e2%b5%a3-copie\/","name":"Zed Design - Monarc\u00ae","isPartOf":{"@id":"https:\/\/monarcshop.fr\/#website"},"primaryImageOfPage":{"@id":"https:\/\/monarcshop.fr\/boutique\/t-shirt\/t-shirt-design%e2%b5%a3-copie\/#primaryimage"},"image":{"@id":"https:\/\/monarcshop.fr\/boutique\/t-shirt\/t-shirt-design%e2%b5%a3-copie\/#primaryimage"},"thumbnailUrl":"https:\/\/monarcshop.fr\/wp-content\/uploads\/2020\/08\/Symbol_W.jpg","datePublished":"2020-08-16T17:16:16+00:00","dateModified":"2022-10-30T20:08:08+00:00","breadcrumb":{"@id":"https:\/\/monarcshop.fr\/boutique\/t-shirt\/t-shirt-design%e2%b5%a3-copie\/#breadcrumb"},"inLanguage":"en-GB","potentialAction":[{"@type":"ReadAction","target":["https:\/\/monarcshop.fr\/boutique\/t-shirt\/t-shirt-design%e2%b5%a3-copie\/"]}]},{"@type":"ImageObject","inLanguage":"en-GB","@id":"https:\/\/monarcshop.fr\/boutique\/t-shirt\/t-shirt-design%e2%b5%a3-copie\/#primaryimage","url":"https:\/\/monarcshop.fr\/wp-content\/uploads\/2020\/08\/Symbol_W.jpg","contentUrl":"https:\/\/monarcshop.fr\/wp-content\/uploads\/2020\/08\/Symbol_W.jpg","width":1200,"height":1245},{"@type":"BreadcrumbList","@id":"https:\/\/monarcshop.fr\/boutique\/t-shirt\/t-shirt-design%e2%b5%a3-copie\/#breadcrumb","itemListElement":[{"@type":"ListItem","position":1,"name":"Accueil","item":"https:\/\/monarcshop.fr\/"},{"@type":"ListItem","position":2,"name":"Boutique","item":"https:\/\/monarcshop.fr\/boutique\/"},{"@type":"ListItem","position":3,"name":"Zed Design"}]},{"@type":"WebSite","@id":"https:\/\/monarcshop.fr\/#website","url":"https:\/\/monarcshop.fr\/","name":"Monarc\u00ae","description":"Feel the power","publisher":{"@id":"https:\/\/monarcshop.fr\/#organization"},"potentialAction":[{"@type":"SearchAction","target":{"@type":"EntryPoint","urlTemplate":"https:\/\/monarcshop.fr\/?s={search_term_string}"},"query-input":{"@type":"PropertyValueSpecification","valueRequired":true,"valueName":"search_term_string"}}],"inLanguage":"en-GB"},{"@type":"Organization","@id":"https:\/\/monarcshop.fr\/#organization","name":"Monarc","url":"https:\/\/monarcshop.fr\/","logo":{"@type":"ImageObject","inLanguage":"en-GB","@id":"https:\/\/monarcshop.fr\/#\/schema\/logo\/image\/","url":"https:\/\/monarcshop.fr\/wp-content\/uploads\/2020\/02\/cropped-LogoR.png","contentUrl":"https:\/\/monarcshop.fr\/wp-content\/uploads\/2020\/02\/cropped-LogoR.png","width":512,"height":512,"caption":"Monarc"},"image":{"@id":"https:\/\/monarcshop.fr\/#\/schema\/logo\/image\/"},"sameAs":["https:\/\/www.instagram.com\/monarc_shop\/?hl=fr","https:\/\/www.youtube.com\/watch?v=bh_8GNdUosU&amp;amp;amp;feature=emb_title&amp;amp;amp;ab_channel=MrGoodLife"]}]}},"_links":{"self":[{"href":"https:\/\/monarcshop.fr\/en\/wp-json\/wp\/v2\/product\/5485","targetHints":{"allow":["GET"]}}],"collection":[{"href":"https:\/\/monarcshop.fr\/en\/wp-json\/wp\/v2\/product"}],"about":[{"href":"https:\/\/monarcshop.fr\/en\/wp-json\/wp\/v2\/types\/product"}],"replies":[{"embeddable":true,"href":"https:\/\/monarcshop.fr\/en\/wp-json\/wp\/v2\/comments?post=5485"}],"wp:featuredmedia":[{"embeddable":true,"href":"https:\/\/monarcshop.fr\/en\/wp-json\/wp\/v2\/media\/7188"}],"wp:attachment":[{"href":"https:\/\/monarcshop.fr\/en\/wp-json\/wp\/v2\/media?parent=5485"}],"wp:term":[{"taxonomy":"product_brand","embeddable":true,"href":"https:\/\/monarcshop.fr\/en\/wp-json\/wp\/v2\/product_brand?post=5485"},{"taxonomy":"product_cat","embeddable":true,"href":"https:\/\/monarcshop.fr\/en\/wp-json\/wp\/v2\/product_cat?post=5485"},{"taxonomy":"product_tag","embeddable":true,"href":"https:\/\/monarcshop.fr\/en\/wp-json\/wp\/v2\/product_tag?post=5485"}],"curies":[{"name":"wp","href":"https:\/\/api.w.org\/{rel}","templated":true}]}}