{"id":4859,"date":"2020-07-06T19:33:16","date_gmt":"2020-07-06T18:33:16","guid":{"rendered":"https:\/\/monarcshop.fr\/?post_type=product&#038;p=4859"},"modified":"2021-04-10T12:10:43","modified_gmt":"2021-04-10T11:10:43","slug":"kids-tarhalt","status":"publish","type":"product","link":"https:\/\/monarcshop.fr\/en\/boutique\/baby-kids\/kids\/kids-tarhalt\/","title":{"rendered":"Kids-Tarhalt"},"content":{"rendered":"<p>Body waterproof tr\u00e8s doux pour b\u00e9b\u00e9, ils ont la peau si fragile qu\u2019on ne peut pas les habiller avec n\u2019importe quoi. <span style=\"color: #99cc00;\">100% <span title=\"\" data-toggle=\"tooltip\" data-placement=\"right\" data-original-title=\"Fibres r\u00e9colt\u00e9es au sein des gousses de cotonnier. Elles mesurent entre 5 et 10 cm de long et peuvent \u00eatre fil\u00e9es en fils, lesquels sont ensuite tiss\u00e9s dans des tissus en coton.\">coton BIO<\/span><\/span> issu de l\u2019agriculture biologique et certifi\u00e9e OCS par Control Union Certifications. Avec tout \u00e7a, votre b\u00e9b\u00e9 sera s\u00fbr d\u2019avoir une qualit\u00e9 et un confort de premi\u00e8re classe avec un design By Monrcshop. Les emmanchures am\u00e9ricaines qui facilitent le passage de la t\u00eate et recouvrent bien les \u00e9paules et les boutons pression \u00e0 l\u2019entrejambe.<\/p>\n<p><strong>Entretien :<\/strong><\/p>\n<p><img loading=\"lazy\" decoding=\"async\" class=\"wp-image-4848 aligncenter\" src=\"https:\/\/https:\/\/monarcshop.fr\/\/wp-content\/uploads\/2020\/07\/Entretiens-300x90.png\" alt=\"\" width=\"437\" height=\"211\" \/><\/p>","protected":false},"excerpt":{"rendered":"<p><img loading=\"lazy\" decoding=\"async\" class=\"v-lazy-loaded alignnone\" title=\"OCS 100 Certification - Contains 100% organically grown cotton. Certified by Control Union\u00a0- CU1030092 - The Cotton Group\" src=\"https:\/\/www.bc-collection.eu\/sites\/default\/files\/styles\/thumbnail\/public\/2018-10\/OCS%20100%20logo.jpg?itok=xjdXKqFI\" alt=\"OCS 100 Certification - Contains 100% organically grown cotton. Certified by Control Union&amp;nbsp;- CU1030092 - The Cotton Group\" width=\"66\" height=\"66\" data-src=\"https:\/\/www.bc-collection.eu\/sites\/default\/files\/styles\/thumbnail\/public\/2018-10\/OCS%20100%20logo.jpg?itok=xjdXKqFI\" data-err=\"\/themes\/bc\/assets\/images\/no-thumbnail_product.jpg\" \/> <img loading=\"lazy\" decoding=\"async\" class=\"alignnone wp-image-4843\" src=\"https:\/\/https:\/\/monarcshop.fr\/\/wp-content\/uploads\/2020\/07\/Waterproofrecev-1-e1594049304177-294x300.png\" alt=\"\" width=\"65\" height=\"66\" srcset=\"https:\/\/monarcshop.fr\/wp-content\/uploads\/2020\/07\/Waterproofrecev-1-e1594049304177-294x300.png 294w, https:\/\/monarcshop.fr\/wp-content\/uploads\/2020\/07\/Waterproofrecev-1-e1594049304177-150x150.png 150w, https:\/\/monarcshop.fr\/wp-content\/uploads\/2020\/07\/Waterproofrecev-1-e1594049304177-60x60.png 60w, https:\/\/monarcshop.fr\/wp-content\/uploads\/2020\/07\/Waterproofrecev-1-e1594049304177.png 414w, https:\/\/monarcshop.fr\/wp-content\/uploads\/2020\/07\/Waterproofrecev-1-e1594049304177-32x32.png 32w, https:\/\/monarcshop.fr\/wp-content\/uploads\/2020\/07\/Waterproofrecev-1-e1594049304177-348x348.png 348w\" sizes=\"auto, (max-width: 65px) 100vw, 65px\" \/><\/p>","protected":false},"featured_media":4865,"comment_status":"open","ping_status":"closed","template":"","meta":[],"product_brand":[],"product_cat":[138],"product_tag":[],"class_list":{"0":"post-4859","1":"product","2":"type-product","3":"status-publish","4":"has-post-thumbnail","6":"product_cat-kids","7":"product_shipping_class-_tshirt","9":"first","10":"instock","11":"purchasable","12":"product-type-variable"},"yoast_head":"<!-- This site is optimized with the Yoast SEO plugin v27.5 - https:\/\/yoast.com\/product\/yoast-seo-wordpress\/ -->\n<title>Kids-Tarhalt - Monarc\u00ae<\/title>\n<meta name=\"robots\" content=\"index, follow, max-snippet:-1, max-image-preview:large, max-video-preview:-1\" \/>\n<link rel=\"canonical\" href=\"https:\/\/monarcshop.fr\/en\/boutique\/baby-kids\/kids\/kids-tarhalt\/\" \/>\n<meta property=\"og:locale\" content=\"en_GB\" \/>\n<meta property=\"og:type\" content=\"article\" \/>\n<meta property=\"og:title\" content=\"Kids-Tarhalt - Monarc\u00ae\" \/>\n<meta property=\"og:url\" content=\"https:\/\/monarcshop.fr\/en\/boutique\/baby-kids\/kids\/kids-tarhalt\/\" \/>\n<meta property=\"og:site_name\" content=\"Monarc\u00ae\" \/>\n<meta property=\"article:modified_time\" content=\"2021-04-10T11:10:43+00:00\" \/>\n<meta property=\"og:image\" content=\"https:\/\/monarcshop.fr\/wp-content\/uploads\/2020\/07\/BodyTarhaltBlanc-e1594060534344.png\" \/>\n\t<meta property=\"og:image:width\" content=\"800\" \/>\n\t<meta property=\"og:image:height\" content=\"802\" \/>\n\t<meta property=\"og:image:type\" content=\"image\/png\" \/>\n<script type=\"application\/ld+json\" class=\"yoast-schema-graph\">{\"@context\":\"https:\\\/\\\/schema.org\",\"@graph\":[{\"@type\":\"WebPage\",\"@id\":\"https:\\\/\\\/monarcshop.fr\\\/boutique\\\/baby-kids\\\/kids\\\/kids-tarhalt\\\/\",\"url\":\"https:\\\/\\\/monarcshop.fr\\\/boutique\\\/baby-kids\\\/kids\\\/kids-tarhalt\\\/\",\"name\":\"Kids-Tarhalt - Monarc\u00ae\",\"isPartOf\":{\"@id\":\"https:\\\/\\\/monarcshop.fr\\\/#website\"},\"primaryImageOfPage\":{\"@id\":\"https:\\\/\\\/monarcshop.fr\\\/boutique\\\/baby-kids\\\/kids\\\/kids-tarhalt\\\/#primaryimage\"},\"image\":{\"@id\":\"https:\\\/\\\/monarcshop.fr\\\/boutique\\\/baby-kids\\\/kids\\\/kids-tarhalt\\\/#primaryimage\"},\"thumbnailUrl\":\"https:\\\/\\\/monarcshop.fr\\\/wp-content\\\/uploads\\\/2020\\\/07\\\/BodyTarhaltBlanc-e1594060534344.png\",\"datePublished\":\"2020-07-06T18:33:16+00:00\",\"dateModified\":\"2021-04-10T11:10:43+00:00\",\"breadcrumb\":{\"@id\":\"https:\\\/\\\/monarcshop.fr\\\/boutique\\\/baby-kids\\\/kids\\\/kids-tarhalt\\\/#breadcrumb\"},\"inLanguage\":\"en-GB\",\"potentialAction\":[{\"@type\":\"ReadAction\",\"target\":[\"https:\\\/\\\/monarcshop.fr\\\/boutique\\\/baby-kids\\\/kids\\\/kids-tarhalt\\\/\"]}]},{\"@type\":\"ImageObject\",\"inLanguage\":\"en-GB\",\"@id\":\"https:\\\/\\\/monarcshop.fr\\\/boutique\\\/baby-kids\\\/kids\\\/kids-tarhalt\\\/#primaryimage\",\"url\":\"https:\\\/\\\/monarcshop.fr\\\/wp-content\\\/uploads\\\/2020\\\/07\\\/BodyTarhaltBlanc-e1594060534344.png\",\"contentUrl\":\"https:\\\/\\\/monarcshop.fr\\\/wp-content\\\/uploads\\\/2020\\\/07\\\/BodyTarhaltBlanc-e1594060534344.png\",\"width\":800,\"height\":802},{\"@type\":\"BreadcrumbList\",\"@id\":\"https:\\\/\\\/monarcshop.fr\\\/boutique\\\/baby-kids\\\/kids\\\/kids-tarhalt\\\/#breadcrumb\",\"itemListElement\":[{\"@type\":\"ListItem\",\"position\":1,\"name\":\"Accueil\",\"item\":\"https:\\\/\\\/monarcshop.fr\\\/\"},{\"@type\":\"ListItem\",\"position\":2,\"name\":\"Boutique\",\"item\":\"https:\\\/\\\/monarcshop.fr\\\/boutique\\\/\"},{\"@type\":\"ListItem\",\"position\":3,\"name\":\"Kids-Tarhalt\"}]},{\"@type\":\"WebSite\",\"@id\":\"https:\\\/\\\/monarcshop.fr\\\/#website\",\"url\":\"https:\\\/\\\/monarcshop.fr\\\/\",\"name\":\"Monarc\u00ae\",\"description\":\"Feel the power\",\"publisher\":{\"@id\":\"https:\\\/\\\/monarcshop.fr\\\/#organization\"},\"potentialAction\":[{\"@type\":\"SearchAction\",\"target\":{\"@type\":\"EntryPoint\",\"urlTemplate\":\"https:\\\/\\\/monarcshop.fr\\\/?s={search_term_string}\"},\"query-input\":{\"@type\":\"PropertyValueSpecification\",\"valueRequired\":true,\"valueName\":\"search_term_string\"}}],\"inLanguage\":\"en-GB\"},{\"@type\":\"Organization\",\"@id\":\"https:\\\/\\\/monarcshop.fr\\\/#organization\",\"name\":\"Monarc\",\"url\":\"https:\\\/\\\/monarcshop.fr\\\/\",\"logo\":{\"@type\":\"ImageObject\",\"inLanguage\":\"en-GB\",\"@id\":\"https:\\\/\\\/monarcshop.fr\\\/#\\\/schema\\\/logo\\\/image\\\/\",\"url\":\"https:\\\/\\\/monarcshop.fr\\\/wp-content\\\/uploads\\\/2020\\\/02\\\/cropped-LogoR.png\",\"contentUrl\":\"https:\\\/\\\/monarcshop.fr\\\/wp-content\\\/uploads\\\/2020\\\/02\\\/cropped-LogoR.png\",\"width\":512,\"height\":512,\"caption\":\"Monarc\"},\"image\":{\"@id\":\"https:\\\/\\\/monarcshop.fr\\\/#\\\/schema\\\/logo\\\/image\\\/\"},\"sameAs\":[\"https:\\\/\\\/www.instagram.com\\\/monarc_shop\\\/?hl=fr\",\"https:\\\/\\\/www.youtube.com\\\/watch?v=bh_8GNdUosU&amp;amp;amp;feature=emb_title&amp;amp;amp;ab_channel=MrGoodLife\"]}]}<\/script>\n<!-- \/ Yoast SEO plugin. -->","yoast_head_json":{"title":"Kids-Tarhalt - Monarc\u00ae","robots":{"index":"index","follow":"follow","max-snippet":"max-snippet:-1","max-image-preview":"max-image-preview:large","max-video-preview":"max-video-preview:-1"},"canonical":"https:\/\/monarcshop.fr\/en\/boutique\/baby-kids\/kids\/kids-tarhalt\/","og_locale":"en_GB","og_type":"article","og_title":"Kids-Tarhalt - Monarc\u00ae","og_url":"https:\/\/monarcshop.fr\/en\/boutique\/baby-kids\/kids\/kids-tarhalt\/","og_site_name":"Monarc\u00ae","article_modified_time":"2021-04-10T11:10:43+00:00","og_image":[{"width":800,"height":802,"url":"https:\/\/monarcshop.fr\/wp-content\/uploads\/2020\/07\/BodyTarhaltBlanc-e1594060534344.png","type":"image\/png"}],"schema":{"@context":"https:\/\/schema.org","@graph":[{"@type":"WebPage","@id":"https:\/\/monarcshop.fr\/boutique\/baby-kids\/kids\/kids-tarhalt\/","url":"https:\/\/monarcshop.fr\/boutique\/baby-kids\/kids\/kids-tarhalt\/","name":"Kids-Tarhalt - Monarc\u00ae","isPartOf":{"@id":"https:\/\/monarcshop.fr\/#website"},"primaryImageOfPage":{"@id":"https:\/\/monarcshop.fr\/boutique\/baby-kids\/kids\/kids-tarhalt\/#primaryimage"},"image":{"@id":"https:\/\/monarcshop.fr\/boutique\/baby-kids\/kids\/kids-tarhalt\/#primaryimage"},"thumbnailUrl":"https:\/\/monarcshop.fr\/wp-content\/uploads\/2020\/07\/BodyTarhaltBlanc-e1594060534344.png","datePublished":"2020-07-06T18:33:16+00:00","dateModified":"2021-04-10T11:10:43+00:00","breadcrumb":{"@id":"https:\/\/monarcshop.fr\/boutique\/baby-kids\/kids\/kids-tarhalt\/#breadcrumb"},"inLanguage":"en-GB","potentialAction":[{"@type":"ReadAction","target":["https:\/\/monarcshop.fr\/boutique\/baby-kids\/kids\/kids-tarhalt\/"]}]},{"@type":"ImageObject","inLanguage":"en-GB","@id":"https:\/\/monarcshop.fr\/boutique\/baby-kids\/kids\/kids-tarhalt\/#primaryimage","url":"https:\/\/monarcshop.fr\/wp-content\/uploads\/2020\/07\/BodyTarhaltBlanc-e1594060534344.png","contentUrl":"https:\/\/monarcshop.fr\/wp-content\/uploads\/2020\/07\/BodyTarhaltBlanc-e1594060534344.png","width":800,"height":802},{"@type":"BreadcrumbList","@id":"https:\/\/monarcshop.fr\/boutique\/baby-kids\/kids\/kids-tarhalt\/#breadcrumb","itemListElement":[{"@type":"ListItem","position":1,"name":"Accueil","item":"https:\/\/monarcshop.fr\/"},{"@type":"ListItem","position":2,"name":"Boutique","item":"https:\/\/monarcshop.fr\/boutique\/"},{"@type":"ListItem","position":3,"name":"Kids-Tarhalt"}]},{"@type":"WebSite","@id":"https:\/\/monarcshop.fr\/#website","url":"https:\/\/monarcshop.fr\/","name":"Monarc\u00ae","description":"Feel the power","publisher":{"@id":"https:\/\/monarcshop.fr\/#organization"},"potentialAction":[{"@type":"SearchAction","target":{"@type":"EntryPoint","urlTemplate":"https:\/\/monarcshop.fr\/?s={search_term_string}"},"query-input":{"@type":"PropertyValueSpecification","valueRequired":true,"valueName":"search_term_string"}}],"inLanguage":"en-GB"},{"@type":"Organization","@id":"https:\/\/monarcshop.fr\/#organization","name":"Monarc","url":"https:\/\/monarcshop.fr\/","logo":{"@type":"ImageObject","inLanguage":"en-GB","@id":"https:\/\/monarcshop.fr\/#\/schema\/logo\/image\/","url":"https:\/\/monarcshop.fr\/wp-content\/uploads\/2020\/02\/cropped-LogoR.png","contentUrl":"https:\/\/monarcshop.fr\/wp-content\/uploads\/2020\/02\/cropped-LogoR.png","width":512,"height":512,"caption":"Monarc"},"image":{"@id":"https:\/\/monarcshop.fr\/#\/schema\/logo\/image\/"},"sameAs":["https:\/\/www.instagram.com\/monarc_shop\/?hl=fr","https:\/\/www.youtube.com\/watch?v=bh_8GNdUosU&amp;amp;amp;feature=emb_title&amp;amp;amp;ab_channel=MrGoodLife"]}]}},"_links":{"self":[{"href":"https:\/\/monarcshop.fr\/en\/wp-json\/wp\/v2\/product\/4859","targetHints":{"allow":["GET"]}}],"collection":[{"href":"https:\/\/monarcshop.fr\/en\/wp-json\/wp\/v2\/product"}],"about":[{"href":"https:\/\/monarcshop.fr\/en\/wp-json\/wp\/v2\/types\/product"}],"replies":[{"embeddable":true,"href":"https:\/\/monarcshop.fr\/en\/wp-json\/wp\/v2\/comments?post=4859"}],"wp:featuredmedia":[{"embeddable":true,"href":"https:\/\/monarcshop.fr\/en\/wp-json\/wp\/v2\/media\/4865"}],"wp:attachment":[{"href":"https:\/\/monarcshop.fr\/en\/wp-json\/wp\/v2\/media?parent=4859"}],"wp:term":[{"taxonomy":"product_brand","embeddable":true,"href":"https:\/\/monarcshop.fr\/en\/wp-json\/wp\/v2\/product_brand?post=4859"},{"taxonomy":"product_cat","embeddable":true,"href":"https:\/\/monarcshop.fr\/en\/wp-json\/wp\/v2\/product_cat?post=4859"},{"taxonomy":"product_tag","embeddable":true,"href":"https:\/\/monarcshop.fr\/en\/wp-json\/wp\/v2\/product_tag?post=4859"}],"curies":[{"name":"wp","href":"https:\/\/api.w.org\/{rel}","templated":true}]}}