{"id":3652,"date":"2020-05-25T22:32:40","date_gmt":"2020-05-25T21:32:40","guid":{"rendered":"https:\/\/monarcshop.fr\/?post_type=product&#038;p=3652"},"modified":"2022-07-27T23:55:24","modified_gmt":"2022-07-27T22:55:24","slug":"t-shirt-vierge-a-personnaliser","status":"publish","type":"product","link":"https:\/\/monarcshop.fr\/en\/boutique\/t-shirt\/t-shirtvierge\/t-shirt-vierge-a-personnaliser\/","title":{"rendered":"Votre t-shirt personnalisable"},"content":{"rendered":"<p><strong><span style=\"color: #32060b;\">Une fois que votre T-shirt Vierge est commander\u2026 Dirigez vous vers la page \u00ab\u00a0Personnaliser\u00a0\u00bb\u00a0 en cliquant<span style=\"color: #d41910;\"> <a style=\"color: #d41910;\" href=\"https:\/\/monarcshop.fr\/en\/personnaliser\/\">ICI<\/a><\/span> et suivez les consignes \u00ab\u00a0d\u00e9crivez nous ce que vous voulez texte image logo etc\u2026 \u00ab\u00a0. travaillons ensemble Let\u2019s do it.<\/span><\/strong><\/p>\n<p>\u00a0<\/p>\n<h6 style=\"text-align: left;\"><img loading=\"lazy\" decoding=\"async\" class=\"alignnone\" src=\"https:\/\/upload.wikimedia.org\/wikipedia\/commons\/thumb\/e\/ec\/Waschen_40.svg\/40px-Waschen_40.svg.png\" alt=\"Waschen 40.svg\" width=\"40\" height=\"40\" data-file-width=\"375\" data-file-height=\"375\" \/><img loading=\"lazy\" decoding=\"async\" class=\"alignnone\" src=\"https:\/\/upload.wikimedia.org\/wikipedia\/commons\/thumb\/d\/d0\/Nicht_bleichen_v2.svg\/40px-Nicht_bleichen_v2.svg.png\" alt=\"Nicht bleichen v2.svg\" width=\"40\" height=\"40\" data-file-width=\"375\" data-file-height=\"375\" \/><img loading=\"lazy\" decoding=\"async\" class=\"alignnone\" src=\"https:\/\/upload.wikimedia.org\/wikipedia\/commons\/thumb\/0\/0c\/Trommeltrocknen_1.svg\/40px-Trommeltrocknen_1.svg.png\" alt=\"Un point\" width=\"40\" height=\"40\" data-file-width=\"375\" data-file-height=\"375\" \/><img loading=\"lazy\" decoding=\"async\" class=\"alignnone\" src=\"https:\/\/upload.wikimedia.org\/wikipedia\/commons\/thumb\/b\/b7\/B%C3%BCgeln_2.svg\/40px-B%C3%BCgeln_2.svg.png\" alt=\"B\u00fcgeln 2.svg\" width=\"40\" height=\"40\" data-file-width=\"375\" data-file-height=\"375\" \/><img loading=\"lazy\" decoding=\"async\" class=\"alignnone\" src=\"https:\/\/upload.wikimedia.org\/wikipedia\/commons\/thumb\/c\/c1\/Nicht_chemisch_reinigen.svg\/40px-Nicht_chemisch_reinigen.svg.png\" alt=\"Nicht chemisch reinigen.svg\" width=\"40\" height=\"40\" data-file-width=\"375\" data-file-height=\"375\" \/><br \/>\n\u27a1Ne pas utiliser de javel ou d\u2019autres agents chimique agressifs<br \/>\n\u27a1Lavage machine, doux <strong>Lavage \u00e0 l\u2019envers<\/strong><\/h6>\n<p>\u00a0<\/p>\n<p>\u00a0<\/p>","protected":false},"excerpt":{"rendered":"<p>100% coton Bio tr\u00e8s l\u00e9ger avec des finitions parfaites, personnalisation bien visible et de bonne qualit\u00e9.<\/p>\n<p><img loading=\"lazy\" decoding=\"async\" class=\"v-lazy-loaded alignnone\" title=\"OCS 100 Certification - Contains 100% organically grown cotton. Certified by Control Union\u00a0- CU1030092 - The Cotton Group\" src=\"https:\/\/www.bc-collection.eu\/sites\/default\/files\/styles\/thumbnail\/public\/2018-10\/OCS%20100%20logo.jpg?itok=xjdXKqFI\" alt=\"OCS 100 Certification - Contains 100% organically grown cotton. Certified by Control Union&amp;nbsp;- CU1030092 - The Cotton Group\" width=\"47\" height=\"47\" data-src=\"https:\/\/www.bc-collection.eu\/sites\/default\/files\/styles\/thumbnail\/public\/2018-10\/OCS%20100%20logo.jpg?itok=xjdXKqFI\" data-err=\"\/themes\/bc\/assets\/images\/no-thumbnail_product.jpg\" \/><\/p>","protected":false},"featured_media":3670,"comment_status":"open","ping_status":"closed","template":"","meta":[],"product_brand":[],"product_cat":[111],"product_tag":[],"class_list":{"0":"post-3652","1":"product","2":"type-product","3":"status-publish","4":"has-post-thumbnail","6":"product_cat-t-shirtvierge","7":"product_shipping_class-_tshirt","8":"pa_couleur-t-shirt-blanc","9":"pa_couleur-t-shirt-bleu-royal","10":"pa_couleur-t-shirt-noir","12":"first","13":"instock","14":"purchasable","15":"product-type-variable"},"yoast_head":"<!-- This site is optimized with the Yoast SEO plugin v27.5 - https:\/\/yoast.com\/product\/yoast-seo-wordpress\/ -->\n<title>Votre t-shirt personnalisable - Monarc\u00ae<\/title>\n<meta name=\"robots\" content=\"index, follow, max-snippet:-1, max-image-preview:large, max-video-preview:-1\" \/>\n<link rel=\"canonical\" href=\"https:\/\/monarcshop.fr\/en\/boutique\/t-shirt\/t-shirtvierge\/t-shirt-vierge-a-personnaliser\/\" \/>\n<meta property=\"og:locale\" content=\"en_GB\" \/>\n<meta property=\"og:type\" content=\"article\" \/>\n<meta property=\"og:title\" content=\"Votre t-shirt personnalisable - Monarc\u00ae\" \/>\n<meta property=\"og:description\" content=\"100% coton Bio tr\u00e8s l\u00e9ger avec des finitions parfaites, personnalisation bien visible et de bonne qualit\u00e9.\" \/>\n<meta property=\"og:url\" content=\"https:\/\/monarcshop.fr\/en\/boutique\/t-shirt\/t-shirtvierge\/t-shirt-vierge-a-personnaliser\/\" \/>\n<meta property=\"og:site_name\" content=\"Monarc\u00ae\" \/>\n<meta property=\"article:modified_time\" content=\"2022-07-27T22:55:24+00:00\" \/>\n<meta property=\"og:image\" content=\"https:\/\/monarcshop.fr\/wp-content\/uploads\/2020\/05\/tshirtvierge-e1593770987918.png\" \/>\n\t<meta property=\"og:image:width\" content=\"800\" \/>\n\t<meta property=\"og:image:height\" content=\"815\" \/>\n\t<meta property=\"og:image:type\" content=\"image\/png\" \/>\n<meta name=\"twitter:label1\" content=\"Estimated reading time\" \/>\n\t<meta name=\"twitter:data1\" content=\"2 minutes\" \/>\n<script type=\"application\/ld+json\" class=\"yoast-schema-graph\">{\"@context\":\"https:\\\/\\\/schema.org\",\"@graph\":[{\"@type\":\"WebPage\",\"@id\":\"https:\\\/\\\/monarcshop.fr\\\/boutique\\\/t-shirt\\\/t-shirtvierge\\\/t-shirt-vierge-a-personnaliser\\\/\",\"url\":\"https:\\\/\\\/monarcshop.fr\\\/boutique\\\/t-shirt\\\/t-shirtvierge\\\/t-shirt-vierge-a-personnaliser\\\/\",\"name\":\"Votre t-shirt personnalisable - Monarc\u00ae\",\"isPartOf\":{\"@id\":\"https:\\\/\\\/monarcshop.fr\\\/#website\"},\"primaryImageOfPage\":{\"@id\":\"https:\\\/\\\/monarcshop.fr\\\/boutique\\\/t-shirt\\\/t-shirtvierge\\\/t-shirt-vierge-a-personnaliser\\\/#primaryimage\"},\"image\":{\"@id\":\"https:\\\/\\\/monarcshop.fr\\\/boutique\\\/t-shirt\\\/t-shirtvierge\\\/t-shirt-vierge-a-personnaliser\\\/#primaryimage\"},\"thumbnailUrl\":\"https:\\\/\\\/monarcshop.fr\\\/wp-content\\\/uploads\\\/2020\\\/05\\\/tshirtvierge-e1593770987918.png\",\"datePublished\":\"2020-05-25T21:32:40+00:00\",\"dateModified\":\"2022-07-27T22:55:24+00:00\",\"breadcrumb\":{\"@id\":\"https:\\\/\\\/monarcshop.fr\\\/boutique\\\/t-shirt\\\/t-shirtvierge\\\/t-shirt-vierge-a-personnaliser\\\/#breadcrumb\"},\"inLanguage\":\"en-GB\",\"potentialAction\":[{\"@type\":\"ReadAction\",\"target\":[\"https:\\\/\\\/monarcshop.fr\\\/boutique\\\/t-shirt\\\/t-shirtvierge\\\/t-shirt-vierge-a-personnaliser\\\/\"]}]},{\"@type\":\"ImageObject\",\"inLanguage\":\"en-GB\",\"@id\":\"https:\\\/\\\/monarcshop.fr\\\/boutique\\\/t-shirt\\\/t-shirtvierge\\\/t-shirt-vierge-a-personnaliser\\\/#primaryimage\",\"url\":\"https:\\\/\\\/monarcshop.fr\\\/wp-content\\\/uploads\\\/2020\\\/05\\\/tshirtvierge-e1593770987918.png\",\"contentUrl\":\"https:\\\/\\\/monarcshop.fr\\\/wp-content\\\/uploads\\\/2020\\\/05\\\/tshirtvierge-e1593770987918.png\",\"width\":800,\"height\":815},{\"@type\":\"BreadcrumbList\",\"@id\":\"https:\\\/\\\/monarcshop.fr\\\/boutique\\\/t-shirt\\\/t-shirtvierge\\\/t-shirt-vierge-a-personnaliser\\\/#breadcrumb\",\"itemListElement\":[{\"@type\":\"ListItem\",\"position\":1,\"name\":\"Accueil\",\"item\":\"https:\\\/\\\/monarcshop.fr\\\/\"},{\"@type\":\"ListItem\",\"position\":2,\"name\":\"Boutique\",\"item\":\"https:\\\/\\\/monarcshop.fr\\\/boutique\\\/\"},{\"@type\":\"ListItem\",\"position\":3,\"name\":\"Votre t-shirt personnalisable\"}]},{\"@type\":\"WebSite\",\"@id\":\"https:\\\/\\\/monarcshop.fr\\\/#website\",\"url\":\"https:\\\/\\\/monarcshop.fr\\\/\",\"name\":\"Monarc\u00ae\",\"description\":\"Feel the power\",\"publisher\":{\"@id\":\"https:\\\/\\\/monarcshop.fr\\\/#organization\"},\"potentialAction\":[{\"@type\":\"SearchAction\",\"target\":{\"@type\":\"EntryPoint\",\"urlTemplate\":\"https:\\\/\\\/monarcshop.fr\\\/?s={search_term_string}\"},\"query-input\":{\"@type\":\"PropertyValueSpecification\",\"valueRequired\":true,\"valueName\":\"search_term_string\"}}],\"inLanguage\":\"en-GB\"},{\"@type\":\"Organization\",\"@id\":\"https:\\\/\\\/monarcshop.fr\\\/#organization\",\"name\":\"Monarc\",\"url\":\"https:\\\/\\\/monarcshop.fr\\\/\",\"logo\":{\"@type\":\"ImageObject\",\"inLanguage\":\"en-GB\",\"@id\":\"https:\\\/\\\/monarcshop.fr\\\/#\\\/schema\\\/logo\\\/image\\\/\",\"url\":\"https:\\\/\\\/monarcshop.fr\\\/wp-content\\\/uploads\\\/2020\\\/02\\\/cropped-LogoR.png\",\"contentUrl\":\"https:\\\/\\\/monarcshop.fr\\\/wp-content\\\/uploads\\\/2020\\\/02\\\/cropped-LogoR.png\",\"width\":512,\"height\":512,\"caption\":\"Monarc\"},\"image\":{\"@id\":\"https:\\\/\\\/monarcshop.fr\\\/#\\\/schema\\\/logo\\\/image\\\/\"},\"sameAs\":[\"https:\\\/\\\/www.instagram.com\\\/monarc_shop\\\/?hl=fr\",\"https:\\\/\\\/www.youtube.com\\\/watch?v=bh_8GNdUosU&amp;amp;amp;feature=emb_title&amp;amp;amp;ab_channel=MrGoodLife\"]}]}<\/script>\n<!-- \/ Yoast SEO plugin. -->","yoast_head_json":{"title":"Votre t-shirt personnalisable - Monarc\u00ae","robots":{"index":"index","follow":"follow","max-snippet":"max-snippet:-1","max-image-preview":"max-image-preview:large","max-video-preview":"max-video-preview:-1"},"canonical":"https:\/\/monarcshop.fr\/en\/boutique\/t-shirt\/t-shirtvierge\/t-shirt-vierge-a-personnaliser\/","og_locale":"en_GB","og_type":"article","og_title":"Votre t-shirt personnalisable - Monarc\u00ae","og_description":"100% coton Bio tr\u00e8s l\u00e9ger avec des finitions parfaites, personnalisation bien visible et de bonne qualit\u00e9.","og_url":"https:\/\/monarcshop.fr\/en\/boutique\/t-shirt\/t-shirtvierge\/t-shirt-vierge-a-personnaliser\/","og_site_name":"Monarc\u00ae","article_modified_time":"2022-07-27T22:55:24+00:00","og_image":[{"width":800,"height":815,"url":"https:\/\/monarcshop.fr\/wp-content\/uploads\/2020\/05\/tshirtvierge-e1593770987918.png","type":"image\/png"}],"twitter_misc":{"Estimated reading time":"2 minutes"},"schema":{"@context":"https:\/\/schema.org","@graph":[{"@type":"WebPage","@id":"https:\/\/monarcshop.fr\/boutique\/t-shirt\/t-shirtvierge\/t-shirt-vierge-a-personnaliser\/","url":"https:\/\/monarcshop.fr\/boutique\/t-shirt\/t-shirtvierge\/t-shirt-vierge-a-personnaliser\/","name":"Votre t-shirt personnalisable - Monarc\u00ae","isPartOf":{"@id":"https:\/\/monarcshop.fr\/#website"},"primaryImageOfPage":{"@id":"https:\/\/monarcshop.fr\/boutique\/t-shirt\/t-shirtvierge\/t-shirt-vierge-a-personnaliser\/#primaryimage"},"image":{"@id":"https:\/\/monarcshop.fr\/boutique\/t-shirt\/t-shirtvierge\/t-shirt-vierge-a-personnaliser\/#primaryimage"},"thumbnailUrl":"https:\/\/monarcshop.fr\/wp-content\/uploads\/2020\/05\/tshirtvierge-e1593770987918.png","datePublished":"2020-05-25T21:32:40+00:00","dateModified":"2022-07-27T22:55:24+00:00","breadcrumb":{"@id":"https:\/\/monarcshop.fr\/boutique\/t-shirt\/t-shirtvierge\/t-shirt-vierge-a-personnaliser\/#breadcrumb"},"inLanguage":"en-GB","potentialAction":[{"@type":"ReadAction","target":["https:\/\/monarcshop.fr\/boutique\/t-shirt\/t-shirtvierge\/t-shirt-vierge-a-personnaliser\/"]}]},{"@type":"ImageObject","inLanguage":"en-GB","@id":"https:\/\/monarcshop.fr\/boutique\/t-shirt\/t-shirtvierge\/t-shirt-vierge-a-personnaliser\/#primaryimage","url":"https:\/\/monarcshop.fr\/wp-content\/uploads\/2020\/05\/tshirtvierge-e1593770987918.png","contentUrl":"https:\/\/monarcshop.fr\/wp-content\/uploads\/2020\/05\/tshirtvierge-e1593770987918.png","width":800,"height":815},{"@type":"BreadcrumbList","@id":"https:\/\/monarcshop.fr\/boutique\/t-shirt\/t-shirtvierge\/t-shirt-vierge-a-personnaliser\/#breadcrumb","itemListElement":[{"@type":"ListItem","position":1,"name":"Accueil","item":"https:\/\/monarcshop.fr\/"},{"@type":"ListItem","position":2,"name":"Boutique","item":"https:\/\/monarcshop.fr\/boutique\/"},{"@type":"ListItem","position":3,"name":"Votre t-shirt personnalisable"}]},{"@type":"WebSite","@id":"https:\/\/monarcshop.fr\/#website","url":"https:\/\/monarcshop.fr\/","name":"Monarc\u00ae","description":"Feel the power","publisher":{"@id":"https:\/\/monarcshop.fr\/#organization"},"potentialAction":[{"@type":"SearchAction","target":{"@type":"EntryPoint","urlTemplate":"https:\/\/monarcshop.fr\/?s={search_term_string}"},"query-input":{"@type":"PropertyValueSpecification","valueRequired":true,"valueName":"search_term_string"}}],"inLanguage":"en-GB"},{"@type":"Organization","@id":"https:\/\/monarcshop.fr\/#organization","name":"Monarc","url":"https:\/\/monarcshop.fr\/","logo":{"@type":"ImageObject","inLanguage":"en-GB","@id":"https:\/\/monarcshop.fr\/#\/schema\/logo\/image\/","url":"https:\/\/monarcshop.fr\/wp-content\/uploads\/2020\/02\/cropped-LogoR.png","contentUrl":"https:\/\/monarcshop.fr\/wp-content\/uploads\/2020\/02\/cropped-LogoR.png","width":512,"height":512,"caption":"Monarc"},"image":{"@id":"https:\/\/monarcshop.fr\/#\/schema\/logo\/image\/"},"sameAs":["https:\/\/www.instagram.com\/monarc_shop\/?hl=fr","https:\/\/www.youtube.com\/watch?v=bh_8GNdUosU&amp;amp;amp;feature=emb_title&amp;amp;amp;ab_channel=MrGoodLife"]}]}},"_links":{"self":[{"href":"https:\/\/monarcshop.fr\/en\/wp-json\/wp\/v2\/product\/3652","targetHints":{"allow":["GET"]}}],"collection":[{"href":"https:\/\/monarcshop.fr\/en\/wp-json\/wp\/v2\/product"}],"about":[{"href":"https:\/\/monarcshop.fr\/en\/wp-json\/wp\/v2\/types\/product"}],"replies":[{"embeddable":true,"href":"https:\/\/monarcshop.fr\/en\/wp-json\/wp\/v2\/comments?post=3652"}],"wp:featuredmedia":[{"embeddable":true,"href":"https:\/\/monarcshop.fr\/en\/wp-json\/wp\/v2\/media\/3670"}],"wp:attachment":[{"href":"https:\/\/monarcshop.fr\/en\/wp-json\/wp\/v2\/media?parent=3652"}],"wp:term":[{"taxonomy":"product_brand","embeddable":true,"href":"https:\/\/monarcshop.fr\/en\/wp-json\/wp\/v2\/product_brand?post=3652"},{"taxonomy":"product_cat","embeddable":true,"href":"https:\/\/monarcshop.fr\/en\/wp-json\/wp\/v2\/product_cat?post=3652"},{"taxonomy":"product_tag","embeddable":true,"href":"https:\/\/monarcshop.fr\/en\/wp-json\/wp\/v2\/product_tag?post=3652"}],"curies":[{"name":"wp","href":"https:\/\/api.w.org\/{rel}","templated":true}]}}