{"id":174,"date":"2020-01-01T16:54:44","date_gmt":"2020-01-01T15:54:44","guid":{"rendered":"http:\/\/monarcshop.fr\/?page_id=174"},"modified":"2023-04-10T15:03:25","modified_gmt":"2023-04-10T14:03:25","slug":"accueil","status":"publish","type":"page","link":"https:\/\/monarcshop.fr\/en\/","title":{"rendered":"Home"},"content":{"rendered":"<div class=\"wpb-content-wrapper\"><div class=\"vc_row wpb_row vc_row-fluid\"><div class=\"wpb_column vc_column_container vc_col-sm-12\"><div class=\"vc_column-inner\"><div class=\"wpb_wrapper\">\n\t<div class=\"wpb_text_column wpb_content_element vc_custom_1619646908106\" >\n\t\t<div class=\"wpb_wrapper\">\n\t\t\t<div id=\"metaslider-id-6709\" style=\"width: 100%; margin: 0 auto;\" class=\"ml-slider-3-109-0 metaslider metaslider-nivo metaslider-6709 ml-slider has-dots-nav ms-theme-default\" role=\"region\" aria-label=\"Nouveau diaporama\" data-height=\"1080\" data-width=\"1920\">\n    <div id=\"metaslider_container_6709\">\n        <div class='slider-wrapper theme-default'><div class='ribbon'><\/div><div id='metaslider_6709' class='nivoSlider'><a href=\"https:\/\/monarcshop.fr\/en\/qui-sommes-nous\/\" target=\"_blank\"><img loading=\"lazy\" decoding=\"async\" src=\"https:\/\/monarcshop.fr\/wp-content\/uploads\/2021\/01\/Quisnous-1-1920x1080.png\" height=\"1080\" width=\"1920\" title=\"Quisommenous\" alt=\"\" class=\"slider-6709 slide-7372 msDefaultImage\" \/><\/a><a href=\"https:\/\/monarcshop.fr\/en\/boutique\/sweatshirt\/sweatshirt-love-2\/\" target=\"_self\"><img loading=\"lazy\" decoding=\"async\" src=\"https:\/\/monarcshop.fr\/wp-content\/uploads\/2023\/04\/9-1920x1080.png\" height=\"1080\" width=\"1920\" title=\"9\" alt=\"\" class=\"slider-6709 slide-7692 msDefaultImage\" \/><\/a><a href=\"https:\/\/monarcshop.fr\/en\/boutique\/t-shirt\/fatma-hand\/\" target=\"_self\"><img loading=\"lazy\" decoding=\"async\" src=\"https:\/\/monarcshop.fr\/wp-content\/uploads\/2021\/01\/MonarcgoldG-1920x1080.png\" height=\"1080\" width=\"1920\" title=\"MonarcgoldG\" alt=\"\" class=\"slider-6709 slide-7688 msDefaultImage\" \/><\/a><a href=\"https:\/\/monarcshop.fr\/en\/boutique\/t-shirt\/t-shirt-titrite\/\" target=\"_self\"><img loading=\"lazy\" decoding=\"async\" src=\"https:\/\/monarcshop.fr\/wp-content\/uploads\/2023\/04\/greece-1920x1080.png\" height=\"1080\" width=\"1920\" title=\"greece\" alt=\"\" class=\"slider-6709 slide-7687 msDefaultImage\" \/><\/a><img loading=\"lazy\" decoding=\"async\" src=\"https:\/\/monarcshop.fr\/wp-content\/uploads\/2021\/03\/Presentations-de-nos-porduits-Monarc.png\" height=\"1080\" width=\"1920\" title=\"Presentations de nos porduits Monarc\" alt=\"\" class=\"slider-6709 slide-6813 msDefaultImage\" \/><img loading=\"lazy\" decoding=\"async\" src=\"https:\/\/monarcshop.fr\/wp-content\/uploads\/2021\/03\/2.png\" height=\"1080\" width=\"1920\" title=\"2\" alt=\"\" class=\"slider-6709 slide-6710 msDefaultImage\" \/><img loading=\"lazy\" decoding=\"async\" src=\"https:\/\/monarcshop.fr\/wp-content\/uploads\/2021\/03\/1-1.png\" height=\"1080\" width=\"1920\" title=\"1\" alt=\"\" class=\"slider-6709 slide-6711 msDefaultImage\" \/><a href=\"https:\/\/monarcshop.fr\/en\/boutique\/illustration\/illustration-astro\/\" target=\"_self\"><img loading=\"lazy\" decoding=\"async\" src=\"https:\/\/monarcshop.fr\/wp-content\/uploads\/2022\/07\/Illust_Astro-1920x1080.png\" height=\"1080\" width=\"1920\" title=\"Illust_Astro\" alt=\"\" class=\"slider-6709 slide-7685 msDefaultImage\" \/><\/a><img loading=\"lazy\" decoding=\"async\" src=\"https:\/\/monarcshop.fr\/wp-content\/uploads\/2021\/01\/papillon-monarque-cycle-vie--1920x1080.png\" height=\"1080\" width=\"1920\" title=\"papillon-monarque-cycle-vie\" alt=\"\" class=\"slider-6709 slide-7175 msDefaultImage\" \/><\/div><\/div>\n        \n    <\/div>\n<\/div>\n\n\t\t<\/div>\n\t<\/div>\n<\/div><\/div><\/div><\/div><div class=\"vc_row wpb_row vc_row-fluid\"><div class=\"wpb_column vc_column_container vc_col-sm-8\"><div class=\"vc_column-inner\"><div class=\"wpb_wrapper\">\n\t<div class=\"wpb_text_column wpb_content_element\" >\n\t\t<div class=\"wpb_wrapper\">\n\t\t\t<h2><span style=\"color: #000000;\">Let your talent speak!<\/span><\/h2>\n<p><span style=\"color: #000000;\">Chez Monarc\u00ae nous croyons que pour r\u00e9aliser de beaux produits, il faut \u00eatre libre. Libre de pouvoir faire ce que l\u2019on souhaite et surtout d\u2019en \u00eatre fier.<\/span><\/p>\n<p><span style=\"color: #000000;\">We give you carte blanche, you are free to make your own products and let your imagination run wild.<\/span><\/p>\n<p><span style=\"color: #000000;\">Parfois la barri\u00e8re entre le monde r\u00e9el et imaginaire est tellement mince, qu\u2019en quelques secondes elle se transperce. Exprimer des choses que l\u2019on a pas l\u2019habitude de voir et d\u2019entendre c\u2019est \u00e7a notre motivation.<\/span><\/p>\n<p><span style=\"color: #000000;\">Laissons enfin s\u2019exprimer le talent de chacun pour qu\u2019il se sente libre de toutes contraintes ! Vivez vos r\u00eaves, soyeux heureux et partagez votre passion avec tous.<\/span><\/p>\n<p><span style=\"color: #000000;\">#FeelThepower<\/span><\/p>\n\n\t\t<\/div>\n\t<\/div>\n<\/div><\/div><\/div><div class=\"wpb_column vc_column_container vc_col-sm-4\"><div class=\"vc_column-inner\"><div class=\"wpb_wrapper\">\n\t<div  class=\"wpb_single_image wpb_content_element vc_align_center wpb_content_element\">\n\t\t<h2 class=\"wpb_heading wpb_singleimage_heading\">D\u00e9couvrez nos produits<\/h2>\n\t\t<figure class=\"wpb_wrapper vc_figure\">\n\t\t\t<a href=\"https:\/\/monarcshop.fr\/en\/product-category\/t-shirt\/\" target=\"_self\" class=\"vc_single_image-wrapper vc_box_border_circle  vc_box_border_grey\"><img decoding=\"async\" class=\"vc_single_image-img\" src=\"https:\/\/monarcshop.fr\/wp-content\/uploads\/2023\/04\/3Tshirt-200x200.png\" width=\"200\" height=\"200\" alt=\"3Tshirt\" title=\"3Tshirt\" loading=\"lazy\" \/><\/a>\n\t\t<\/figure>\n\t<\/div>\n<\/div><\/div><\/div><\/div><div class=\"vc_row wpb_row vc_row-fluid\"><div class=\"wpb_column vc_column_container vc_col-sm-8\"><div class=\"vc_column-inner\"><div class=\"wpb_wrapper\">\n\t<div class=\"wpb_text_column wpb_content_element\" >\n\t\t<div class=\"wpb_wrapper\">\n\t\t\t<h2><\/h2>\n<h2><span style=\"color: #000000;\">Customize your clothes simply and quickly !<\/span><\/h2>\n<p><span style=\"color: #000000;\">Monarc\u00ae vous offre la possibilit\u00e9 de pouvoir personnaliser son T-Shirt, Sweat ou autre v\u00eatement par un design, un texte ou toute chose faisant r\u00e9f\u00e9rence \u00e0 ce qu\u2019il aime ? ! Laissez libre court \u00e0 votre imagination et cr\u00e9ez le <\/span><span style=\"color: #000000;\">produit de votre imagination.<\/span><\/p>\n<p><span style=\"color: #000000;\">En quelques clics, votre produit est cr\u00e9\u00e9 puis nous pouvons l\u2019imprimer par la suite. Rien <\/span><span style=\"color: #000000;\">n\u2019est plus simple que de cr\u00e9er votre propre v\u00eatement ! nous proposons \u00e9galement nos designs disponible dans\u00a0 \u00a0 \u00a0 \u00a0 \u00a0 \u00a0 \u00a0 \u00a0 \u00a0 \u00a0 \u00a0 <\/span><span style=\"color: #ffcc00;\"><a style=\"color: #ffcc00;\" href=\"https:\/\/monarcshop.fr\/en\/product-category\/t-shirt\/\">Nos <\/a><a style=\"color: #ffcc00;\" href=\"https:\/\/monarcshop.fr\/en\/boutique\/\">collections<\/a><\/span><span style=\"color: #000000;\">.\u00a0\u00a0<\/span><\/p>\n\n\t\t<\/div>\n\t<\/div>\n\n<div class=\"vc-zigzag-wrapper vc-zigzag-align-center\"><div class=\"vc-zigzag-inner\" style=\"width: 100%;min-height: 14px;background: 0 repeat-x url(&#039;data:image\/svg+xml;utf-8,%3C%3Fxml%20version%3D%221.0%22%20encoding%3D%22utf-8%22%3F%3E%3C%21DOCTYPE%20svg%20PUBLIC%20%22-%2F%2FW3C%2F%2FDTD%20SVG%201.1%2F%2FEN%22%20%22http%3A%2F%2Fwww.w3.org%2FGraphics%2FSVG%2F1.1%2FDTD%2Fsvg11.dtd%22%3E%3Csvg%20width%3D%2214px%22%20height%3D%2212px%22%20viewBox%3D%220%200%2018%2015%22%20version%3D%221.1%22%20xmlns%3D%22http%3A%2F%2Fwww.w3.org%2F2000%2Fsvg%22%20xmlns%3Axlink%3D%22http%3A%2F%2Fwww.w3.org%2F1999%2Fxlink%22%3E%3Cpolygon%20id%3D%22Combined-Shape%22%20fill%3D%22%23ffffff%22%20points%3D%228.98762301%200%200%209.12771969%200%2014.519983%209%205.40479869%2018%2014.519983%2018%209.12771969%22%3E%3C%2Fpolygon%3E%3C%2Fsvg%3E&#039;);\"><\/div><\/div>\n<div class=\"vc-zigzag-wrapper vc-zigzag-align-center\"><div class=\"vc-zigzag-inner\" style=\"width: 100%;min-height: 14px;background: 0 repeat-x url(&#039;data:image\/svg+xml;utf-8,%3C%3Fxml%20version%3D%221.0%22%20encoding%3D%22utf-8%22%3F%3E%3C%21DOCTYPE%20svg%20PUBLIC%20%22-%2F%2FW3C%2F%2FDTD%20SVG%201.1%2F%2FEN%22%20%22http%3A%2F%2Fwww.w3.org%2FGraphics%2FSVG%2F1.1%2FDTD%2Fsvg11.dtd%22%3E%3Csvg%20width%3D%2214px%22%20height%3D%2212px%22%20viewBox%3D%220%200%2018%2015%22%20version%3D%221.1%22%20xmlns%3D%22http%3A%2F%2Fwww.w3.org%2F2000%2Fsvg%22%20xmlns%3Axlink%3D%22http%3A%2F%2Fwww.w3.org%2F1999%2Fxlink%22%3E%3Cpolygon%20id%3D%22Combined-Shape%22%20fill%3D%22%23ffffff%22%20points%3D%228.98762301%200%200%209.12771969%200%2014.519983%209%205.40479869%2018%2014.519983%2018%209.12771969%22%3E%3C%2Fpolygon%3E%3C%2Fsvg%3E&#039;);\"><\/div><\/div>\n<div class=\"vc-zigzag-wrapper vc-zigzag-align-center\"><div class=\"vc-zigzag-inner\" style=\"width: 100%;min-height: 14px;background: 0 repeat-x url(&#039;data:image\/svg+xml;utf-8,%3C%3Fxml%20version%3D%221.0%22%20encoding%3D%22utf-8%22%3F%3E%3C%21DOCTYPE%20svg%20PUBLIC%20%22-%2F%2FW3C%2F%2FDTD%20SVG%201.1%2F%2FEN%22%20%22http%3A%2F%2Fwww.w3.org%2FGraphics%2FSVG%2F1.1%2FDTD%2Fsvg11.dtd%22%3E%3Csvg%20width%3D%2214px%22%20height%3D%2212px%22%20viewBox%3D%220%200%2018%2015%22%20version%3D%221.1%22%20xmlns%3D%22http%3A%2F%2Fwww.w3.org%2F2000%2Fsvg%22%20xmlns%3Axlink%3D%22http%3A%2F%2Fwww.w3.org%2F1999%2Fxlink%22%3E%3Cpolygon%20id%3D%22Combined-Shape%22%20fill%3D%22%23ffffff%22%20points%3D%228.98762301%200%200%209.12771969%200%2014.519983%209%205.40479869%2018%2014.519983%2018%209.12771969%22%3E%3C%2Fpolygon%3E%3C%2Fsvg%3E&#039;);\"><\/div><\/div><\/div><\/div><\/div><div class=\"wpb_column vc_column_container vc_col-sm-4\"><div class=\"vc_column-inner\"><div class=\"wpb_wrapper\">\n\t<div  class=\"wpb_single_image wpb_content_element vc_align_center wpb_content_element\">\n\t\t<h2 class=\"wpb_heading wpb_singleimage_heading\">D\u00e9couvrez nos produits<\/h2>\n\t\t<figure class=\"wpb_wrapper vc_figure\">\n\t\t\t<a href=\"https:\/\/monarcshop.fr\/en\/product-category\/sweatshirt\/\" target=\"_self\" class=\"vc_single_image-wrapper vc_box_border_circle  vc_box_border_grey\"><img decoding=\"async\" class=\"vc_single_image-img\" src=\"https:\/\/monarcshop.fr\/wp-content\/uploads\/2023\/04\/SWEAT-SHIRT_WulWhite-1-200x200.png\" width=\"200\" height=\"200\" alt=\"SWEAT-SHIRT_WulWhite\" title=\"SWEAT-SHIRT_WulWhite\" loading=\"lazy\" \/><\/a>\n\t\t<\/figure>\n\t<\/div>\n<\/div><\/div><\/div><\/div><div class=\"vc_row wpb_row vc_row-fluid\"><div class=\"wpb_column vc_column_container vc_col-sm-12\"><div class=\"vc_column-inner\"><div class=\"wpb_wrapper\"><div class=\"konte-promotion layout-inline text-default\"><p class=\"konte-promotion__text\"><\/p><\/div><\/div><\/div><\/div><\/div><div class=\"vc_row wpb_row vc_row-fluid\"><div data-vc-parallax-image=\"https:\/\/www.youtube.com\/watch?v=BfR_HeGmq-4&feature=emb_title&ab_channel=MrGoodLife\" data-vc-video-bg=\"https:\/\/www.youtube.com\/watch?v=BfR_HeGmq-4&feature=emb_title&ab_channel=MrGoodLife\" class=\"wpb_column vc_column_container vc_col-sm-12 vc_col-has-fill vc_video-bg-container\"><div class=\"vc_column-inner\"><div class=\"wpb_wrapper\">\n\t<div class=\"wpb_text_column wpb_content_element\" >\n\t\t<div class=\"wpb_wrapper\">\n\t\t\t\n\t\t<\/div>\n\t<\/div>\n<\/div><\/div><\/div><\/div><div class=\"vc_row wpb_row vc_row-fluid\"><div class=\"wpb_column vc_column_container vc_col-sm-12\"><div class=\"vc_column-inner\"><div class=\"wpb_wrapper\">\n<div class=\"vc-zigzag-wrapper vc-zigzag-align-center\"><div class=\"vc-zigzag-inner\" style=\"width: 100%;min-height: 14px;background: 0 repeat-x url(&#039;data:image\/svg+xml;utf-8,%3C%3Fxml%20version%3D%221.0%22%20encoding%3D%22utf-8%22%3F%3E%3C%21DOCTYPE%20svg%20PUBLIC%20%22-%2F%2FW3C%2F%2FDTD%20SVG%201.1%2F%2FEN%22%20%22http%3A%2F%2Fwww.w3.org%2FGraphics%2FSVG%2F1.1%2FDTD%2Fsvg11.dtd%22%3E%3Csvg%20width%3D%2214px%22%20height%3D%2212px%22%20viewBox%3D%220%200%2018%2015%22%20version%3D%221.1%22%20xmlns%3D%22http%3A%2F%2Fwww.w3.org%2F2000%2Fsvg%22%20xmlns%3Axlink%3D%22http%3A%2F%2Fwww.w3.org%2F1999%2Fxlink%22%3E%3Cpolygon%20id%3D%22Combined-Shape%22%20fill%3D%22%23ffffff%22%20points%3D%228.98762301%200%200%209.12771969%200%2014.519983%209%205.40479869%2018%2014.519983%2018%209.12771969%22%3E%3C%2Fpolygon%3E%3C%2Fsvg%3E&#039;);\"><\/div><\/div>\n\t<div class=\"wpb_text_column wpb_content_element\" >\n\t\t<div class=\"wpb_wrapper\">\n\t\t\t\n\t\t<\/div>\n\t<\/div>\n<\/div><\/div><\/div><\/div>\n<\/div>","protected":false},"excerpt":{"rendered":"Faites parler votre talent ! Chez Monarc\u00ae nous croyons que pour r\u00e9aliser de beaux produits, il faut \u00eatre libre. Libre de pouvoir faire ce que l'on souhaite et surtout d'en&hellip;","protected":false},"author":1,"featured_media":0,"parent":0,"menu_order":0,"comment_status":"closed","ping_status":"closed","template":"","meta":{"footnotes":""},"class_list":["post-174","page","type-page","status-publish","hentry"],"yoast_head":"<!-- This site is optimized with the Yoast SEO plugin v27.5 - https:\/\/yoast.com\/product\/yoast-seo-wordpress\/ -->\n<title>Accueil - Monarc\u00ae<\/title>\n<meta name=\"robots\" content=\"index, follow, max-snippet:-1, max-image-preview:large, max-video-preview:-1\" \/>\n<link rel=\"canonical\" href=\"https:\/\/monarcshop.fr\/en\/\" \/>\n<meta property=\"og:locale\" content=\"en_GB\" \/>\n<meta property=\"og:type\" content=\"article\" \/>\n<meta property=\"og:title\" content=\"Accueil - Monarc\u00ae\" \/>\n<meta property=\"og:url\" content=\"https:\/\/monarcshop.fr\/en\/\" \/>\n<meta property=\"og:site_name\" content=\"Monarc\u00ae\" \/>\n<meta property=\"article:modified_time\" content=\"2023-04-10T14:03:25+00:00\" \/>\n<meta name=\"twitter:label1\" content=\"Estimated reading time\" \/>\n\t<meta name=\"twitter:data1\" content=\"2 minutes\" \/>\n<script type=\"application\/ld+json\" class=\"yoast-schema-graph\">{\"@context\":\"https:\\\/\\\/schema.org\",\"@graph\":[{\"@type\":\"WebPage\",\"@id\":\"https:\\\/\\\/monarcshop.fr\\\/\",\"url\":\"https:\\\/\\\/monarcshop.fr\\\/\",\"name\":\"Accueil - Monarc\u00ae\",\"isPartOf\":{\"@id\":\"https:\\\/\\\/monarcshop.fr\\\/#website\"},\"datePublished\":\"2020-01-01T15:54:44+00:00\",\"dateModified\":\"2023-04-10T14:03:25+00:00\",\"breadcrumb\":{\"@id\":\"https:\\\/\\\/monarcshop.fr\\\/#breadcrumb\"},\"inLanguage\":\"en-GB\",\"potentialAction\":[{\"@type\":\"ReadAction\",\"target\":[\"https:\\\/\\\/monarcshop.fr\\\/\"]}]},{\"@type\":\"BreadcrumbList\",\"@id\":\"https:\\\/\\\/monarcshop.fr\\\/#breadcrumb\",\"itemListElement\":[{\"@type\":\"ListItem\",\"position\":1,\"name\":\"Accueil\",\"item\":\"https:\\\/\\\/monarcshop.fr\\\/\"},{\"@type\":\"ListItem\",\"position\":2,\"name\":\"Accueil\"}]},{\"@type\":\"WebSite\",\"@id\":\"https:\\\/\\\/monarcshop.fr\\\/#website\",\"url\":\"https:\\\/\\\/monarcshop.fr\\\/\",\"name\":\"Monarc\u00ae\",\"description\":\"Feel the power\",\"publisher\":{\"@id\":\"https:\\\/\\\/monarcshop.fr\\\/#organization\"},\"potentialAction\":[{\"@type\":\"SearchAction\",\"target\":{\"@type\":\"EntryPoint\",\"urlTemplate\":\"https:\\\/\\\/monarcshop.fr\\\/?s={search_term_string}\"},\"query-input\":{\"@type\":\"PropertyValueSpecification\",\"valueRequired\":true,\"valueName\":\"search_term_string\"}}],\"inLanguage\":\"en-GB\"},{\"@type\":\"Organization\",\"@id\":\"https:\\\/\\\/monarcshop.fr\\\/#organization\",\"name\":\"Monarc\",\"url\":\"https:\\\/\\\/monarcshop.fr\\\/\",\"logo\":{\"@type\":\"ImageObject\",\"inLanguage\":\"en-GB\",\"@id\":\"https:\\\/\\\/monarcshop.fr\\\/#\\\/schema\\\/logo\\\/image\\\/\",\"url\":\"https:\\\/\\\/monarcshop.fr\\\/wp-content\\\/uploads\\\/2020\\\/02\\\/cropped-LogoR.png\",\"contentUrl\":\"https:\\\/\\\/monarcshop.fr\\\/wp-content\\\/uploads\\\/2020\\\/02\\\/cropped-LogoR.png\",\"width\":512,\"height\":512,\"caption\":\"Monarc\"},\"image\":{\"@id\":\"https:\\\/\\\/monarcshop.fr\\\/#\\\/schema\\\/logo\\\/image\\\/\"},\"sameAs\":[\"https:\\\/\\\/www.instagram.com\\\/monarc_shop\\\/?hl=fr\",\"https:\\\/\\\/www.youtube.com\\\/watch?v=bh_8GNdUosU&amp;amp;amp;feature=emb_title&amp;amp;amp;ab_channel=MrGoodLife\"]}]}<\/script>\n<!-- \/ Yoast SEO plugin. -->","yoast_head_json":{"title":"Accueil - Monarc\u00ae","robots":{"index":"index","follow":"follow","max-snippet":"max-snippet:-1","max-image-preview":"max-image-preview:large","max-video-preview":"max-video-preview:-1"},"canonical":"https:\/\/monarcshop.fr\/en\/","og_locale":"en_GB","og_type":"article","og_title":"Accueil - Monarc\u00ae","og_url":"https:\/\/monarcshop.fr\/en\/","og_site_name":"Monarc\u00ae","article_modified_time":"2023-04-10T14:03:25+00:00","twitter_misc":{"Estimated reading time":"2 minutes"},"schema":{"@context":"https:\/\/schema.org","@graph":[{"@type":"WebPage","@id":"https:\/\/monarcshop.fr\/","url":"https:\/\/monarcshop.fr\/","name":"Accueil - Monarc\u00ae","isPartOf":{"@id":"https:\/\/monarcshop.fr\/#website"},"datePublished":"2020-01-01T15:54:44+00:00","dateModified":"2023-04-10T14:03:25+00:00","breadcrumb":{"@id":"https:\/\/monarcshop.fr\/#breadcrumb"},"inLanguage":"en-GB","potentialAction":[{"@type":"ReadAction","target":["https:\/\/monarcshop.fr\/"]}]},{"@type":"BreadcrumbList","@id":"https:\/\/monarcshop.fr\/#breadcrumb","itemListElement":[{"@type":"ListItem","position":1,"name":"Accueil","item":"https:\/\/monarcshop.fr\/"},{"@type":"ListItem","position":2,"name":"Accueil"}]},{"@type":"WebSite","@id":"https:\/\/monarcshop.fr\/#website","url":"https:\/\/monarcshop.fr\/","name":"Monarc\u00ae","description":"Feel the power","publisher":{"@id":"https:\/\/monarcshop.fr\/#organization"},"potentialAction":[{"@type":"SearchAction","target":{"@type":"EntryPoint","urlTemplate":"https:\/\/monarcshop.fr\/?s={search_term_string}"},"query-input":{"@type":"PropertyValueSpecification","valueRequired":true,"valueName":"search_term_string"}}],"inLanguage":"en-GB"},{"@type":"Organization","@id":"https:\/\/monarcshop.fr\/#organization","name":"Monarc","url":"https:\/\/monarcshop.fr\/","logo":{"@type":"ImageObject","inLanguage":"en-GB","@id":"https:\/\/monarcshop.fr\/#\/schema\/logo\/image\/","url":"https:\/\/monarcshop.fr\/wp-content\/uploads\/2020\/02\/cropped-LogoR.png","contentUrl":"https:\/\/monarcshop.fr\/wp-content\/uploads\/2020\/02\/cropped-LogoR.png","width":512,"height":512,"caption":"Monarc"},"image":{"@id":"https:\/\/monarcshop.fr\/#\/schema\/logo\/image\/"},"sameAs":["https:\/\/www.instagram.com\/monarc_shop\/?hl=fr","https:\/\/www.youtube.com\/watch?v=bh_8GNdUosU&amp;amp;amp;feature=emb_title&amp;amp;amp;ab_channel=MrGoodLife"]}]}},"_links":{"self":[{"href":"https:\/\/monarcshop.fr\/en\/wp-json\/wp\/v2\/pages\/174","targetHints":{"allow":["GET"]}}],"collection":[{"href":"https:\/\/monarcshop.fr\/en\/wp-json\/wp\/v2\/pages"}],"about":[{"href":"https:\/\/monarcshop.fr\/en\/wp-json\/wp\/v2\/types\/page"}],"author":[{"embeddable":true,"href":"https:\/\/monarcshop.fr\/en\/wp-json\/wp\/v2\/users\/1"}],"replies":[{"embeddable":true,"href":"https:\/\/monarcshop.fr\/en\/wp-json\/wp\/v2\/comments?post=174"}],"version-history":[{"count":136,"href":"https:\/\/monarcshop.fr\/en\/wp-json\/wp\/v2\/pages\/174\/revisions"}],"predecessor-version":[{"id":7988,"href":"https:\/\/monarcshop.fr\/en\/wp-json\/wp\/v2\/pages\/174\/revisions\/7988"}],"wp:attachment":[{"href":"https:\/\/monarcshop.fr\/en\/wp-json\/wp\/v2\/media?parent=174"}],"curies":[{"name":"wp","href":"https:\/\/api.w.org\/{rel}","templated":true}]}}