{"id":1215,"date":"2020-01-09T22:39:17","date_gmt":"2020-01-09T21:39:17","guid":{"rendered":"http:\/\/monarcshop.fr\/?page_id=1215"},"modified":"2023-01-24T19:58:53","modified_gmt":"2023-01-24T18:58:53","slug":"qui-sommes-nous","status":"publish","type":"page","link":"https:\/\/monarcshop.fr\/en\/qui-sommes-nous\/","title":{"rendered":"Who we are ?"},"content":{"rendered":"<div class=\"wpb-content-wrapper\"><div class=\"vc_row wpb_row vc_row-fluid\"><div class=\"wpb_column vc_column_container vc_col-sm-12\"><div class=\"vc_column-inner\"><div class=\"wpb_wrapper\">\n\t<div class=\"wpb_raw_code wpb_raw_html wpb_content_element\" >\n\t\t<div class=\"wpb_wrapper\">\n\t\t\t<video width=\"1067\" height=\"720\"  loop autoplay muted controls id=\"vid\">\n         <source type=\"video\/mp4\" src=\"https:\/\/monarcshop.fr\/wp-content\/uploads\/2021\/01\/2021Monarc.mp4\"><\/source>\n         <source type=\"video\/ogg\" src=\"https:\/\/monarcshop.fr\/wp-content\/uploads\/2021\/01\/2021Monarc.mp4\"><\/source>\n<\/video>\n\n\t\t<\/div>\n\t<\/div>\n<\/div><\/div><\/div><\/div><div class=\"vc_row wpb_row vc_row-fluid\"><div class=\"wpb_column vc_column_container vc_col-sm-3\"><div class=\"vc_column-inner\"><div class=\"wpb_wrapper\"><div class=\"wpb_gallery wpb_content_element vc_clearfix wpb_content_element\" ><div class=\"wpb_wrapper\"><div class=\"wpb_gallery_slides wpb_flexslider flexslider_fade flexslider\" data-interval=\"3\" data-flex_fx=\"fade\"><ul class=\"slides\"><li><a class=\"\" href=\"https:\/\/monarcshop.fr\/wp-content\/uploads\/2020\/08\/Sabr_W-987x1024.jpg\" data-lightbox=\"lightbox[rel-1215-415440368]\"><img decoding=\"async\" class=\"\" src=\"https:\/\/monarcshop.fr\/wp-content\/uploads\/2020\/08\/Sabr_W-400x400.jpg\" width=\"400\" height=\"400\" alt=\"Sabr_W\" title=\"Sabr_W\" loading=\"lazy\" \/><\/a><\/li><li><a class=\"\" href=\"https:\/\/monarcshop.fr\/wp-content\/uploads\/2020\/08\/Tarbat_W-987x1024.jpg\" data-lightbox=\"lightbox[rel-1215-415440368]\"><img decoding=\"async\" class=\"\" src=\"https:\/\/monarcshop.fr\/wp-content\/uploads\/2020\/08\/Tarbat_W-400x400.jpg\" width=\"400\" height=\"400\" alt=\"Tarbat_W\" title=\"Tarbat_W\" loading=\"lazy\" \/><\/a><\/li><li><a class=\"\" href=\"https:\/\/monarcshop.fr\/wp-content\/uploads\/2020\/08\/Othdidou_W-987x1024.jpg\" data-lightbox=\"lightbox[rel-1215-415440368]\"><img decoding=\"async\" class=\"\" src=\"https:\/\/monarcshop.fr\/wp-content\/uploads\/2020\/08\/Othdidou_W-400x400.jpg\" width=\"400\" height=\"400\" alt=\"Othdidou_W\" title=\"Othdidou_W\" loading=\"lazy\" \/><\/a><\/li><li><a class=\"\" href=\"https:\/\/monarcshop.fr\/wp-content\/uploads\/2021\/08\/MedusaGB-987x1024.jpg\" data-lightbox=\"lightbox[rel-1215-415440368]\"><img decoding=\"async\" class=\"\" src=\"https:\/\/monarcshop.fr\/wp-content\/uploads\/2021\/08\/MedusaGB-400x400.jpg\" width=\"400\" height=\"400\" alt=\"MedusaGB\" title=\"MedusaGB\" loading=\"lazy\" \/><\/a><\/li><li><a class=\"\" href=\"https:\/\/monarcshop.fr\/wp-content\/uploads\/2020\/08\/SymbolZ_W-987x1024.jpg\" data-lightbox=\"lightbox[rel-1215-415440368]\"><img decoding=\"async\" class=\"\" src=\"https:\/\/monarcshop.fr\/wp-content\/uploads\/2020\/08\/SymbolZ_W-400x400.jpg\" width=\"400\" height=\"400\" alt=\"SymbolZ_W\" title=\"SymbolZ_W\" loading=\"lazy\" \/><\/a><\/li><\/ul><\/div><\/div><\/div><\/div><\/div><\/div><div class=\"wpb_column vc_column_container vc_col-sm-6\"><div class=\"vc_column-inner\"><div class=\"wpb_wrapper\">\n\t<div class=\"wpb_text_column wpb_content_element\" >\n\t\t<div class=\"wpb_wrapper\">\n\t\t\t<h4><strong>Qui suis-je ?<\/strong><\/h4>\n<p class=\"sqsrte-large\"><strong>Mon parcours artistique a commenc\u00e9 d\u00e8s ma plus tendre enfance. Cette passion m\u2019a accompagn\u00e9 tout au long de ma jeunesse.<\/strong><\/p>\n<p><strong>La nature et les animaux sont mes principales sources d\u2019inspiration.\u00a0 j\u2019aime m\u2019inspirer des paysages et des animaux du monde entier, m\u00eame s\u2019il m\u2019arrive parfois de m\u2019inspirer de panoramas plus lointains.<\/strong><\/p>\n\n\t\t<\/div>\n\t<\/div>\n\n\t<div class=\"wpb_text_column wpb_content_element\" >\n\t\t<div class=\"wpb_wrapper\">\n\t\t\t<p><strong><a href=\"https:\/\/monarcshop.fr\/wp-content\/uploads\/2021\/01\/papillon-monarque-cycle-vie-.png\"><img loading=\"lazy\" decoding=\"async\" class=\"size-medium wp-image-5839 alignleft\" src=\"https:\/\/monarcshop.fr\/wp-content\/uploads\/2021\/01\/papillon-monarque-cycle-vie--300x148.png\" alt=\"\" width=\"300\" height=\"148\" srcset=\"https:\/\/monarcshop.fr\/wp-content\/uploads\/2021\/01\/papillon-monarque-cycle-vie--300x148.png 300w, https:\/\/monarcshop.fr\/wp-content\/uploads\/2021\/01\/papillon-monarque-cycle-vie--1024x506.png 1024w, https:\/\/monarcshop.fr\/wp-content\/uploads\/2021\/01\/papillon-monarque-cycle-vie--768x379.png 768w, https:\/\/monarcshop.fr\/wp-content\/uploads\/2021\/01\/papillon-monarque-cycle-vie--1536x758.png 1536w, https:\/\/monarcshop.fr\/wp-content\/uploads\/2021\/01\/papillon-monarque-cycle-vie--2048x1011.png 2048w, https:\/\/monarcshop.fr\/wp-content\/uploads\/2021\/01\/papillon-monarque-cycle-vie--16x8.png 16w, https:\/\/monarcshop.fr\/wp-content\/uploads\/2021\/01\/papillon-monarque-cycle-vie--60x30.png 60w, https:\/\/monarcshop.fr\/wp-content\/uploads\/2021\/01\/papillon-monarque-cycle-vie--568x280.png 568w\" sizes=\"auto, (max-width: 300px) 100vw, 300px\" \/><\/a>L\u2019histoire de monarque \u00e0 d\u00e9buter avec une ambition cr\u00e9ative, professionnels en graphisme j\u2019ai d\u00e9cid\u00e9 de cr\u00e9er ce b\u00e9b\u00e9 papillon monarc collection.<\/strong><\/p>\n<p>\u00a0<\/p>\n<p><strong>\u00a0<\/strong><\/p>\n<p>\u00a0<\/p>\n<p><strong><a href=\"https:\/\/monarcshop.fr\/wp-content\/uploads\/2020\/06\/Trahalteee-e1593941022886.png\"><img loading=\"lazy\" decoding=\"async\" class=\"size-medium wp-image-4798 alignright\" src=\"https:\/\/monarcshop.fr\/wp-content\/uploads\/2020\/06\/Trahalteee-300x264.png\" alt=\"\" width=\"300\" height=\"264\" \/><\/a>\u00c9tant passionn\u00e9s d\u2019art et de mode, mon but final et de proposer un produit diff\u00e9rents unique. pour elle et pour lui.<\/strong><\/p>\n<p>\u00a0<\/p>\n<p>\u00a0<\/p>\n<p>\u00a0<\/p>\n<p>\u00a0<\/p>\n<p>\u00a0<\/p>\n<p><strong>La mode et l\u2019\u00e9cologie, je fais de mon mieux pour vos propos\u00e9 des produits raisonnable \u00e9co respectueux de l\u2019environnement.<strong><br \/>\n<strong>Nous sommes fiers de nous \u00eatre engag\u00e9s dans une telle aventure qui est aussi la v\u00f4tre ! partagez notre concept \u00e0 votre entourage. rejoignez notre \u00e9quipe.<\/strong><\/strong><\/strong><\/p>\n<p><a href=\"https:\/\/monarcshop.fr\/wp-content\/uploads\/2021\/04\/Untitled-1-scaled.jpg\"><img loading=\"lazy\" decoding=\"async\" class=\"aligncenter wp-image-7099 size-large\" src=\"https:\/\/monarcshop.fr\/wp-content\/uploads\/2021\/04\/Untitled-1-987x1024.jpg\" alt=\"\" width=\"987\" height=\"1024\" srcset=\"https:\/\/monarcshop.fr\/wp-content\/uploads\/2021\/04\/Untitled-1-987x1024.jpg 987w, https:\/\/monarcshop.fr\/wp-content\/uploads\/2021\/04\/Untitled-1-289x300.jpg 289w, https:\/\/monarcshop.fr\/wp-content\/uploads\/2021\/04\/Untitled-1-768x797.jpg 768w, https:\/\/monarcshop.fr\/wp-content\/uploads\/2021\/04\/Untitled-1-1480x1536.jpg 1480w, https:\/\/monarcshop.fr\/wp-content\/uploads\/2021\/04\/Untitled-1-1974x2048.jpg 1974w, https:\/\/monarcshop.fr\/wp-content\/uploads\/2021\/04\/Untitled-1-12x12.jpg 12w, https:\/\/monarcshop.fr\/wp-content\/uploads\/2021\/04\/Untitled-1-58x60.jpg 58w, https:\/\/monarcshop.fr\/wp-content\/uploads\/2021\/04\/Untitled-1-32x32.jpg 32w, https:\/\/monarcshop.fr\/wp-content\/uploads\/2021\/04\/Untitled-1-568x589.jpg 568w\" sizes=\"auto, (max-width: 987px) 100vw, 987px\" \/><\/a><\/p>\n\n\t\t<\/div>\n\t<\/div>\n<\/div><\/div><\/div><div class=\"wpb_column vc_column_container vc_col-sm-3\"><div class=\"vc_column-inner\"><div class=\"wpb_wrapper\"><div class=\"wpb_gallery wpb_content_element vc_clearfix wpb_content_element\" ><div class=\"wpb_wrapper\"><div class=\"wpb_gallery_slides wpb_flexslider flexslider_fade flexslider\" data-interval=\"3\" data-flex_fx=\"fade\"><ul class=\"slides\"><li><a class=\"\" href=\"https:\/\/monarcshop.fr\/wp-content\/uploads\/2021\/04\/Untitled-1-987x1024.jpg\" data-lightbox=\"lightbox[rel-1215-2701224291]\"><img decoding=\"async\" class=\"\" src=\"https:\/\/monarcshop.fr\/wp-content\/uploads\/2021\/04\/Untitled-1-scaled-400x400.jpg\" width=\"400\" height=\"400\" alt=\"Untitled-1\" title=\"Untitled-1\" loading=\"lazy\" \/><\/a><\/li><li><a class=\"\" href=\"https:\/\/monarcshop.fr\/wp-content\/uploads\/2021\/03\/3-649x1024.png\" data-lightbox=\"lightbox[rel-1215-2701224291]\"><img decoding=\"async\" class=\"\" src=\"https:\/\/monarcshop.fr\/wp-content\/uploads\/2021\/03\/3-400x400.png\" width=\"400\" height=\"400\" alt=\"3\" title=\"3\" loading=\"lazy\" \/><\/a><\/li><li><a class=\"\" href=\"https:\/\/monarcshop.fr\/wp-content\/uploads\/2021\/04\/Traveltheworld-987x1024.jpg\" data-lightbox=\"lightbox[rel-1215-2701224291]\"><img decoding=\"async\" class=\"\" src=\"https:\/\/monarcshop.fr\/wp-content\/uploads\/2021\/04\/Traveltheworld-400x400.jpg\" width=\"400\" height=\"400\" alt=\"Traveltheworld\" title=\"Traveltheworld\" loading=\"lazy\" \/><\/a><\/li><li><a class=\"\" href=\"https:\/\/monarcshop.fr\/wp-content\/uploads\/2021\/01\/MonarcgoldenB-1024x826.png\" data-lightbox=\"lightbox[rel-1215-2701224291]\"><img decoding=\"async\" class=\"\" src=\"https:\/\/monarcshop.fr\/wp-content\/uploads\/2021\/01\/MonarcgoldenB-400x400.png\" width=\"400\" height=\"400\" alt=\"MonarcgoldenB\" title=\"MonarcgoldenB\" loading=\"lazy\" \/><\/a><\/li><\/ul><\/div><\/div><\/div><\/div><\/div><\/div><\/div><div class=\"vc_row wpb_row vc_row-fluid\"><div class=\"wpb_column vc_column_container vc_col-sm-4\"><div class=\"vc_column-inner\"><div class=\"wpb_wrapper\"><\/div><\/div><\/div><div class=\"wpb_column vc_column_container vc_col-sm-4\"><div class=\"vc_column-inner\"><div class=\"wpb_wrapper\">\n\t<div class=\"wpb_text_column wpb_content_element\" >\n\t\t<div class=\"wpb_wrapper\">\n\t\t\t<p><a href=\"https:\/\/www.instagram.com\/monarc_shop\/?hl=fr\" target=\"_blank\" rel=\"noopener\"><img loading=\"lazy\" decoding=\"async\" class=\"wp-image-6044 aligncenter\" src=\"https:\/\/monarcshop.fr\/wp-content\/uploads\/2021\/01\/insta-150x150.png\" alt=\"\" width=\"38\" height=\"38\" srcset=\"https:\/\/monarcshop.fr\/wp-content\/uploads\/2021\/01\/insta-150x150.png 150w, https:\/\/monarcshop.fr\/wp-content\/uploads\/2021\/01\/insta-300x295.png 300w, https:\/\/monarcshop.fr\/wp-content\/uploads\/2021\/01\/insta-12x12.png 12w, https:\/\/monarcshop.fr\/wp-content\/uploads\/2021\/01\/insta-60x60.png 60w, https:\/\/monarcshop.fr\/wp-content\/uploads\/2021\/01\/insta-32x32.png 32w, https:\/\/monarcshop.fr\/wp-content\/uploads\/2021\/01\/insta-348x348.png 348w, https:\/\/monarcshop.fr\/wp-content\/uploads\/2021\/01\/insta.png 362w\" sizes=\"auto, (max-width: 38px) 100vw, 38px\" \/><\/a><\/p>\n\n\t\t<\/div>\n\t<\/div>\n<\/div><\/div><\/div><div class=\"wpb_column vc_column_container vc_col-sm-4\"><div class=\"vc_column-inner\"><div class=\"wpb_wrapper\"><\/div><\/div><\/div><\/div><div class=\"vc_row wpb_row vc_row-fluid\"><div class=\"wpb_column vc_column_container vc_col-sm-12\"><div class=\"vc_column-inner\"><div class=\"wpb_wrapper\"><\/div><\/div><\/div><\/div>\n<\/div>","protected":false},"excerpt":{"rendered":"Qui suis-je ? Mon parcours artistique a commenc\u00e9 d\u00e8s ma plus tendre enfance. Cette passion m\u2019a accompagn\u00e9 tout au long de ma jeunesse. La nature et les animaux sont mes&hellip;","protected":false},"author":1,"featured_media":0,"parent":0,"menu_order":0,"comment_status":"closed","ping_status":"closed","template":"","meta":{"footnotes":""},"class_list":["post-1215","page","type-page","status-publish","hentry"],"yoast_head":"<!-- This site is optimized with the Yoast SEO plugin v27.5 - https:\/\/yoast.com\/product\/yoast-seo-wordpress\/ -->\n<title>Qui sommes-nous ? - Monarc\u00ae<\/title>\n<meta name=\"robots\" content=\"index, follow, max-snippet:-1, max-image-preview:large, max-video-preview:-1\" \/>\n<link rel=\"canonical\" href=\"https:\/\/monarcshop.fr\/en\/qui-sommes-nous\/\" \/>\n<meta property=\"og:locale\" content=\"en_GB\" \/>\n<meta property=\"og:type\" content=\"article\" \/>\n<meta property=\"og:title\" content=\"Qui sommes-nous ? - Monarc\u00ae\" \/>\n<meta property=\"og:url\" content=\"https:\/\/monarcshop.fr\/en\/qui-sommes-nous\/\" \/>\n<meta property=\"og:site_name\" content=\"Monarc\u00ae\" \/>\n<meta property=\"article:modified_time\" content=\"2023-01-24T18:58:53+00:00\" \/>\n<meta property=\"og:image\" content=\"https:\/\/monarcshop.fr\/wp-content\/uploads\/2021\/01\/papillon-monarque-cycle-vie--300x148.png\" \/>\n<meta name=\"twitter:label1\" content=\"Estimated reading time\" \/>\n\t<meta name=\"twitter:data1\" content=\"1 minute\" \/>\n<script type=\"application\/ld+json\" class=\"yoast-schema-graph\">{\"@context\":\"https:\\\/\\\/schema.org\",\"@graph\":[{\"@type\":\"WebPage\",\"@id\":\"https:\\\/\\\/monarcshop.fr\\\/qui-sommes-nous\\\/\",\"url\":\"https:\\\/\\\/monarcshop.fr\\\/qui-sommes-nous\\\/\",\"name\":\"Qui sommes-nous ? - Monarc\u00ae\",\"isPartOf\":{\"@id\":\"https:\\\/\\\/monarcshop.fr\\\/#website\"},\"primaryImageOfPage\":{\"@id\":\"https:\\\/\\\/monarcshop.fr\\\/qui-sommes-nous\\\/#primaryimage\"},\"image\":{\"@id\":\"https:\\\/\\\/monarcshop.fr\\\/qui-sommes-nous\\\/#primaryimage\"},\"thumbnailUrl\":\"https:\\\/\\\/monarcshop.fr\\\/wp-content\\\/uploads\\\/2021\\\/01\\\/papillon-monarque-cycle-vie--300x148.png\",\"datePublished\":\"2020-01-09T21:39:17+00:00\",\"dateModified\":\"2023-01-24T18:58:53+00:00\",\"breadcrumb\":{\"@id\":\"https:\\\/\\\/monarcshop.fr\\\/qui-sommes-nous\\\/#breadcrumb\"},\"inLanguage\":\"en-GB\",\"potentialAction\":[{\"@type\":\"ReadAction\",\"target\":[\"https:\\\/\\\/monarcshop.fr\\\/qui-sommes-nous\\\/\"]}]},{\"@type\":\"ImageObject\",\"inLanguage\":\"en-GB\",\"@id\":\"https:\\\/\\\/monarcshop.fr\\\/qui-sommes-nous\\\/#primaryimage\",\"url\":\"https:\\\/\\\/monarcshop.fr\\\/wp-content\\\/uploads\\\/2021\\\/01\\\/papillon-monarque-cycle-vie--300x148.png\",\"contentUrl\":\"https:\\\/\\\/monarcshop.fr\\\/wp-content\\\/uploads\\\/2021\\\/01\\\/papillon-monarque-cycle-vie--300x148.png\"},{\"@type\":\"BreadcrumbList\",\"@id\":\"https:\\\/\\\/monarcshop.fr\\\/qui-sommes-nous\\\/#breadcrumb\",\"itemListElement\":[{\"@type\":\"ListItem\",\"position\":1,\"name\":\"Accueil\",\"item\":\"https:\\\/\\\/monarcshop.fr\\\/\"},{\"@type\":\"ListItem\",\"position\":2,\"name\":\"Qui sommes-nous ?\"}]},{\"@type\":\"WebSite\",\"@id\":\"https:\\\/\\\/monarcshop.fr\\\/#website\",\"url\":\"https:\\\/\\\/monarcshop.fr\\\/\",\"name\":\"Monarc\u00ae\",\"description\":\"Feel the power\",\"publisher\":{\"@id\":\"https:\\\/\\\/monarcshop.fr\\\/#organization\"},\"potentialAction\":[{\"@type\":\"SearchAction\",\"target\":{\"@type\":\"EntryPoint\",\"urlTemplate\":\"https:\\\/\\\/monarcshop.fr\\\/?s={search_term_string}\"},\"query-input\":{\"@type\":\"PropertyValueSpecification\",\"valueRequired\":true,\"valueName\":\"search_term_string\"}}],\"inLanguage\":\"en-GB\"},{\"@type\":\"Organization\",\"@id\":\"https:\\\/\\\/monarcshop.fr\\\/#organization\",\"name\":\"Monarc\",\"url\":\"https:\\\/\\\/monarcshop.fr\\\/\",\"logo\":{\"@type\":\"ImageObject\",\"inLanguage\":\"en-GB\",\"@id\":\"https:\\\/\\\/monarcshop.fr\\\/#\\\/schema\\\/logo\\\/image\\\/\",\"url\":\"https:\\\/\\\/monarcshop.fr\\\/wp-content\\\/uploads\\\/2020\\\/02\\\/cropped-LogoR.png\",\"contentUrl\":\"https:\\\/\\\/monarcshop.fr\\\/wp-content\\\/uploads\\\/2020\\\/02\\\/cropped-LogoR.png\",\"width\":512,\"height\":512,\"caption\":\"Monarc\"},\"image\":{\"@id\":\"https:\\\/\\\/monarcshop.fr\\\/#\\\/schema\\\/logo\\\/image\\\/\"},\"sameAs\":[\"https:\\\/\\\/www.instagram.com\\\/monarc_shop\\\/?hl=fr\",\"https:\\\/\\\/www.youtube.com\\\/watch?v=bh_8GNdUosU&amp;amp;amp;feature=emb_title&amp;amp;amp;ab_channel=MrGoodLife\"]}]}<\/script>\n<!-- \/ Yoast SEO plugin. -->","yoast_head_json":{"title":"Qui sommes-nous ? - Monarc\u00ae","robots":{"index":"index","follow":"follow","max-snippet":"max-snippet:-1","max-image-preview":"max-image-preview:large","max-video-preview":"max-video-preview:-1"},"canonical":"https:\/\/monarcshop.fr\/en\/qui-sommes-nous\/","og_locale":"en_GB","og_type":"article","og_title":"Qui sommes-nous ? - Monarc\u00ae","og_url":"https:\/\/monarcshop.fr\/en\/qui-sommes-nous\/","og_site_name":"Monarc\u00ae","article_modified_time":"2023-01-24T18:58:53+00:00","og_image":[{"url":"https:\/\/monarcshop.fr\/wp-content\/uploads\/2021\/01\/papillon-monarque-cycle-vie--300x148.png","type":"","width":"","height":""}],"twitter_misc":{"Estimated reading time":"1 minute"},"schema":{"@context":"https:\/\/schema.org","@graph":[{"@type":"WebPage","@id":"https:\/\/monarcshop.fr\/qui-sommes-nous\/","url":"https:\/\/monarcshop.fr\/qui-sommes-nous\/","name":"Qui sommes-nous ? - Monarc\u00ae","isPartOf":{"@id":"https:\/\/monarcshop.fr\/#website"},"primaryImageOfPage":{"@id":"https:\/\/monarcshop.fr\/qui-sommes-nous\/#primaryimage"},"image":{"@id":"https:\/\/monarcshop.fr\/qui-sommes-nous\/#primaryimage"},"thumbnailUrl":"https:\/\/monarcshop.fr\/wp-content\/uploads\/2021\/01\/papillon-monarque-cycle-vie--300x148.png","datePublished":"2020-01-09T21:39:17+00:00","dateModified":"2023-01-24T18:58:53+00:00","breadcrumb":{"@id":"https:\/\/monarcshop.fr\/qui-sommes-nous\/#breadcrumb"},"inLanguage":"en-GB","potentialAction":[{"@type":"ReadAction","target":["https:\/\/monarcshop.fr\/qui-sommes-nous\/"]}]},{"@type":"ImageObject","inLanguage":"en-GB","@id":"https:\/\/monarcshop.fr\/qui-sommes-nous\/#primaryimage","url":"https:\/\/monarcshop.fr\/wp-content\/uploads\/2021\/01\/papillon-monarque-cycle-vie--300x148.png","contentUrl":"https:\/\/monarcshop.fr\/wp-content\/uploads\/2021\/01\/papillon-monarque-cycle-vie--300x148.png"},{"@type":"BreadcrumbList","@id":"https:\/\/monarcshop.fr\/qui-sommes-nous\/#breadcrumb","itemListElement":[{"@type":"ListItem","position":1,"name":"Accueil","item":"https:\/\/monarcshop.fr\/"},{"@type":"ListItem","position":2,"name":"Qui sommes-nous ?"}]},{"@type":"WebSite","@id":"https:\/\/monarcshop.fr\/#website","url":"https:\/\/monarcshop.fr\/","name":"Monarc\u00ae","description":"Feel the power","publisher":{"@id":"https:\/\/monarcshop.fr\/#organization"},"potentialAction":[{"@type":"SearchAction","target":{"@type":"EntryPoint","urlTemplate":"https:\/\/monarcshop.fr\/?s={search_term_string}"},"query-input":{"@type":"PropertyValueSpecification","valueRequired":true,"valueName":"search_term_string"}}],"inLanguage":"en-GB"},{"@type":"Organization","@id":"https:\/\/monarcshop.fr\/#organization","name":"Monarc","url":"https:\/\/monarcshop.fr\/","logo":{"@type":"ImageObject","inLanguage":"en-GB","@id":"https:\/\/monarcshop.fr\/#\/schema\/logo\/image\/","url":"https:\/\/monarcshop.fr\/wp-content\/uploads\/2020\/02\/cropped-LogoR.png","contentUrl":"https:\/\/monarcshop.fr\/wp-content\/uploads\/2020\/02\/cropped-LogoR.png","width":512,"height":512,"caption":"Monarc"},"image":{"@id":"https:\/\/monarcshop.fr\/#\/schema\/logo\/image\/"},"sameAs":["https:\/\/www.instagram.com\/monarc_shop\/?hl=fr","https:\/\/www.youtube.com\/watch?v=bh_8GNdUosU&amp;amp;amp;feature=emb_title&amp;amp;amp;ab_channel=MrGoodLife"]}]}},"_links":{"self":[{"href":"https:\/\/monarcshop.fr\/en\/wp-json\/wp\/v2\/pages\/1215","targetHints":{"allow":["GET"]}}],"collection":[{"href":"https:\/\/monarcshop.fr\/en\/wp-json\/wp\/v2\/pages"}],"about":[{"href":"https:\/\/monarcshop.fr\/en\/wp-json\/wp\/v2\/types\/page"}],"author":[{"embeddable":true,"href":"https:\/\/monarcshop.fr\/en\/wp-json\/wp\/v2\/users\/1"}],"replies":[{"embeddable":true,"href":"https:\/\/monarcshop.fr\/en\/wp-json\/wp\/v2\/comments?post=1215"}],"version-history":[{"count":58,"href":"https:\/\/monarcshop.fr\/en\/wp-json\/wp\/v2\/pages\/1215\/revisions"}],"predecessor-version":[{"id":7495,"href":"https:\/\/monarcshop.fr\/en\/wp-json\/wp\/v2\/pages\/1215\/revisions\/7495"}],"wp:attachment":[{"href":"https:\/\/monarcshop.fr\/en\/wp-json\/wp\/v2\/media?parent=1215"}],"curies":[{"name":"wp","href":"https:\/\/api.w.org\/{rel}","templated":true}]}}